{"id":1431,"date":"2020-04-28T17:40:36","date_gmt":"2020-04-28T17:40:36","guid":{"rendered":"http:\/\/piedranegra.net\/index.php\/product\/import-placeholder-for-712\/"},"modified":"2024-08-12T19:23:11","modified_gmt":"2024-08-12T19:23:11","slug":"bogui-multifuncional-cod-712","status":"publish","type":"product","link":"https:\/\/piedranegra.net\/index.php\/product\/bogui-multifuncional-cod-712\/","title":{"rendered":"Bogui Multifuncional Cod: 712"},"content":{"rendered":"<p>Con m\u00e1s de 12 formas de uso, y 12 a\u00f1os en el mercado Costarricense la hacen la favorita de todos los amantes del deporte por su versatilidad de uso, tanto para climas Fr\u00edos o Calientes.<\/p>\n<p>&nbsp;<\/p>\n<p>*Bogui Original*: nuestras bandanas originales sin Costuras, Multiusos, confeccionadas de Microfibra de Poli\u00e9ster reciclada, tienen una protecci\u00f3n UV de 20 FPS contra los rayos ultravioleta.<\/p>\n<p>*Bogui Thermal*: esta tela sin costuras, suave al tacto en la parte interior, y con protecci\u00f3n 50FPS contra los rayos ultravioletas; permite realizar confortablemente actividades en climas Fr\u00edos, Caminatas, Paseos, Camping y m\u00e1s<\/p>\n<p>La Tecnolog\u00eda Thermal, es tambi\u00e9n un excelente Cortavientos ( WindBreaker) para esos lugares muy ventosos.<\/p>\n<p>*Bogui Cool*: nuestra nueva tela spandex sin costuras, da mayor elasticidad y frescura, perfecta para Ciclismo, Pesca, ATV Rides y Running. Este nuevo compuesto al mojarse ya sea con el sudor o agua, enfr\u00eda la tela haciendo perfecta para climas calientes.<\/p>\n<p>Con factor 50 FPS contra los rayos ultravioletas, el da al usuario una capa protector contra el UV.<\/p>\n<p>&nbsp;<\/p>\n","protected":false},"excerpt":{"rendered":"<p>Bogui Multifuncional<\/p>\n","protected":false},"featured_media":3409,"comment_status":"open","ping_status":"closed","template":"","meta":[],"product_cat":[102],"product_tag":[77,76,78],"class_list":{"0":"post-1431","1":"product","2":"type-product","3":"status-publish","4":"has-post-thumbnail","6":"product_cat-montanas","7":"product_tag-madera","8":"product_tag-montana","9":"product_tag-trail-running","10":"product_shipping_class-boguis","12":"first","13":"instock","14":"taxable","15":"shipping-taxable","16":"purchasable","17":"product-type-variable"},"jetpack_sharing_enabled":true,"_links":{"self":[{"href":"https:\/\/piedranegra.net\/index.php\/wp-json\/wp\/v2\/product\/1431"}],"collection":[{"href":"https:\/\/piedranegra.net\/index.php\/wp-json\/wp\/v2\/product"}],"about":[{"href":"https:\/\/piedranegra.net\/index.php\/wp-json\/wp\/v2\/types\/product"}],"replies":[{"embeddable":true,"href":"https:\/\/piedranegra.net\/index.php\/wp-json\/wp\/v2\/comments?post=1431"}],"version-history":[{"count":2,"href":"https:\/\/piedranegra.net\/index.php\/wp-json\/wp\/v2\/product\/1431\/revisions"}],"predecessor-version":[{"id":16572,"href":"https:\/\/piedranegra.net\/index.php\/wp-json\/wp\/v2\/product\/1431\/revisions\/16572"}],"wp:featuredmedia":[{"embeddable":true,"href":"https:\/\/piedranegra.net\/index.php\/wp-json\/wp\/v2\/media\/3409"}],"wp:attachment":[{"href":"https:\/\/piedranegra.net\/index.php\/wp-json\/wp\/v2\/media?parent=1431"}],"wp:term":[{"taxonomy":"product_cat","embeddable":true,"href":"https:\/\/piedranegra.net\/index.php\/wp-json\/wp\/v2\/product_cat?post=1431"},{"taxonomy":"product_tag","embeddable":true,"href":"https:\/\/piedranegra.net\/index.php\/wp-json\/wp\/v2\/product_tag?post=1431"}],"curies":[{"name":"wp","href":"https:\/\/api.w.org\/{rel}","templated":true}]}}