{"id":17171,"date":"2024-08-19T16:56:46","date_gmt":"2024-08-19T16:56:46","guid":{"rendered":"https:\/\/piedranegra.net\/?post_type=product&#038;p=17171"},"modified":"2024-08-31T14:58:57","modified_gmt":"2024-08-31T14:58:57","slug":"quemador-a-gas","status":"publish","type":"product","link":"https:\/\/piedranegra.net\/index.php\/product\/quemador-a-gas\/","title":{"rendered":"Cocina Plegable NH17L040-T NH21RJ009"},"content":{"rendered":"<p>Ligero y port\u00e1til: Con un peso total de 0.25 kg , esta cocina port\u00e1til es f\u00e1cil de transportar, ideal para mochileros y campistas. F\u00e1cil montaje y uso: Sistema de montaje intuitivo que permite armar y desarmar la cocina en pocos minutos sin necesidad de herramientas adicionales. Alta eficiencia: La potencia de 3500W<\/p>\n","protected":false},"excerpt":{"rendered":"<p>Ligero y port\u00e1til: Con un peso total de 0.25 kg , esta cocina port\u00e1til es f\u00e1cil de transportar, ideal para<\/p>\n","protected":false},"featured_media":17852,"comment_status":"open","ping_status":"closed","template":"","meta":[],"product_cat":[22,141],"product_tag":[],"class_list":{"0":"post-17171","1":"product","2":"type-product","3":"status-publish","4":"has-post-thumbnail","6":"product_cat-camping","7":"product_cat-cocinas","9":"first","10":"instock","11":"taxable","12":"shipping-taxable","13":"purchasable","14":"product-type-simple"},"jetpack_sharing_enabled":true,"_links":{"self":[{"href":"https:\/\/piedranegra.net\/index.php\/wp-json\/wp\/v2\/product\/17171"}],"collection":[{"href":"https:\/\/piedranegra.net\/index.php\/wp-json\/wp\/v2\/product"}],"about":[{"href":"https:\/\/piedranegra.net\/index.php\/wp-json\/wp\/v2\/types\/product"}],"replies":[{"embeddable":true,"href":"https:\/\/piedranegra.net\/index.php\/wp-json\/wp\/v2\/comments?post=17171"}],"version-history":[{"count":5,"href":"https:\/\/piedranegra.net\/index.php\/wp-json\/wp\/v2\/product\/17171\/revisions"}],"predecessor-version":[{"id":17853,"href":"https:\/\/piedranegra.net\/index.php\/wp-json\/wp\/v2\/product\/17171\/revisions\/17853"}],"wp:featuredmedia":[{"embeddable":true,"href":"https:\/\/piedranegra.net\/index.php\/wp-json\/wp\/v2\/media\/17852"}],"wp:attachment":[{"href":"https:\/\/piedranegra.net\/index.php\/wp-json\/wp\/v2\/media?parent=17171"}],"wp:term":[{"taxonomy":"product_cat","embeddable":true,"href":"https:\/\/piedranegra.net\/index.php\/wp-json\/wp\/v2\/product_cat?post=17171"},{"taxonomy":"product_tag","embeddable":true,"href":"https:\/\/piedranegra.net\/index.php\/wp-json\/wp\/v2\/product_tag?post=17171"}],"curies":[{"name":"wp","href":"https:\/\/api.w.org\/{rel}","templated":true}]}}