{"id":17348,"date":"2024-08-21T15:54:32","date_gmt":"2024-08-21T15:54:32","guid":{"rendered":"https:\/\/piedranegra.net\/?post_type=product&#038;p=17348"},"modified":"2025-01-13T06:07:44","modified_gmt":"2025-01-13T06:07:44","slug":"aonijie-visera-e411313-023","status":"publish","type":"product","link":"https:\/\/piedranegra.net\/index.php\/product\/aonijie-visera-e411313-023\/","title":{"rendered":"AONIJIE Visera E411313-023"},"content":{"rendered":"<p>Caracter\u00edsticas del producto:<br \/>\n*Material que no est\u00e9 h\u00famedo y sea c\u00f3modo de usar.<br \/>\n*Se siente suave y amigable con la piel cuando se usa.<br \/>\n*Correa el\u00e1stica ajustable, se puede ajustar a la circunferencia de la cabeza, con un ancho de 3,2 cm para un uso m\u00e1s c\u00f3modo.<br \/>\n*La gorra solar es m\u00e1s larga para proteger las zonas sensibles del rostro de la luz solar.<br \/>\n*Gorro dise\u00f1ado con material de banda para el sudor en el interior para absorber el sudor.<br \/>\n*Costuras adicionales en las partes vulnerables, para que la correa sea m\u00e1s duradera<br \/>\n*Tiras reflectantes en la gorra para el sol para mayor seguridad durante la noche.<br \/>\n*F\u00e1cil de lavar y limpiar<br \/>\n*Adecuado para trotar, correr ligero, correr largas distancias, maratones, andar en bicicleta y viajar.<\/p>\n","protected":false},"excerpt":{"rendered":"<p>Caracter\u00edsticas del producto: *Material que no est\u00e9 h\u00famedo y sea c\u00f3modo de usar. *Se siente suave y amigable con la<\/p>\n","protected":false},"featured_media":17976,"comment_status":"open","ping_status":"closed","template":"","meta":[],"product_cat":[23,21,119],"product_tag":[],"class_list":{"0":"post-17348","1":"product","2":"type-product","3":"status-publish","4":"has-post-thumbnail","6":"product_cat-senderismo","7":"product_cat-trailrunning","8":"product_cat-accesorios","10":"first","11":"instock","12":"taxable","13":"shipping-taxable","14":"product-type-variable"},"jetpack_sharing_enabled":true,"_links":{"self":[{"href":"https:\/\/piedranegra.net\/index.php\/wp-json\/wp\/v2\/product\/17348"}],"collection":[{"href":"https:\/\/piedranegra.net\/index.php\/wp-json\/wp\/v2\/product"}],"about":[{"href":"https:\/\/piedranegra.net\/index.php\/wp-json\/wp\/v2\/types\/product"}],"replies":[{"embeddable":true,"href":"https:\/\/piedranegra.net\/index.php\/wp-json\/wp\/v2\/comments?post=17348"}],"version-history":[{"count":2,"href":"https:\/\/piedranegra.net\/index.php\/wp-json\/wp\/v2\/product\/17348\/revisions"}],"predecessor-version":[{"id":17977,"href":"https:\/\/piedranegra.net\/index.php\/wp-json\/wp\/v2\/product\/17348\/revisions\/17977"}],"wp:featuredmedia":[{"embeddable":true,"href":"https:\/\/piedranegra.net\/index.php\/wp-json\/wp\/v2\/media\/17976"}],"wp:attachment":[{"href":"https:\/\/piedranegra.net\/index.php\/wp-json\/wp\/v2\/media?parent=17348"}],"wp:term":[{"taxonomy":"product_cat","embeddable":true,"href":"https:\/\/piedranegra.net\/index.php\/wp-json\/wp\/v2\/product_cat?post=17348"},{"taxonomy":"product_tag","embeddable":true,"href":"https:\/\/piedranegra.net\/index.php\/wp-json\/wp\/v2\/product_tag?post=17348"}],"curies":[{"name":"wp","href":"https:\/\/api.w.org\/{rel}","templated":true}]}}