{"id":17367,"date":"2024-08-21T17:35:15","date_gmt":"2024-08-21T17:35:15","guid":{"rendered":"https:\/\/piedranegra.net\/?post_type=product&#038;p=17367"},"modified":"2024-08-31T14:47:19","modified_gmt":"2024-08-31T14:47:19","slug":"visera-para-trail-running-kailas-nebular","status":"publish","type":"product","link":"https:\/\/piedranegra.net\/index.php\/product\/visera-para-trail-running-kailas-nebular\/","title":{"rendered":"Visera para trail running Kailas Nebular"},"content":{"rendered":"<p><strong>Caracter\u00edsticas:<\/strong><br \/>\n\u25cf Tejido UPF40+ ligero, repelente al agua y de secado r\u00e1pido para<br \/>\ndiferentes condiciones clim\u00e1ticas<br \/>\n\u25cf El borde plegable permite guardarlo f\u00e1cilmente<br \/>\n\u25cf La banda para el sudor est\u00e1 tratada con tecnolog\u00eda avanzada de control de olores de iones de plata, que no solo elimina el olor sino que tambi\u00e9n previene el crecimiento de bacterias<br \/>\n\u25cf Cord\u00f3n y hebilla ajustables en la parte posterior para varias circunferencias de cabeza<br \/>\n\u25cf Orificios para gafas en ambos lados<br \/>\n\u25cf Dise\u00f1o reflectante para visibilidad nocturna<\/p>\n","protected":false},"excerpt":{"rendered":"<p>Caracter\u00edsticas: \u25cf Tejido UPF40+ ligero, repelente al agua y de secado r\u00e1pido para diferentes condiciones clim\u00e1ticas \u25cf El borde plegable<\/p>\n","protected":false},"featured_media":17848,"comment_status":"open","ping_status":"closed","template":"","meta":[],"product_cat":[119,23,21],"product_tag":[],"class_list":{"0":"post-17367","1":"product","2":"type-product","3":"status-publish","4":"has-post-thumbnail","6":"product_cat-accesorios","7":"product_cat-senderismo","8":"product_cat-trailrunning","10":"first","11":"instock","12":"taxable","13":"shipping-taxable","14":"purchasable","15":"product-type-variable"},"jetpack_sharing_enabled":true,"_links":{"self":[{"href":"https:\/\/piedranegra.net\/index.php\/wp-json\/wp\/v2\/product\/17367"}],"collection":[{"href":"https:\/\/piedranegra.net\/index.php\/wp-json\/wp\/v2\/product"}],"about":[{"href":"https:\/\/piedranegra.net\/index.php\/wp-json\/wp\/v2\/types\/product"}],"replies":[{"embeddable":true,"href":"https:\/\/piedranegra.net\/index.php\/wp-json\/wp\/v2\/comments?post=17367"}],"version-history":[{"count":2,"href":"https:\/\/piedranegra.net\/index.php\/wp-json\/wp\/v2\/product\/17367\/revisions"}],"predecessor-version":[{"id":17376,"href":"https:\/\/piedranegra.net\/index.php\/wp-json\/wp\/v2\/product\/17367\/revisions\/17376"}],"wp:featuredmedia":[{"embeddable":true,"href":"https:\/\/piedranegra.net\/index.php\/wp-json\/wp\/v2\/media\/17848"}],"wp:attachment":[{"href":"https:\/\/piedranegra.net\/index.php\/wp-json\/wp\/v2\/media?parent=17367"}],"wp:term":[{"taxonomy":"product_cat","embeddable":true,"href":"https:\/\/piedranegra.net\/index.php\/wp-json\/wp\/v2\/product_cat?post=17367"},{"taxonomy":"product_tag","embeddable":true,"href":"https:\/\/piedranegra.net\/index.php\/wp-json\/wp\/v2\/product_tag?post=17367"}],"curies":[{"name":"wp","href":"https:\/\/api.w.org\/{rel}","templated":true}]}}