{"id":17475,"date":"2024-08-22T15:28:08","date_gmt":"2024-08-22T15:28:08","guid":{"rendered":"https:\/\/piedranegra.net\/?post_type=product&#038;p=17475"},"modified":"2025-06-06T16:28:31","modified_gmt":"2025-06-06T16:28:31","slug":"kailas-sombrero-kf2311503","status":"publish","type":"product","link":"https:\/\/piedranegra.net\/index.php\/product\/kailas-sombrero-kf2311503\/","title":{"rendered":"Kailas Sombrero  KF2311503"},"content":{"rendered":"<p>Las inserciones de malla mejoran la circulaci\u00f3n del aire, lo que mantiene un microclima confortable incluso en climas c\u00e1lidos.<br \/>\nEl sombrero est\u00e1 equipado con protecci\u00f3n facial extra\u00edble y protecci\u00f3n para el cuello contra los rayos del sol.<br \/>\nUna cinta absorbente especial elimina eficazmente el sudor.<br \/>\nEl tratamiento antibacteriano de la cinta eliminadora de vapor con iones de plata evita la formaci\u00f3n de olores desagradables.<br \/>\nLa talla se puede ajustar con un cord\u00f3n con cierre en la parte trasera del sombrero panam\u00e1.<\/p>\n","protected":false},"excerpt":{"rendered":"<p>Las inserciones de malla mejoran la circulaci\u00f3n del aire, lo que mantiene un microclima confortable incluso en climas c\u00e1lidos. El<\/p>\n","protected":false},"featured_media":17844,"comment_status":"open","ping_status":"closed","template":"","meta":[],"product_cat":[144,22,23],"product_tag":[],"class_list":{"0":"post-17475","1":"product","2":"type-product","3":"status-publish","4":"has-post-thumbnail","6":"product_cat-accesorios-hiking","7":"product_cat-camping","8":"product_cat-senderismo","10":"first","11":"instock","12":"taxable","13":"shipping-taxable","14":"purchasable","15":"product-type-variable"},"jetpack_sharing_enabled":true,"_links":{"self":[{"href":"https:\/\/piedranegra.net\/index.php\/wp-json\/wp\/v2\/product\/17475"}],"collection":[{"href":"https:\/\/piedranegra.net\/index.php\/wp-json\/wp\/v2\/product"}],"about":[{"href":"https:\/\/piedranegra.net\/index.php\/wp-json\/wp\/v2\/types\/product"}],"replies":[{"embeddable":true,"href":"https:\/\/piedranegra.net\/index.php\/wp-json\/wp\/v2\/comments?post=17475"}],"version-history":[{"count":1,"href":"https:\/\/piedranegra.net\/index.php\/wp-json\/wp\/v2\/product\/17475\/revisions"}],"predecessor-version":[{"id":17478,"href":"https:\/\/piedranegra.net\/index.php\/wp-json\/wp\/v2\/product\/17475\/revisions\/17478"}],"wp:featuredmedia":[{"embeddable":true,"href":"https:\/\/piedranegra.net\/index.php\/wp-json\/wp\/v2\/media\/17844"}],"wp:attachment":[{"href":"https:\/\/piedranegra.net\/index.php\/wp-json\/wp\/v2\/media?parent=17475"}],"wp:term":[{"taxonomy":"product_cat","embeddable":true,"href":"https:\/\/piedranegra.net\/index.php\/wp-json\/wp\/v2\/product_cat?post=17475"},{"taxonomy":"product_tag","embeddable":true,"href":"https:\/\/piedranegra.net\/index.php\/wp-json\/wp\/v2\/product_tag?post=17475"}],"curies":[{"name":"wp","href":"https:\/\/api.w.org\/{rel}","templated":true}]}}