{"id":17716,"date":"2024-08-24T20:21:12","date_gmt":"2024-08-24T20:21:12","guid":{"rendered":"https:\/\/piedranegra.net\/?post_type=product&#038;p=17716"},"modified":"2024-08-30T14:32:41","modified_gmt":"2024-08-30T14:32:41","slug":"estaca-para-tienda-18-cm-nh15a005-l","status":"publish","type":"product","link":"https:\/\/piedranegra.net\/index.php\/product\/estaca-para-tienda-18-cm-nh15a005-l\/","title":{"rendered":"Estaca para tienda 18 cm NH15A005-l Azul"},"content":{"rendered":"<p>\u2022\u00a0Hecho de aleaci\u00f3n de aluminio, m\u00e1s fuerte, m\u00e1s ligero y no se dobla f\u00e1cilmente.<\/p>\n<p>\u2022 Terminales c\u00f3nicas para una f\u00e1cil clavada en el suelo, 8 unidades<\/p>\n<p>\u2022\u00a0Con 2 formas de atar la estaca, la cuerda se puede insertar en el agujero\u00a0o se puede envolver alrededor del cuello de la misma.<\/p>\n<p>\u2022\u00a0Adecuado para camping, senderismo y picnic.<\/p>\n<p>&nbsp;<\/p>\n","protected":false},"excerpt":{"rendered":"<p>\u2022\u00a0Hecho de aleaci\u00f3n de aluminio, m\u00e1s fuerte, m\u00e1s ligero y no se dobla f\u00e1cilmente. \u2022 Terminales c\u00f3nicas para una f\u00e1cil<\/p>\n","protected":false},"featured_media":17793,"comment_status":"open","ping_status":"closed","template":"","meta":[],"product_cat":[22,154],"product_tag":[],"class_list":{"0":"post-17716","1":"product","2":"type-product","3":"status-publish","4":"has-post-thumbnail","6":"product_cat-camping","7":"product_cat-tiendas-de-acampar","9":"first","10":"instock","11":"taxable","12":"shipping-taxable","13":"purchasable","14":"product-type-simple"},"jetpack_sharing_enabled":true,"_links":{"self":[{"href":"https:\/\/piedranegra.net\/index.php\/wp-json\/wp\/v2\/product\/17716"}],"collection":[{"href":"https:\/\/piedranegra.net\/index.php\/wp-json\/wp\/v2\/product"}],"about":[{"href":"https:\/\/piedranegra.net\/index.php\/wp-json\/wp\/v2\/types\/product"}],"replies":[{"embeddable":true,"href":"https:\/\/piedranegra.net\/index.php\/wp-json\/wp\/v2\/comments?post=17716"}],"version-history":[{"count":2,"href":"https:\/\/piedranegra.net\/index.php\/wp-json\/wp\/v2\/product\/17716\/revisions"}],"predecessor-version":[{"id":17721,"href":"https:\/\/piedranegra.net\/index.php\/wp-json\/wp\/v2\/product\/17716\/revisions\/17721"}],"wp:featuredmedia":[{"embeddable":true,"href":"https:\/\/piedranegra.net\/index.php\/wp-json\/wp\/v2\/media\/17793"}],"wp:attachment":[{"href":"https:\/\/piedranegra.net\/index.php\/wp-json\/wp\/v2\/media?parent=17716"}],"wp:term":[{"taxonomy":"product_cat","embeddable":true,"href":"https:\/\/piedranegra.net\/index.php\/wp-json\/wp\/v2\/product_cat?post=17716"},{"taxonomy":"product_tag","embeddable":true,"href":"https:\/\/piedranegra.net\/index.php\/wp-json\/wp\/v2\/product_tag?post=17716"}],"curies":[{"name":"wp","href":"https:\/\/api.w.org\/{rel}","templated":true}]}}