{"id":17732,"date":"2024-08-26T16:22:12","date_gmt":"2024-08-26T16:22:12","guid":{"rendered":"https:\/\/piedranegra.net\/?post_type=product&#038;p=17732"},"modified":"2024-08-29T20:47:36","modified_gmt":"2024-08-29T20:47:36","slug":"cortavientos-para-cocina-nh20cj008","status":"publish","type":"product","link":"https:\/\/piedranegra.net\/index.php\/product\/cortavientos-para-cocina-nh20cj008\/","title":{"rendered":"Cortavientos para cocina NH20CJ008"},"content":{"rendered":"<p>Pantalla cortavientos para el calentador, consta de diez secciones . Est\u00e1 hecho de un material liviano: una aleaci\u00f3n de aluminio con una cubierta reflectante del calor. El uso de protecci\u00f3n contra el viento garantiza el ahorro de combustible y aumenta la eficiencia del calentador durante vientos fuertes. La altura del paravientos es de 24 cm . Ancho de una secci\u00f3n &#8211; 8,5 cm. Largo &#8211; 85 cm. Las secciones se pueden complementar si es necesario para llevar. Incluye funda de almacenamiento.<\/p>\n","protected":false},"excerpt":{"rendered":"<p>Pantalla cortavientos para el calentador, consta de diez secciones . Est\u00e1 hecho de un material liviano: una aleaci\u00f3n de aluminio<\/p>\n","protected":false},"featured_media":17789,"comment_status":"open","ping_status":"closed","template":"","meta":[],"product_cat":[22,141],"product_tag":[],"class_list":{"0":"post-17732","1":"product","2":"type-product","3":"status-publish","4":"has-post-thumbnail","6":"product_cat-camping","7":"product_cat-cocinas","9":"first","10":"instock","11":"taxable","12":"shipping-taxable","13":"purchasable","14":"product-type-simple"},"jetpack_sharing_enabled":true,"_links":{"self":[{"href":"https:\/\/piedranegra.net\/index.php\/wp-json\/wp\/v2\/product\/17732"}],"collection":[{"href":"https:\/\/piedranegra.net\/index.php\/wp-json\/wp\/v2\/product"}],"about":[{"href":"https:\/\/piedranegra.net\/index.php\/wp-json\/wp\/v2\/types\/product"}],"replies":[{"embeddable":true,"href":"https:\/\/piedranegra.net\/index.php\/wp-json\/wp\/v2\/comments?post=17732"}],"version-history":[{"count":2,"href":"https:\/\/piedranegra.net\/index.php\/wp-json\/wp\/v2\/product\/17732\/revisions"}],"predecessor-version":[{"id":17788,"href":"https:\/\/piedranegra.net\/index.php\/wp-json\/wp\/v2\/product\/17732\/revisions\/17788"}],"wp:featuredmedia":[{"embeddable":true,"href":"https:\/\/piedranegra.net\/index.php\/wp-json\/wp\/v2\/media\/17789"}],"wp:attachment":[{"href":"https:\/\/piedranegra.net\/index.php\/wp-json\/wp\/v2\/media?parent=17732"}],"wp:term":[{"taxonomy":"product_cat","embeddable":true,"href":"https:\/\/piedranegra.net\/index.php\/wp-json\/wp\/v2\/product_cat?post=17732"},{"taxonomy":"product_tag","embeddable":true,"href":"https:\/\/piedranegra.net\/index.php\/wp-json\/wp\/v2\/product_tag?post=17732"}],"curies":[{"name":"wp","href":"https:\/\/api.w.org\/{rel}","templated":true}]}}