{"id":17752,"date":"2024-08-26T17:33:34","date_gmt":"2024-08-26T17:33:34","guid":{"rendered":"https:\/\/piedranegra.net\/?post_type=product&#038;p=17752"},"modified":"2024-08-29T19:34:40","modified_gmt":"2024-08-29T19:34:40","slug":"set-de-cubiertos-nh19t011-d","status":"publish","type":"product","link":"https:\/\/piedranegra.net\/index.php\/product\/set-de-cubiertos-nh19t011-d\/","title":{"rendered":"Set de cubiertos NH19T011-D"},"content":{"rendered":"<ul class=\"\">\n<li class=\"\">Los materiales de titanio son ligeros y duraderos.<\/li>\n<li class=\"\">Proceso de chorro de arena de superficie, antiadherente para huellas dactilares, color m\u00e1s uniforme.<\/li>\n<li class=\"\">Peso ligero, tama\u00f1o peque\u00f1o, m\u00e1s c\u00f3modo de llevar.<\/li>\n<li class=\"\">Juego de 3, cubiertos<\/li>\n<\/ul>\n","protected":false},"excerpt":{"rendered":"<p>Los materiales de titanio son ligeros y duraderos. Proceso de chorro de arena de superficie, antiadherente para huellas dactilares, color<\/p>\n","protected":false},"featured_media":17779,"comment_status":"open","ping_status":"closed","template":"","meta":[],"product_cat":[22,141],"product_tag":[],"class_list":{"0":"post-17752","1":"product","2":"type-product","3":"status-publish","4":"has-post-thumbnail","6":"product_cat-camping","7":"product_cat-cocinas","9":"first","10":"instock","11":"taxable","12":"shipping-taxable","13":"purchasable","14":"product-type-simple"},"jetpack_sharing_enabled":true,"_links":{"self":[{"href":"https:\/\/piedranegra.net\/index.php\/wp-json\/wp\/v2\/product\/17752"}],"collection":[{"href":"https:\/\/piedranegra.net\/index.php\/wp-json\/wp\/v2\/product"}],"about":[{"href":"https:\/\/piedranegra.net\/index.php\/wp-json\/wp\/v2\/types\/product"}],"replies":[{"embeddable":true,"href":"https:\/\/piedranegra.net\/index.php\/wp-json\/wp\/v2\/comments?post=17752"}],"version-history":[{"count":2,"href":"https:\/\/piedranegra.net\/index.php\/wp-json\/wp\/v2\/product\/17752\/revisions"}],"predecessor-version":[{"id":17756,"href":"https:\/\/piedranegra.net\/index.php\/wp-json\/wp\/v2\/product\/17752\/revisions\/17756"}],"wp:featuredmedia":[{"embeddable":true,"href":"https:\/\/piedranegra.net\/index.php\/wp-json\/wp\/v2\/media\/17779"}],"wp:attachment":[{"href":"https:\/\/piedranegra.net\/index.php\/wp-json\/wp\/v2\/media?parent=17752"}],"wp:term":[{"taxonomy":"product_cat","embeddable":true,"href":"https:\/\/piedranegra.net\/index.php\/wp-json\/wp\/v2\/product_cat?post=17752"},{"taxonomy":"product_tag","embeddable":true,"href":"https:\/\/piedranegra.net\/index.php\/wp-json\/wp\/v2\/product_tag?post=17752"}],"curies":[{"name":"wp","href":"https:\/\/api.w.org\/{rel}","templated":true}]}}