{"id":17762,"date":"2024-08-29T14:14:25","date_gmt":"2024-08-29T14:14:25","guid":{"rendered":"https:\/\/piedranegra.net\/?post_type=product&#038;p=17762"},"modified":"2024-10-04T15:46:41","modified_gmt":"2024-10-04T15:46:41","slug":"binocular-hornet-8x22mm-compact-binoculars-carson-ht-822","status":"publish","type":"product","link":"https:\/\/piedranegra.net\/index.php\/product\/binocular-hornet-8x22mm-compact-binoculars-carson-ht-822\/","title":{"rendered":"Binocular Hornet 8x22mm Compact Binoculars &#8211; Carson  HT-822"},"content":{"rendered":"<div class=\"woocommerce-product-details__short-description\">\n<p>El HT-822, Hornet\u2122 es un binocular liviano y compacto de 8&#215;22 mm para conciertos, eventos deportivos, caminatas y campamentos. Tiene lentes con revestimiento m\u00faltiple completo. El binocular Hornet\u2122 tiene una perilla de enfoque central con una dioptr\u00eda derecha independiente para ajustar la m\u00e1xima flexibilidad de enfoque para todo tipo de visi\u00f3n. Estos binoculares cuentan con copas oculares enrollables para usuarios de anteojos. Los accesorios incluyen: una bolsa, cubiertas para lentes, una correa para la mu\u00f1eca y un pa\u00f1o de microfibra para lentes.<\/p>\n<\/div>\n<div class=\"mh-product-video\"><\/div>\n","protected":false},"excerpt":{"rendered":"<p>El HT-822, Hornet\u2122 es un binocular liviano y compacto de 8&#215;22 mm para conciertos, eventos deportivos, caminatas y campamentos. Tiene<\/p>\n","protected":false},"featured_media":17778,"comment_status":"open","ping_status":"closed","template":"","meta":[],"product_cat":[22,23,276],"product_tag":[],"class_list":{"0":"post-17762","1":"product","2":"type-product","3":"status-publish","4":"has-post-thumbnail","6":"product_cat-camping","7":"product_cat-senderismo","8":"product_cat-binoculares","10":"first","11":"instock","12":"taxable","13":"shipping-taxable","14":"purchasable","15":"product-type-simple"},"jetpack_sharing_enabled":true,"_links":{"self":[{"href":"https:\/\/piedranegra.net\/index.php\/wp-json\/wp\/v2\/product\/17762"}],"collection":[{"href":"https:\/\/piedranegra.net\/index.php\/wp-json\/wp\/v2\/product"}],"about":[{"href":"https:\/\/piedranegra.net\/index.php\/wp-json\/wp\/v2\/types\/product"}],"replies":[{"embeddable":true,"href":"https:\/\/piedranegra.net\/index.php\/wp-json\/wp\/v2\/comments?post=17762"}],"version-history":[{"count":2,"href":"https:\/\/piedranegra.net\/index.php\/wp-json\/wp\/v2\/product\/17762\/revisions"}],"predecessor-version":[{"id":18550,"href":"https:\/\/piedranegra.net\/index.php\/wp-json\/wp\/v2\/product\/17762\/revisions\/18550"}],"wp:featuredmedia":[{"embeddable":true,"href":"https:\/\/piedranegra.net\/index.php\/wp-json\/wp\/v2\/media\/17778"}],"wp:attachment":[{"href":"https:\/\/piedranegra.net\/index.php\/wp-json\/wp\/v2\/media?parent=17762"}],"wp:term":[{"taxonomy":"product_cat","embeddable":true,"href":"https:\/\/piedranegra.net\/index.php\/wp-json\/wp\/v2\/product_cat?post=17762"},{"taxonomy":"product_tag","embeddable":true,"href":"https:\/\/piedranegra.net\/index.php\/wp-json\/wp\/v2\/product_tag?post=17762"}],"curies":[{"name":"wp","href":"https:\/\/api.w.org\/{rel}","templated":true}]}}