{"id":17931,"date":"2024-10-04T15:31:33","date_gmt":"2024-10-04T15:31:33","guid":{"rendered":"https:\/\/piedranegra.net\/?post_type=product&#038;p=17931"},"modified":"2024-11-04T23:24:33","modified_gmt":"2024-11-04T23:24:33","slug":"binocular-trailmaxx-10x25mm-compact-binoculars-carson","status":"publish","type":"product","link":"https:\/\/piedranegra.net\/index.php\/product\/binocular-trailmaxx-10x25mm-compact-binoculars-carson\/","title":{"rendered":"Binocular TrailMaxx 10x25mm Compact Binoculars &#8211; Carson"},"content":{"rendered":"<p>Los binoculares TrailMaxx\u2122 TM-025 de 10 x 25 mm son extremadamente duraderos, compactos y livianos. Con un peso de solo 0,61 libras, son los binoculares perfectos para llevar a conciertos, eventos deportivos, campamentos, caminatas, viajes y mucho m\u00e1s. Los binoculares TrailMaxx\u2122 tienen una perilla de enfoque central con cilindros que se pliegan para facilitar su almacenamiento. Las lentes con revestimiento m\u00faltiple permiten obtener im\u00e1genes n\u00edtidas. Los oculares giratorios hacia arriba y hacia abajo permiten ver con anteojos. Los binoculares TrailMaxx\u2122 vienen incluidos con una funda, correa y pa\u00f1o para lentes.<\/p>\n","protected":false},"excerpt":{"rendered":"<p>Los binoculares TrailMaxx\u2122 TM-025 de 10 x 25 mm son extremadamente duraderos, compactos y livianos. Con un peso de solo<\/p>\n","protected":false},"featured_media":17932,"comment_status":"open","ping_status":"closed","template":"","meta":[],"product_cat":[276,22,23],"product_tag":[],"class_list":{"0":"post-17931","1":"product","2":"type-product","3":"status-publish","4":"has-post-thumbnail","6":"product_cat-binoculares","7":"product_cat-camping","8":"product_cat-senderismo","10":"first","11":"instock","12":"taxable","13":"shipping-taxable","14":"purchasable","15":"product-type-simple"},"jetpack_sharing_enabled":true,"_links":{"self":[{"href":"https:\/\/piedranegra.net\/index.php\/wp-json\/wp\/v2\/product\/17931"}],"collection":[{"href":"https:\/\/piedranegra.net\/index.php\/wp-json\/wp\/v2\/product"}],"about":[{"href":"https:\/\/piedranegra.net\/index.php\/wp-json\/wp\/v2\/types\/product"}],"replies":[{"embeddable":true,"href":"https:\/\/piedranegra.net\/index.php\/wp-json\/wp\/v2\/comments?post=17931"}],"version-history":[{"count":2,"href":"https:\/\/piedranegra.net\/index.php\/wp-json\/wp\/v2\/product\/17931\/revisions"}],"predecessor-version":[{"id":18654,"href":"https:\/\/piedranegra.net\/index.php\/wp-json\/wp\/v2\/product\/17931\/revisions\/18654"}],"wp:featuredmedia":[{"embeddable":true,"href":"https:\/\/piedranegra.net\/index.php\/wp-json\/wp\/v2\/media\/17932"}],"wp:attachment":[{"href":"https:\/\/piedranegra.net\/index.php\/wp-json\/wp\/v2\/media?parent=17931"}],"wp:term":[{"taxonomy":"product_cat","embeddable":true,"href":"https:\/\/piedranegra.net\/index.php\/wp-json\/wp\/v2\/product_cat?post=17931"},{"taxonomy":"product_tag","embeddable":true,"href":"https:\/\/piedranegra.net\/index.php\/wp-json\/wp\/v2\/product_tag?post=17931"}],"curies":[{"name":"wp","href":"https:\/\/api.w.org\/{rel}","templated":true}]}}