{"id":17934,"date":"2024-08-31T21:30:10","date_gmt":"2024-08-31T21:30:10","guid":{"rendered":"https:\/\/piedranegra.net\/?post_type=product&#038;p=17934"},"modified":"2024-08-31T21:30:18","modified_gmt":"2024-08-31T21:30:18","slug":"monocular-8x42mm-waterproof-monocular-w-smart-phone-adapter-carson-mp-842is","status":"publish","type":"product","link":"https:\/\/piedranegra.net\/index.php\/product\/monocular-8x42mm-waterproof-monocular-w-smart-phone-adapter-carson-mp-842is\/","title":{"rendered":"Monocular 8x42mm Waterproof Monocular w\/ Smart Phone Adapter Carson  MP-842IS"},"content":{"rendered":"<p>Dise\u00f1ado para la versatilidad, el paquete incluye un adaptador para smartphone que es compatible con una amplia gama de smartphones, incluso aquellos con sistemas de doble c\u00e1mara. Esta configuraci\u00f3n f\u00e1cil de usar le permite conectar f\u00e1cilmente el monocular al adaptador y a su smartphone, sin necesidad de ning\u00fan componente adicional.<\/p>\n<p>Capture im\u00e1genes y videos impresionantes de eventos deportivos, naturaleza y m\u00e1s con este innovador dispositivo. Compartir sus aventuras est\u00e1 a solo un clic de distancia, ya que puede enviar instant\u00e1neamente sus capturas a familiares y amigos por mensaje de texto, correo electr\u00f3nico o redes sociales.<\/p>\n<p>El paquete de monocular impermeable MonoPix 8&#215;42 mm y adaptador para digiscoping para smartphone tambi\u00e9n viene con una bolsa protectora para un almacenamiento seguro, una correa para la mu\u00f1eca para un manejo seguro y un pa\u00f1o de microfibra para el mantenimiento de las lentes.<\/p>\n","protected":false},"excerpt":{"rendered":"<p>Dise\u00f1ado para la versatilidad, el paquete incluye un adaptador para smartphone que es compatible con una amplia gama de smartphones,<\/p>\n","protected":false},"featured_media":17935,"comment_status":"open","ping_status":"closed","template":"","meta":[],"product_cat":[22,23,276],"product_tag":[],"class_list":{"0":"post-17934","1":"product","2":"type-product","3":"status-publish","4":"has-post-thumbnail","6":"product_cat-camping","7":"product_cat-senderismo","8":"product_cat-binoculares","10":"first","11":"instock","12":"taxable","13":"shipping-taxable","14":"purchasable","15":"product-type-simple"},"jetpack_sharing_enabled":true,"_links":{"self":[{"href":"https:\/\/piedranegra.net\/index.php\/wp-json\/wp\/v2\/product\/17934"}],"collection":[{"href":"https:\/\/piedranegra.net\/index.php\/wp-json\/wp\/v2\/product"}],"about":[{"href":"https:\/\/piedranegra.net\/index.php\/wp-json\/wp\/v2\/types\/product"}],"replies":[{"embeddable":true,"href":"https:\/\/piedranegra.net\/index.php\/wp-json\/wp\/v2\/comments?post=17934"}],"version-history":[{"count":2,"href":"https:\/\/piedranegra.net\/index.php\/wp-json\/wp\/v2\/product\/17934\/revisions"}],"predecessor-version":[{"id":17937,"href":"https:\/\/piedranegra.net\/index.php\/wp-json\/wp\/v2\/product\/17934\/revisions\/17937"}],"wp:featuredmedia":[{"embeddable":true,"href":"https:\/\/piedranegra.net\/index.php\/wp-json\/wp\/v2\/media\/17935"}],"wp:attachment":[{"href":"https:\/\/piedranegra.net\/index.php\/wp-json\/wp\/v2\/media?parent=17934"}],"wp:term":[{"taxonomy":"product_cat","embeddable":true,"href":"https:\/\/piedranegra.net\/index.php\/wp-json\/wp\/v2\/product_cat?post=17934"},{"taxonomy":"product_tag","embeddable":true,"href":"https:\/\/piedranegra.net\/index.php\/wp-json\/wp\/v2\/product_tag?post=17934"}],"curies":[{"name":"wp","href":"https:\/\/api.w.org\/{rel}","templated":true}]}}