{"id":17978,"date":"2024-09-02T18:53:05","date_gmt":"2024-09-02T18:53:05","guid":{"rendered":"https:\/\/piedranegra.net\/?post_type=product&#038;p=17978"},"modified":"2024-10-18T21:59:19","modified_gmt":"2024-10-18T21:59:19","slug":"pantalon-columbia-summit-valley-pant-ii-col2087621","status":"publish","type":"product","link":"https:\/\/piedranegra.net\/index.php\/product\/pantalon-columbia-summit-valley-pant-ii-col2087621\/","title":{"rendered":"Pantal\u00f3n Columbia Summit Valley\u2122 Pant II  COL2087621"},"content":{"rendered":"<ul class=\"pdp-list\">\n<li class=\"pdp-list__item\">Este estilo Columbia Titanium est\u00e1 dise\u00f1ado para actividades al aire libre de alto rendimiento en las peores condiciones con nuestro mejor ajuste, caracter\u00edsticas y tecnolog\u00eda.<\/li>\n<li class=\"pdp-list__item\">Omni-Shade\u2122 Broad Spectrum UPF 50 protege contra da\u00f1os en la piel utilizando fibras y telas seleccionadas para bloquear una gama m\u00e1s amplia de rayos UVA\/UVB, para que est\u00e9s m\u00e1s seguro bajo el sol.<\/li>\n<li class=\"pdp-list__item\">Omni-Shield\u2122 repele la humedad y resiste las manchas al evitar que los l\u00edquidos se absorban en los hilos de secado r\u00e1pido, para que permanezca limpio y seco en condiciones h\u00famedas y sucias.<\/li>\n<li class=\"pdp-list__item\">El tratamiento de secado r\u00e1pido permite que las prendas se sequen m\u00e1s r\u00e1pido al ayudar a que la humedad escape de la superficie de la tela, para que te mantengas c\u00f3modo mientras est\u00e1s activo.<\/li>\n<\/ul>\n","protected":false},"excerpt":{"rendered":"<p>Este estilo Columbia Titanium est\u00e1 dise\u00f1ado para actividades al aire libre de alto rendimiento en las peores condiciones con nuestro<\/p>\n","protected":false},"featured_media":17986,"comment_status":"open","ping_status":"closed","template":"","meta":[],"product_cat":[22,23],"product_tag":[],"class_list":{"0":"post-17978","1":"product","2":"type-product","3":"status-publish","4":"has-post-thumbnail","6":"product_cat-camping","7":"product_cat-senderismo","9":"first","10":"instock","11":"taxable","12":"shipping-taxable","13":"purchasable","14":"product-type-simple"},"jetpack_sharing_enabled":true,"_links":{"self":[{"href":"https:\/\/piedranegra.net\/index.php\/wp-json\/wp\/v2\/product\/17978"}],"collection":[{"href":"https:\/\/piedranegra.net\/index.php\/wp-json\/wp\/v2\/product"}],"about":[{"href":"https:\/\/piedranegra.net\/index.php\/wp-json\/wp\/v2\/types\/product"}],"replies":[{"embeddable":true,"href":"https:\/\/piedranegra.net\/index.php\/wp-json\/wp\/v2\/comments?post=17978"}],"version-history":[{"count":4,"href":"https:\/\/piedranegra.net\/index.php\/wp-json\/wp\/v2\/product\/17978\/revisions"}],"predecessor-version":[{"id":18573,"href":"https:\/\/piedranegra.net\/index.php\/wp-json\/wp\/v2\/product\/17978\/revisions\/18573"}],"wp:featuredmedia":[{"embeddable":true,"href":"https:\/\/piedranegra.net\/index.php\/wp-json\/wp\/v2\/media\/17986"}],"wp:attachment":[{"href":"https:\/\/piedranegra.net\/index.php\/wp-json\/wp\/v2\/media?parent=17978"}],"wp:term":[{"taxonomy":"product_cat","embeddable":true,"href":"https:\/\/piedranegra.net\/index.php\/wp-json\/wp\/v2\/product_cat?post=17978"},{"taxonomy":"product_tag","embeddable":true,"href":"https:\/\/piedranegra.net\/index.php\/wp-json\/wp\/v2\/product_tag?post=17978"}],"curies":[{"name":"wp","href":"https:\/\/api.w.org\/{rel}","templated":true}]}}