{"id":18163,"date":"2024-09-06T14:28:23","date_gmt":"2024-09-06T14:28:23","guid":{"rendered":"https:\/\/piedranegra.net\/?post_type=product&#038;p=18163"},"modified":"2024-09-06T14:39:47","modified_gmt":"2024-09-06T14:39:47","slug":"down-jacket-hombre-t3fm6031prt-32-degrees","status":"publish","type":"product","link":"https:\/\/piedranegra.net\/index.php\/product\/down-jacket-hombre-t3fm6031prt-32-degrees\/","title":{"rendered":"Down Jacket Hombre T3FM6031PRT 32 degrees"},"content":{"rendered":"<p>La capa exterior y el forro est\u00e1n tejidos de manera liviana con una textura suave y lisa. El aislamiento es de plum\u00f3n con capacidad de relleno de 650+, certificado seg\u00fan el Est\u00e1ndar de plum\u00f3n responsable<\/p>\n","protected":false},"excerpt":{"rendered":"<p>La capa exterior y el forro est\u00e1n tejidos de manera liviana con una textura suave y lisa. El aislamiento es<\/p>\n","protected":false},"featured_media":18164,"comment_status":"open","ping_status":"closed","template":"","meta":[],"product_cat":[22,23,151],"product_tag":[],"class_list":{"0":"post-18163","1":"product","2":"type-product","3":"status-publish","4":"has-post-thumbnail","6":"product_cat-camping","7":"product_cat-senderismo","8":"product_cat-ropa-termica","10":"first","11":"instock","12":"taxable","13":"shipping-taxable","14":"purchasable","15":"product-type-simple"},"jetpack_sharing_enabled":true,"_links":{"self":[{"href":"https:\/\/piedranegra.net\/index.php\/wp-json\/wp\/v2\/product\/18163"}],"collection":[{"href":"https:\/\/piedranegra.net\/index.php\/wp-json\/wp\/v2\/product"}],"about":[{"href":"https:\/\/piedranegra.net\/index.php\/wp-json\/wp\/v2\/types\/product"}],"replies":[{"embeddable":true,"href":"https:\/\/piedranegra.net\/index.php\/wp-json\/wp\/v2\/comments?post=18163"}],"version-history":[{"count":1,"href":"https:\/\/piedranegra.net\/index.php\/wp-json\/wp\/v2\/product\/18163\/revisions"}],"predecessor-version":[{"id":18165,"href":"https:\/\/piedranegra.net\/index.php\/wp-json\/wp\/v2\/product\/18163\/revisions\/18165"}],"wp:featuredmedia":[{"embeddable":true,"href":"https:\/\/piedranegra.net\/index.php\/wp-json\/wp\/v2\/media\/18164"}],"wp:attachment":[{"href":"https:\/\/piedranegra.net\/index.php\/wp-json\/wp\/v2\/media?parent=18163"}],"wp:term":[{"taxonomy":"product_cat","embeddable":true,"href":"https:\/\/piedranegra.net\/index.php\/wp-json\/wp\/v2\/product_cat?post=18163"},{"taxonomy":"product_tag","embeddable":true,"href":"https:\/\/piedranegra.net\/index.php\/wp-json\/wp\/v2\/product_tag?post=18163"}],"curies":[{"name":"wp","href":"https:\/\/api.w.org\/{rel}","templated":true}]}}