{"id":18303,"date":"2024-09-09T16:33:51","date_gmt":"2024-09-09T16:33:51","guid":{"rendered":"https:\/\/piedranegra.net\/?post_type=product&#038;p=18303"},"modified":"2025-10-23T15:27:38","modified_gmt":"2025-10-23T15:27:38","slug":"duffle-nh21lx003-2","status":"publish","type":"product","link":"https:\/\/piedranegra.net\/index.php\/product\/duffle-nh21lx003-2\/","title":{"rendered":"Duffle NH21LX003"},"content":{"rendered":"<p>&nbsp;<\/p>\n<p><strong><i>Se puede expandir en una bolsa de gran capacidad en un solo paso y se puede almacenar cuando no est\u00e1 en uso, ahorrando espacio de almacenamiento de manera efectiva<\/i><\/strong><\/p>\n<p><strong><i>Dise\u00f1o de rodillo en la parte inferior de la bolsa, sin miedo a objetos pesados, las personas tambi\u00e9n pueden arrastrar muchos art\u00edculos<\/i><\/strong><\/p>\n<p><strong><i><span data-spm-anchor-id=\"a2g0o.detail.1000023.i2.6be5epdoepdom7\">Doblado y colocado, no ocupa espacio, se puede plegar y colocar cuando no est\u00e1 en uso, ahorrando espacio de almacenamiento al 90%<\/span><\/i><\/strong><\/p>\n<p>&nbsp;<\/p>\n","protected":false},"excerpt":{"rendered":"<p>&nbsp; Se puede expandir en una bolsa de gran capacidad en un solo paso y se puede almacenar cuando no<\/p>\n","protected":false},"featured_media":18304,"comment_status":"open","ping_status":"closed","template":"","meta":[],"product_cat":[22,138,139],"product_tag":[],"class_list":{"0":"post-18303","1":"product","2":"type-product","3":"status-publish","4":"has-post-thumbnail","6":"product_cat-camping","7":"product_cat-mochilas","8":"product_cat-travel","10":"first","11":"instock","12":"taxable","13":"shipping-taxable","14":"purchasable","15":"product-type-variable"},"jetpack_sharing_enabled":true,"_links":{"self":[{"href":"https:\/\/piedranegra.net\/index.php\/wp-json\/wp\/v2\/product\/18303"}],"collection":[{"href":"https:\/\/piedranegra.net\/index.php\/wp-json\/wp\/v2\/product"}],"about":[{"href":"https:\/\/piedranegra.net\/index.php\/wp-json\/wp\/v2\/types\/product"}],"replies":[{"embeddable":true,"href":"https:\/\/piedranegra.net\/index.php\/wp-json\/wp\/v2\/comments?post=18303"}],"version-history":[{"count":5,"href":"https:\/\/piedranegra.net\/index.php\/wp-json\/wp\/v2\/product\/18303\/revisions"}],"predecessor-version":[{"id":19381,"href":"https:\/\/piedranegra.net\/index.php\/wp-json\/wp\/v2\/product\/18303\/revisions\/19381"}],"wp:featuredmedia":[{"embeddable":true,"href":"https:\/\/piedranegra.net\/index.php\/wp-json\/wp\/v2\/media\/18304"}],"wp:attachment":[{"href":"https:\/\/piedranegra.net\/index.php\/wp-json\/wp\/v2\/media?parent=18303"}],"wp:term":[{"taxonomy":"product_cat","embeddable":true,"href":"https:\/\/piedranegra.net\/index.php\/wp-json\/wp\/v2\/product_cat?post=18303"},{"taxonomy":"product_tag","embeddable":true,"href":"https:\/\/piedranegra.net\/index.php\/wp-json\/wp\/v2\/product_tag?post=18303"}],"curies":[{"name":"wp","href":"https:\/\/api.w.org\/{rel}","templated":true}]}}