{"id":18322,"date":"2024-09-11T19:11:45","date_gmt":"2024-09-11T19:11:45","guid":{"rendered":"https:\/\/piedranegra.net\/?post_type=product&#038;p=18322"},"modified":"2024-11-20T15:39:20","modified_gmt":"2024-11-20T15:39:20","slug":"jacket-qikpac-trespass","status":"publish","type":"product","link":"https:\/\/piedranegra.net\/index.php\/product\/jacket-qikpac-trespass\/","title":{"rendered":"Jacket QikPac TRESPASS"},"content":{"rendered":"<p><span>Estar\u00e1s seco y con estilo con la chaqueta impermeable plegable unisex Trespass Qikpac. Perfecta para cualquier aventura, esta chaqueta es liviana, duradera y f\u00e1cil de guardar. <\/span><\/p>\n<p><span>Resistente al agua hasta 5000 mm: mant\u00e9ngase seco en cualquier clima con esta chaqueta impermeable, con costuras selladas y una clasificaci\u00f3n de resistencia al agua de 5000 mm.<\/span><\/p>\n<ul>\n<li><span>Transpirable 5000mvp: esta chaqueta transpirable te mantiene c\u00f3modo durante la actividad f\u00edsica, gracias a su clasificaci\u00f3n de transpirabilidad de 5000mvp.<\/span><\/li>\n<li><span>A prueba de viento: prot\u00e9gete del viento con esta chaqueta a prueba de viento, dise\u00f1ada para mantenerte abrigado y protegido de las r\u00e1fagas.<\/span><\/li>\n<li><span>Se guarda en una bolsa: disfrute de la comodidad mientras viaja con esta chaqueta impermeable plegable que pesa solo 350 gramos y cabe f\u00e1cilmente en su propia bolsa para guardarla f\u00e1cilmente.<\/span><\/li>\n<\/ul>\n","protected":false},"excerpt":{"rendered":"<p>Estar\u00e1s seco y con estilo con la chaqueta impermeable plegable unisex Trespass Qikpac. Perfecta para cualquier aventura, esta chaqueta es<\/p>\n","protected":false},"featured_media":18323,"comment_status":"open","ping_status":"closed","template":"","meta":[],"product_cat":[22,23,152],"product_tag":[],"class_list":{"0":"post-18322","1":"product","2":"type-product","3":"status-publish","4":"has-post-thumbnail","6":"product_cat-camping","7":"product_cat-senderismo","8":"product_cat-ropa-termica-hiking","10":"first","11":"instock","12":"taxable","13":"shipping-taxable","14":"purchasable","15":"product-type-simple"},"jetpack_sharing_enabled":true,"_links":{"self":[{"href":"https:\/\/piedranegra.net\/index.php\/wp-json\/wp\/v2\/product\/18322"}],"collection":[{"href":"https:\/\/piedranegra.net\/index.php\/wp-json\/wp\/v2\/product"}],"about":[{"href":"https:\/\/piedranegra.net\/index.php\/wp-json\/wp\/v2\/types\/product"}],"replies":[{"embeddable":true,"href":"https:\/\/piedranegra.net\/index.php\/wp-json\/wp\/v2\/comments?post=18322"}],"version-history":[{"count":3,"href":"https:\/\/piedranegra.net\/index.php\/wp-json\/wp\/v2\/product\/18322\/revisions"}],"predecessor-version":[{"id":18667,"href":"https:\/\/piedranegra.net\/index.php\/wp-json\/wp\/v2\/product\/18322\/revisions\/18667"}],"wp:featuredmedia":[{"embeddable":true,"href":"https:\/\/piedranegra.net\/index.php\/wp-json\/wp\/v2\/media\/18323"}],"wp:attachment":[{"href":"https:\/\/piedranegra.net\/index.php\/wp-json\/wp\/v2\/media?parent=18322"}],"wp:term":[{"taxonomy":"product_cat","embeddable":true,"href":"https:\/\/piedranegra.net\/index.php\/wp-json\/wp\/v2\/product_cat?post=18322"},{"taxonomy":"product_tag","embeddable":true,"href":"https:\/\/piedranegra.net\/index.php\/wp-json\/wp\/v2\/product_tag?post=18322"}],"curies":[{"name":"wp","href":"https:\/\/api.w.org\/{rel}","templated":true}]}}