{"id":18328,"date":"2024-09-14T15:39:01","date_gmt":"2024-09-14T15:39:01","guid":{"rendered":"https:\/\/piedranegra.net\/?post_type=product&#038;p=18328"},"modified":"2024-11-20T15:29:43","modified_gmt":"2024-11-20T15:29:43","slug":"jacket-cortavientos-tectop","status":"publish","type":"product","link":"https:\/\/piedranegra.net\/index.php\/product\/jacket-cortavientos-tectop\/","title":{"rendered":"JACKET CORTAVIENTOS TECTOP"},"content":{"rendered":"<div data-spm-anchor-id=\"a2g0o.detail.1000023.i0.37cb5aAk5aAkyW\">Esta no es una chaqueta 100% impermeable, solo repelente al agua,No penetra f\u00e1cilmente por el agua.<\/div>\n<div><span data-spm-anchor-id=\"a2g0o.detail.1000023.i1.37cb5aAk5aAkyW\">Caracter\u00edsticas: protecci\u00f3n solar, resistente al viento, resistente al agua, s\u00faper ligero (solo alrededor de 100-130g), port\u00e1til<\/span><\/div>\n<div>Adecuado para: senderismo, viajes, equitaci\u00f3n<\/div>\n","protected":false},"excerpt":{"rendered":"<p>Esta no es una chaqueta 100% impermeable, solo repelente al agua,No penetra f\u00e1cilmente por el agua. Caracter\u00edsticas: protecci\u00f3n solar, resistente<\/p>\n","protected":false},"featured_media":18662,"comment_status":"open","ping_status":"closed","template":"","meta":[],"product_cat":[22,23,142],"product_tag":[],"class_list":{"0":"post-18328","1":"product","2":"type-product","3":"status-publish","4":"has-post-thumbnail","6":"product_cat-camping","7":"product_cat-senderismo","8":"product_cat-jackets","10":"first","11":"instock","12":"taxable","13":"shipping-taxable","14":"purchasable","15":"product-type-variable"},"jetpack_sharing_enabled":true,"_links":{"self":[{"href":"https:\/\/piedranegra.net\/index.php\/wp-json\/wp\/v2\/product\/18328"}],"collection":[{"href":"https:\/\/piedranegra.net\/index.php\/wp-json\/wp\/v2\/product"}],"about":[{"href":"https:\/\/piedranegra.net\/index.php\/wp-json\/wp\/v2\/types\/product"}],"replies":[{"embeddable":true,"href":"https:\/\/piedranegra.net\/index.php\/wp-json\/wp\/v2\/comments?post=18328"}],"version-history":[{"count":3,"href":"https:\/\/piedranegra.net\/index.php\/wp-json\/wp\/v2\/product\/18328\/revisions"}],"predecessor-version":[{"id":18663,"href":"https:\/\/piedranegra.net\/index.php\/wp-json\/wp\/v2\/product\/18328\/revisions\/18663"}],"wp:featuredmedia":[{"embeddable":true,"href":"https:\/\/piedranegra.net\/index.php\/wp-json\/wp\/v2\/media\/18662"}],"wp:attachment":[{"href":"https:\/\/piedranegra.net\/index.php\/wp-json\/wp\/v2\/media?parent=18328"}],"wp:term":[{"taxonomy":"product_cat","embeddable":true,"href":"https:\/\/piedranegra.net\/index.php\/wp-json\/wp\/v2\/product_cat?post=18328"},{"taxonomy":"product_tag","embeddable":true,"href":"https:\/\/piedranegra.net\/index.php\/wp-json\/wp\/v2\/product_tag?post=18328"}],"curies":[{"name":"wp","href":"https:\/\/api.w.org\/{rel}","templated":true}]}}