{"id":18390,"date":"2024-09-16T19:34:19","date_gmt":"2024-09-16T19:34:19","guid":{"rendered":"https:\/\/piedranegra.net\/?post_type=product&#038;p=18390"},"modified":"2024-11-01T21:03:26","modified_gmt":"2024-11-01T21:03:26","slug":"jacket-cortavientos-nh21fs025","status":"publish","type":"product","link":"https:\/\/piedranegra.net\/index.php\/product\/jacket-cortavientos-nh21fs025\/","title":{"rendered":"Jacket Cortavientos NH21FS025"},"content":{"rendered":"<ul class=\"a-unordered-list a-vertical a-spacing-small\">\n<li><span class=\"a-list-item a-size-base a-color-base\">\u3010Alta calidad para protecci\u00f3n solar\u3011: 100% nuevo y de alta calidad, hecho de material de mezcla de fibra qu\u00edmica de alta calidad, UPF 50+, dise\u00f1o de retazos de malla transpirable, bloquea eficazmente los rayos UV, protege tu piel de las quemaduras solares, ideal para uso caluroso en verano, quita el ala se ve m\u00e1s como un abrigo deportivo casual.<\/span><\/li>\n<\/ul>\n<ul class=\"a-unordered-list a-vertical a-spacing-small\">\n<li><span class=\"a-list-item a-size-base a-color-base\">\u3010Comodidad transpirable\u3011: dise\u00f1o de m\u00e1scara con capucha, tira de la cremallera hacia la parte superior para formar una m\u00e1scara. Con un ala ancha, puede envolver la cabeza, la cara y el cuello, la m\u00e1scara de malla con peque\u00f1os agujeros te permite protegerte del sol y respirar f\u00e1cilmente.<\/span><\/li>\n<\/ul>\n<ul class=\"a-unordered-list a-vertical a-spacing-small\">\n<li><span class=\"a-list-item a-size-base a-color-base\">Flexible y pr\u00e1ctico: manga larga con orificio para el pulgar, cubre completamente toda la parte posterior de la mano para proteger mejor la piel de la mano, flexible antidesprendimiento, m\u00e1s facilitar los movimientos de tus manos. Ideal para actividades al aire libre como voleibol, pesca, ciclismo, canotaje, escalada, senderismo, viajes, correr, trotar, etc.<\/span><\/li>\n<\/ul>\n<ul class=\"a-unordered-list a-vertical a-spacing-small\">\n<li><span class=\"a-list-item a-size-base a-color-base\">\u3010Dise\u00f1o cuidadoso\u3011: la parte superior de la cremallera est\u00e1 dise\u00f1ada con protecci\u00f3n antipellizcos para evitar pellizcos de la piel en la cara durante el uso diario, el dise\u00f1o de empalme de malla en las axilas te permite sentir toda la gama de protecci\u00f3n mientras no crea malos sentimientos como olor y congesti\u00f3n.<\/span><\/li>\n<\/ul>\n","protected":false},"excerpt":{"rendered":"<p>\u3010Alta calidad para protecci\u00f3n solar\u3011: 100% nuevo y de alta calidad, hecho de material de mezcla de fibra qu\u00edmica de<\/p>\n","protected":false},"featured_media":18391,"comment_status":"open","ping_status":"closed","template":"","meta":[],"product_cat":[23],"product_tag":[],"class_list":{"0":"post-18390","1":"product","2":"type-product","3":"status-publish","4":"has-post-thumbnail","6":"product_cat-senderismo","8":"first","9":"instock","10":"taxable","11":"shipping-taxable","12":"purchasable","13":"product-type-simple"},"jetpack_sharing_enabled":true,"_links":{"self":[{"href":"https:\/\/piedranegra.net\/index.php\/wp-json\/wp\/v2\/product\/18390"}],"collection":[{"href":"https:\/\/piedranegra.net\/index.php\/wp-json\/wp\/v2\/product"}],"about":[{"href":"https:\/\/piedranegra.net\/index.php\/wp-json\/wp\/v2\/types\/product"}],"replies":[{"embeddable":true,"href":"https:\/\/piedranegra.net\/index.php\/wp-json\/wp\/v2\/comments?post=18390"}],"version-history":[{"count":3,"href":"https:\/\/piedranegra.net\/index.php\/wp-json\/wp\/v2\/product\/18390\/revisions"}],"predecessor-version":[{"id":18613,"href":"https:\/\/piedranegra.net\/index.php\/wp-json\/wp\/v2\/product\/18390\/revisions\/18613"}],"wp:featuredmedia":[{"embeddable":true,"href":"https:\/\/piedranegra.net\/index.php\/wp-json\/wp\/v2\/media\/18391"}],"wp:attachment":[{"href":"https:\/\/piedranegra.net\/index.php\/wp-json\/wp\/v2\/media?parent=18390"}],"wp:term":[{"taxonomy":"product_cat","embeddable":true,"href":"https:\/\/piedranegra.net\/index.php\/wp-json\/wp\/v2\/product_cat?post=18390"},{"taxonomy":"product_tag","embeddable":true,"href":"https:\/\/piedranegra.net\/index.php\/wp-json\/wp\/v2\/product_tag?post=18390"}],"curies":[{"name":"wp","href":"https:\/\/api.w.org\/{rel}","templated":true}]}}