{"id":18393,"date":"2024-09-17T14:25:08","date_gmt":"2024-09-17T14:25:08","guid":{"rendered":"https:\/\/piedranegra.net\/?post_type=product&#038;p=18393"},"modified":"2024-11-01T20:02:53","modified_gmt":"2024-11-01T20:02:53","slug":"pantorrillera-aonijie-e4405","status":"publish","type":"product","link":"https:\/\/piedranegra.net\/index.php\/product\/pantorrillera-aonijie-e4405\/","title":{"rendered":"Pantorrillera AONIJIE E4405"},"content":{"rendered":"<p>Necesitas un par de pantorilleras de Compresi\u00f3n\u00a0 funcionales profesionales.<br \/>\nLa presi\u00f3n disminuye progresivamente.<br \/>\nReducir la acumulaci\u00f3n de \u00e1cido l\u00e1ctico y acelerar la recuperaci\u00f3n f\u00edsica.<br \/>\nAbsorbe y ralentiza los golpes y vibraciones de las articulaciones y los m\u00fasculos para reducir la fatiga corporal.<br \/>\nMicromasaje en la superficie corporal para eliminar la hinchaz\u00f3n de las piernas y aliviar las varices.<br \/>\nReduce la vibraci\u00f3n, brinda soporte y mejor protecci\u00f3n al subir y bajar<br \/>\nLa compresi\u00f3n gradiente es consistente con el flujo sangu\u00edneo venoso.<\/p>\n","protected":false},"excerpt":{"rendered":"<p>Necesitas un par de pantorilleras de Compresi\u00f3n\u00a0 funcionales profesionales. La presi\u00f3n disminuye progresivamente. Reducir la acumulaci\u00f3n de \u00e1cido l\u00e1ctico y<\/p>\n","protected":false},"featured_media":18397,"comment_status":"open","ping_status":"closed","template":"","meta":[],"product_cat":[23,21],"product_tag":[],"class_list":{"0":"post-18393","1":"product","2":"type-product","3":"status-publish","4":"has-post-thumbnail","6":"product_cat-senderismo","7":"product_cat-trailrunning","9":"first","10":"instock","11":"taxable","12":"shipping-taxable","13":"purchasable","14":"product-type-simple"},"jetpack_sharing_enabled":true,"_links":{"self":[{"href":"https:\/\/piedranegra.net\/index.php\/wp-json\/wp\/v2\/product\/18393"}],"collection":[{"href":"https:\/\/piedranegra.net\/index.php\/wp-json\/wp\/v2\/product"}],"about":[{"href":"https:\/\/piedranegra.net\/index.php\/wp-json\/wp\/v2\/types\/product"}],"replies":[{"embeddable":true,"href":"https:\/\/piedranegra.net\/index.php\/wp-json\/wp\/v2\/comments?post=18393"}],"version-history":[{"count":3,"href":"https:\/\/piedranegra.net\/index.php\/wp-json\/wp\/v2\/product\/18393\/revisions"}],"predecessor-version":[{"id":18612,"href":"https:\/\/piedranegra.net\/index.php\/wp-json\/wp\/v2\/product\/18393\/revisions\/18612"}],"wp:featuredmedia":[{"embeddable":true,"href":"https:\/\/piedranegra.net\/index.php\/wp-json\/wp\/v2\/media\/18397"}],"wp:attachment":[{"href":"https:\/\/piedranegra.net\/index.php\/wp-json\/wp\/v2\/media?parent=18393"}],"wp:term":[{"taxonomy":"product_cat","embeddable":true,"href":"https:\/\/piedranegra.net\/index.php\/wp-json\/wp\/v2\/product_cat?post=18393"},{"taxonomy":"product_tag","embeddable":true,"href":"https:\/\/piedranegra.net\/index.php\/wp-json\/wp\/v2\/product_tag?post=18393"}],"curies":[{"name":"wp","href":"https:\/\/api.w.org\/{rel}","templated":true}]}}