{"id":18486,"date":"2024-09-26T20:19:21","date_gmt":"2024-09-26T20:19:21","guid":{"rendered":"https:\/\/piedranegra.net\/?post_type=product&#038;p=18486"},"modified":"2026-02-27T23:09:51","modified_gmt":"2026-02-27T23:09:51","slug":"cinturon-2-botellas-e882","status":"publish","type":"product","link":"https:\/\/piedranegra.net\/index.php\/product\/cinturon-2-botellas-e882\/","title":{"rendered":"Cinturon  E882"},"content":{"rendered":"<p><strong><span id=\"tl_1\" data-spm-anchor-id=\"a2g0o.detail.1000023.i0.6f1de9NPe9NPy4\">Caracter\u00edsticas:<\/span><\/strong><\/p>\n<p><span id=\"tl_2\">-Bolsa de cintur\u00f3n con soporte para botella de agua deportiva para correr, trotar, ciclismo, ri\u00f1onera<\/span><\/p>\n<p><span id=\"tl_3\">-Correa de cintura el\u00e1stica ajustable se ajusta a su tama\u00f1o de cadera: 27 &#8220;a 40&#8221;<\/span><\/p>\n<p><span id=\"tl_4\">-La malla extensible ofrece un c\u00f3modo espacio de almacenamiento<\/span><\/p>\n<p><span id=\"tl_5\">-Perfecto para llevar llaves, identificaci\u00f3n, dinero, tel\u00e9fonos, reproductores de MP3 y m\u00e1s<\/span><\/p>\n<p><span id=\"tl_6\">-Dise\u00f1o ergon\u00f3mico, simple y elegante, elegante y c\u00f3modo<\/span><\/p>\n<p><span id=\"tl_7\">-Dise\u00f1o de malla transpirable, ligero y transpirable, se adapta a la piel<\/span><\/p>\n<p><span id=\"tl_8\" data-spm-anchor-id=\"a2g0o.detail.1000023.i1.6f1de9NPe9NPy4\">-Tela de nylon de alta calidad para evitar salpicaduras de agua, antidesgarro<\/span><\/p>\n<p><span id=\"tl_9\">-2 compartimentos para botellas de agua para cada lado<\/span><\/p>\n<p><span id=\"tl_10\">-Gran capacidad, f\u00e1cil de usar, ligero y f\u00e1cil<\/span><\/p>\n","protected":false},"excerpt":{"rendered":"<p>Caracter\u00edsticas: -Bolsa de cintur\u00f3n con soporte para botella de agua deportiva para correr, trotar, ciclismo, ri\u00f1onera -Correa de cintura el\u00e1stica<\/p>\n","protected":false},"featured_media":18487,"comment_status":"open","ping_status":"closed","template":"","meta":[],"product_cat":[23,21],"product_tag":[],"class_list":{"0":"post-18486","1":"product","2":"type-product","3":"status-publish","4":"has-post-thumbnail","6":"product_cat-senderismo","7":"product_cat-trailrunning","9":"first","10":"instock","11":"taxable","12":"shipping-taxable","13":"purchasable","14":"product-type-variable"},"jetpack_sharing_enabled":true,"_links":{"self":[{"href":"https:\/\/piedranegra.net\/index.php\/wp-json\/wp\/v2\/product\/18486"}],"collection":[{"href":"https:\/\/piedranegra.net\/index.php\/wp-json\/wp\/v2\/product"}],"about":[{"href":"https:\/\/piedranegra.net\/index.php\/wp-json\/wp\/v2\/types\/product"}],"replies":[{"embeddable":true,"href":"https:\/\/piedranegra.net\/index.php\/wp-json\/wp\/v2\/comments?post=18486"}],"version-history":[{"count":3,"href":"https:\/\/piedranegra.net\/index.php\/wp-json\/wp\/v2\/product\/18486\/revisions"}],"predecessor-version":[{"id":19838,"href":"https:\/\/piedranegra.net\/index.php\/wp-json\/wp\/v2\/product\/18486\/revisions\/19838"}],"wp:featuredmedia":[{"embeddable":true,"href":"https:\/\/piedranegra.net\/index.php\/wp-json\/wp\/v2\/media\/18487"}],"wp:attachment":[{"href":"https:\/\/piedranegra.net\/index.php\/wp-json\/wp\/v2\/media?parent=18486"}],"wp:term":[{"taxonomy":"product_cat","embeddable":true,"href":"https:\/\/piedranegra.net\/index.php\/wp-json\/wp\/v2\/product_cat?post=18486"},{"taxonomy":"product_tag","embeddable":true,"href":"https:\/\/piedranegra.net\/index.php\/wp-json\/wp\/v2\/product_tag?post=18486"}],"curies":[{"name":"wp","href":"https:\/\/api.w.org\/{rel}","templated":true}]}}