{"id":18491,"date":"2024-09-27T20:56:39","date_gmt":"2024-09-27T20:56:39","guid":{"rendered":"https:\/\/piedranegra.net\/?post_type=product&#038;p=18491"},"modified":"2024-09-27T22:00:17","modified_gmt":"2024-09-27T22:00:17","slug":"bateria-poseidon-pro-10-200-mah-dark-energy","status":"publish","type":"product","link":"https:\/\/piedranegra.net\/index.php\/product\/bateria-poseidon-pro-10-200-mah-dark-energy\/","title":{"rendered":"Bateria Poseidon Pro 10.200 mAh  Dark Energy"},"content":{"rendered":"<ul class=\"a-unordered-list a-vertical a-spacing-mini\">\n<li class=\"a-spacing-mini\"><span class=\"a-list-item\">Longevidad sin igual para varios dispositivos electr\u00f3nicos: como un banco de energ\u00eda compacto, este cargador de viaje para m\u00faltiples dispositivos tiene una capacidad de potencia extraordinaria, con capacidad para m\u00e1s de 30 horas de energ\u00eda para tel\u00e9fonos inteligentes, 4+ horas para computadoras port\u00e1tiles y m\u00e1s de 10 horas de energ\u00eda para equipo de c\u00e1mara. Adem\u00e1s mantiene la carga durante m\u00e1s de 8 a\u00f1os, tiene una clasificaci\u00f3n de impermeabilidad IP68 y fabricado con tecnolog\u00eda Armorflex<\/span><\/li>\n<li class=\"a-spacing-mini\"><span class=\"a-list-item\">Paquetes de bater\u00edas compactos y port\u00e1tiles: con una capacidad de bater\u00eda de 10,200 miliamperios hora y dimensiones del producto de 6 &#8220;x 3.25&#8243; x 0.63&#8221;- similar a la mayor\u00eda de los tel\u00e9fonos y un peso de solo 0.56 libras, este cargador port\u00e1til al que se puede conectar al iPhones es altamente port\u00e1til, lo que lo convierte en una bater\u00eda ideal para necesidades de energ\u00eda en movimiento<\/span><\/li>\n<li class=\"a-spacing-mini\"><span class=\"a-list-item\">Uso vers\u00e1til: este banco de bater\u00edas est\u00e1 dise\u00f1ado para funcionar sin esfuerzo con cargadores de iPhone, cargadores de iPad, cargadores de c\u00e1mara y otros dispositivos electr\u00f3nicos con una potencia de carga de puerto de 12 W (. 5V &#8211; 2.4A)- para salida USB-A y 18W (. 5V &#8211; 2.4A, 9V &#8211; 2A, 12V &#8211; 1.5A) &#8211; para entrada y salida USB-C<\/span><\/li>\n<li class=\"a-spacing-mini\"><span class=\"a-list-item\">Cargador de bater\u00eda port\u00e1til casi indestructible: Agregue este banco de energ\u00eda a sus art\u00edculos esenciales de viaje. Dise\u00f1ado para soportar condiciones extremas, este cargador port\u00e1til para iPhone es impermeable y una temperatura de funcionamiento de -20\u00b0F a 120\u00b0F\/ -20.2 \u00b0F a 120.2 \u00b0F<\/span><\/li>\n<li class=\"a-spacing-mini\"><span class=\"a-list-item\">Completo con accesorios: El Posidon Pro est\u00e1 acompa\u00f1ado por nuestro mosquet\u00f3n Pro, una correa de cuero para cables y un cable USB-C de 3 pies<\/span><\/li>\n<\/ul>\n","protected":false},"excerpt":{"rendered":"<p>Longevidad sin igual para varios dispositivos electr\u00f3nicos: como un banco de energ\u00eda compacto, este cargador de viaje para m\u00faltiples dispositivos<\/p>\n","protected":false},"featured_media":18493,"comment_status":"open","ping_status":"closed","template":"","meta":[],"product_cat":[23,144],"product_tag":[],"class_list":{"0":"post-18491","1":"product","2":"type-product","3":"status-publish","4":"has-post-thumbnail","6":"product_cat-senderismo","7":"product_cat-accesorios-hiking","9":"first","10":"instock","11":"taxable","12":"shipping-taxable","13":"purchasable","14":"product-type-simple"},"jetpack_sharing_enabled":true,"_links":{"self":[{"href":"https:\/\/piedranegra.net\/index.php\/wp-json\/wp\/v2\/product\/18491"}],"collection":[{"href":"https:\/\/piedranegra.net\/index.php\/wp-json\/wp\/v2\/product"}],"about":[{"href":"https:\/\/piedranegra.net\/index.php\/wp-json\/wp\/v2\/types\/product"}],"replies":[{"embeddable":true,"href":"https:\/\/piedranegra.net\/index.php\/wp-json\/wp\/v2\/comments?post=18491"}],"version-history":[{"count":3,"href":"https:\/\/piedranegra.net\/index.php\/wp-json\/wp\/v2\/product\/18491\/revisions"}],"predecessor-version":[{"id":18521,"href":"https:\/\/piedranegra.net\/index.php\/wp-json\/wp\/v2\/product\/18491\/revisions\/18521"}],"wp:featuredmedia":[{"embeddable":true,"href":"https:\/\/piedranegra.net\/index.php\/wp-json\/wp\/v2\/media\/18493"}],"wp:attachment":[{"href":"https:\/\/piedranegra.net\/index.php\/wp-json\/wp\/v2\/media?parent=18491"}],"wp:term":[{"taxonomy":"product_cat","embeddable":true,"href":"https:\/\/piedranegra.net\/index.php\/wp-json\/wp\/v2\/product_cat?post=18491"},{"taxonomy":"product_tag","embeddable":true,"href":"https:\/\/piedranegra.net\/index.php\/wp-json\/wp\/v2\/product_tag?post=18491"}],"curies":[{"name":"wp","href":"https:\/\/api.w.org\/{rel}","templated":true}]}}