{"id":18497,"date":"2024-09-27T20:59:26","date_gmt":"2024-09-27T20:59:26","guid":{"rendered":"https:\/\/piedranegra.net\/?post_type=product&#038;p=18497"},"modified":"2025-05-15T02:15:57","modified_gmt":"2025-05-15T02:15:57","slug":"bateria-poseidon-nano-dark-energy","status":"publish","type":"product","link":"https:\/\/piedranegra.net\/index.php\/product\/bateria-poseidon-nano-dark-energy\/","title":{"rendered":"Bateria Poseidon Nano Dark Energy"},"content":{"rendered":"<div id=\"featurebullets_feature_div\" class=\"celwidget\" data-feature-name=\"featurebullets\" data-csa-c-type=\"widget\" data-csa-c-content-id=\"featurebullets\" data-csa-c-slot-id=\"featurebullets_feature_div\" data-csa-c-asin=\"B0CJB1VHLP\" data-csa-c-is-in-initial-active-row=\"false\" data-csa-c-id=\"68bw4-ifx7ft-ha0h6j-t5zglx\" data-cel-widget=\"featurebullets_feature_div\">\n<div id=\"feature-bullets\" class=\"a-section a-spacing-medium a-spacing-top-small\">\n<ul class=\"a-unordered-list a-vertical a-spacing-mini\">\n<li class=\"a-spacing-mini\"><span class=\"a-list-item\">M\u00e1xima portabilidad: Dise\u00f1ado para carga inal\u00e1mbrica sobre la marcha, como un peque\u00f1o cargador port\u00e1til para iPhone, este powerbank es el compa\u00f1ero perfecto para tus art\u00edculos esenciales de viaje<\/span><\/li>\n<li class=\"a-spacing-mini\"><span class=\"a-list-item\">Cargador de viaje para m\u00faltiples dispositivos: como un banco de energ\u00eda compacto, este banco de bater\u00edas tiene una capacidad de potencia extraordinaria, con capacidad para 5-8 horas de energ\u00eda para tel\u00e9fonos inteligentes, m\u00e1s de 4 horas para accesorios de campamento y m\u00e1s de 6 horas de energ\u00eda para equipo de c\u00e1mara<\/span><\/li>\n<li class=\"a-spacing-mini\"><span class=\"a-list-item\">Mavrik Wireless Tech: Poseidon Nano viene con tecnolog\u00eda Mavrik incorporada que le permite cargar todos los dispositivos compatibles con dispositivos inal\u00e1mbricos<\/span><\/li>\n<li class=\"a-spacing-mini\"><span class=\"a-list-item\">Resistente y duradero: construido para soportar un estilo de vida acelerado, Poseidon Nano est\u00e1 probado en invierno y resistente al agua, por lo que es una gran bater\u00eda para avances al aire libre<\/span><\/li>\n<li class=\"a-spacing-mini\"><span class=\"a-list-item\">Longevidad sin precedentes: el Poseidon Nano mantiene una carga durante m\u00e1s de 2 a\u00f1os, lo que lo convierte en una fuente de energ\u00eda confiable y duradera para su estilo de vida cotidiano<\/span><\/li>\n<li class=\"a-spacing-mini\"><span class=\"a-list-item\">Magsafe r\u00e1pido y f\u00e1cil: la recarga de tu tel\u00e9fono ahora se puede lograr en un instante con MagSafe<\/span><\/li>\n<\/ul>\n<\/div>\n<\/div>\n<div id=\"acf-carousel_feature_div\" class=\"celwidget\" data-feature-name=\"acf-carousel\" data-csa-c-type=\"widget\" data-csa-c-content-id=\"acf-carousel\" data-csa-c-slot-id=\"acf-carousel_feature_div\" data-csa-c-asin=\"B0CJB1VHLP\" data-csa-c-is-in-initial-active-row=\"false\" data-csa-c-id=\"rywyag-o1aeuw-tltcgf-g6639q\" data-cel-widget=\"acf-carousel_feature_div\"><\/div>\n<div id=\"provenanceCertifications_feature_div\" class=\"celwidget\" data-feature-name=\"provenanceCertifications\" data-csa-c-type=\"widget\" data-csa-c-content-id=\"provenanceCertifications\" data-csa-c-slot-id=\"provenanceCertifications_feature_div\" data-csa-c-asin=\"B0CJB1VHLP\" data-csa-c-is-in-initial-active-row=\"false\" data-csa-c-id=\"wargi0-bsuofs-vgp8yq-f6bmxo\" data-cel-widget=\"provenanceCertifications_feature_div\">\n<div id=\"provenance-certifications\" class=\"a-section a-spacing-medium a-spacing-top-micro\"><\/div>\n<\/div>\n","protected":false},"excerpt":{"rendered":"<p>M\u00e1xima portabilidad: Dise\u00f1ado para carga inal\u00e1mbrica sobre la marcha, como un peque\u00f1o cargador port\u00e1til para iPhone, este powerbank es el<\/p>\n","protected":false},"featured_media":18498,"comment_status":"open","ping_status":"closed","template":"","meta":[],"product_cat":[23,144],"product_tag":[],"class_list":{"0":"post-18497","1":"product","2":"type-product","3":"status-publish","4":"has-post-thumbnail","6":"product_cat-senderismo","7":"product_cat-accesorios-hiking","9":"first","10":"instock","11":"taxable","12":"shipping-taxable","13":"purchasable","14":"product-type-simple"},"jetpack_sharing_enabled":true,"_links":{"self":[{"href":"https:\/\/piedranegra.net\/index.php\/wp-json\/wp\/v2\/product\/18497"}],"collection":[{"href":"https:\/\/piedranegra.net\/index.php\/wp-json\/wp\/v2\/product"}],"about":[{"href":"https:\/\/piedranegra.net\/index.php\/wp-json\/wp\/v2\/types\/product"}],"replies":[{"embeddable":true,"href":"https:\/\/piedranegra.net\/index.php\/wp-json\/wp\/v2\/comments?post=18497"}],"version-history":[{"count":2,"href":"https:\/\/piedranegra.net\/index.php\/wp-json\/wp\/v2\/product\/18497\/revisions"}],"predecessor-version":[{"id":18502,"href":"https:\/\/piedranegra.net\/index.php\/wp-json\/wp\/v2\/product\/18497\/revisions\/18502"}],"wp:featuredmedia":[{"embeddable":true,"href":"https:\/\/piedranegra.net\/index.php\/wp-json\/wp\/v2\/media\/18498"}],"wp:attachment":[{"href":"https:\/\/piedranegra.net\/index.php\/wp-json\/wp\/v2\/media?parent=18497"}],"wp:term":[{"taxonomy":"product_cat","embeddable":true,"href":"https:\/\/piedranegra.net\/index.php\/wp-json\/wp\/v2\/product_cat?post=18497"},{"taxonomy":"product_tag","embeddable":true,"href":"https:\/\/piedranegra.net\/index.php\/wp-json\/wp\/v2\/product_tag?post=18497"}],"curies":[{"name":"wp","href":"https:\/\/api.w.org\/{rel}","templated":true}]}}