{"id":18503,"date":"2024-09-27T21:19:10","date_gmt":"2024-09-27T21:19:10","guid":{"rendered":"https:\/\/piedranegra.net\/?post_type=product&#038;p=18503"},"modified":"2024-09-27T21:33:43","modified_gmt":"2024-09-27T21:33:43","slug":"plasma-lighter-dark-energy","status":"publish","type":"product","link":"https:\/\/piedranegra.net\/index.php\/product\/plasma-lighter-dark-energy\/","title":{"rendered":"Plasma Lighter Dark Energy"},"content":{"rendered":"<div id=\"featurebullets_feature_div\" class=\"celwidget\" data-feature-name=\"featurebullets\" data-csa-c-type=\"widget\" data-csa-c-content-id=\"featurebullets\" data-csa-c-slot-id=\"featurebullets_feature_div\" data-csa-c-asin=\"B0CJB1VHLP\" data-csa-c-is-in-initial-active-row=\"false\" data-csa-c-id=\"68bw4-ifx7ft-ha0h6j-t5zglx\" data-cel-widget=\"featurebullets_feature_div\">\n<div id=\"feature-bullets\" class=\"a-section a-spacing-medium a-spacing-top-small\">\n<ul class=\"a-unordered-list a-vertical a-spacing-mini\">\n<li class=\"a-spacing-mini\">\n<div id=\"featurebullets_feature_div\" class=\"celwidget\" data-feature-name=\"featurebullets\" data-csa-c-type=\"widget\" data-csa-c-content-id=\"featurebullets\" data-csa-c-slot-id=\"featurebullets_feature_div\" data-csa-c-asin=\"B0CJB2G8KR\" data-csa-c-is-in-initial-active-row=\"false\" data-csa-c-id=\"15ico6-rtmrkt-emn2ag-9fkwyr\" data-cel-widget=\"featurebullets_feature_div\">\n<div id=\"feature-bullets\" class=\"a-section a-spacing-medium a-spacing-top-small\">\n<ul class=\"a-unordered-list a-vertical a-spacing-mini\">\n<li class=\"a-spacing-mini\"><span class=\"a-list-item\">Iluminaci\u00f3n consistente: con un emisor de plasma de doble arco, este encendedor recargable garantiza una luz confiable y consistente cada vez que lo necesite, reemplazando sus f\u00f3sforos y encendedores t\u00edpicos<\/span><\/li>\n<li class=\"a-spacing-mini\"><span class=\"a-list-item\">Esenciales de emergencia: equipado con una linterna incorporada de 120 l\u00famenes y luz estrobosc\u00f3pica, es la herramienta perfecta para manejar emergencias<\/span><\/li>\n<li class=\"a-spacing-mini\"><span class=\"a-list-item\">Arrancador de fuego resistente a la intemperie y al viento: dise\u00f1ado para soportar los elementos, cuenta con una tapa herm\u00e9tica que lo convierte en el complemento perfecto para tu equipo de camping<\/span><\/li>\n<li class=\"a-spacing-mini\"><span class=\"a-list-item\">Iluminaci\u00f3n vers\u00e1til: dise\u00f1ado para cualquier ocasi\u00f3n, este combo de linterna y encendedor el\u00e9ctrico pasa sin esfuerzo de un encendedor de velas interior a un compa\u00f1ero imprescindible para tus aventuras al aire libre<\/span><\/li>\n<li class=\"a-spacing-mini\"><span class=\"a-list-item\">Recargable a trav\u00e9s de Micro-USB: di adi\u00f3s a las preocupaciones por el combustible, simplemente c\u00e1rgalo para obtener una fuente de luz confiable. Tambi\u00e9n se incluye en la caja un cable de carga USB-A a micro USB y un cord\u00f3n<\/span><\/li>\n<\/ul>\n<\/div>\n<\/div>\n<div id=\"acf-carousel-v2_feature_div\" class=\"celwidget\" data-feature-name=\"acf-carousel-v2\" data-csa-c-type=\"widget\" data-csa-c-content-id=\"acf-carousel-v2\" data-csa-c-slot-id=\"acf-carousel-v2_feature_div\" data-csa-c-asin=\"B0CJB2G8KR\" data-csa-c-is-in-initial-active-row=\"false\" data-csa-c-id=\"zao2ja-677qtv-293qo4-ienet5\" data-cel-widget=\"acf-carousel-v2_feature_div\"><\/div>\n<div id=\"provenanceCertifications_feature_div\" class=\"celwidget\" data-feature-name=\"provenanceCertifications\" data-csa-c-type=\"widget\" data-csa-c-content-id=\"provenanceCertifications\" data-csa-c-slot-id=\"provenanceCertifications_feature_div\" data-csa-c-asin=\"B0CJB2G8KR\" data-csa-c-is-in-initial-active-row=\"false\" data-csa-c-id=\"b45pl2-oexdh8-1m45x2-fehsjx\" data-cel-widget=\"provenanceCertifications_feature_div\">\n<div id=\"provenance-certifications\" class=\"a-section a-spacing-medium a-spacing-top-micro\"><\/div>\n<\/div>\n<\/li>\n<\/ul>\n<\/div>\n<\/div>\n<div id=\"provenanceCertifications_feature_div\" class=\"celwidget\" data-feature-name=\"provenanceCertifications\" data-csa-c-type=\"widget\" data-csa-c-content-id=\"provenanceCertifications\" data-csa-c-slot-id=\"provenanceCertifications_feature_div\" data-csa-c-asin=\"B0CJB1VHLP\" data-csa-c-is-in-initial-active-row=\"false\" data-csa-c-id=\"wargi0-bsuofs-vgp8yq-f6bmxo\" data-cel-widget=\"provenanceCertifications_feature_div\">\n<div id=\"provenance-certifications\" class=\"a-section a-spacing-medium a-spacing-top-micro\"><\/div>\n<\/div>\n","protected":false},"excerpt":{"rendered":"<p>Iluminaci\u00f3n consistente: con un emisor de plasma de doble arco, este encendedor recargable garantiza una luz confiable y consistente cada<\/p>\n","protected":false},"featured_media":18504,"comment_status":"open","ping_status":"closed","template":"","meta":[],"product_cat":[23,144],"product_tag":[],"class_list":{"0":"post-18503","1":"product","2":"type-product","3":"status-publish","4":"has-post-thumbnail","6":"product_cat-senderismo","7":"product_cat-accesorios-hiking","9":"first","10":"instock","11":"taxable","12":"shipping-taxable","13":"purchasable","14":"product-type-simple"},"jetpack_sharing_enabled":true,"_links":{"self":[{"href":"https:\/\/piedranegra.net\/index.php\/wp-json\/wp\/v2\/product\/18503"}],"collection":[{"href":"https:\/\/piedranegra.net\/index.php\/wp-json\/wp\/v2\/product"}],"about":[{"href":"https:\/\/piedranegra.net\/index.php\/wp-json\/wp\/v2\/types\/product"}],"replies":[{"embeddable":true,"href":"https:\/\/piedranegra.net\/index.php\/wp-json\/wp\/v2\/comments?post=18503"}],"version-history":[{"count":3,"href":"https:\/\/piedranegra.net\/index.php\/wp-json\/wp\/v2\/product\/18503\/revisions"}],"predecessor-version":[{"id":18508,"href":"https:\/\/piedranegra.net\/index.php\/wp-json\/wp\/v2\/product\/18503\/revisions\/18508"}],"wp:featuredmedia":[{"embeddable":true,"href":"https:\/\/piedranegra.net\/index.php\/wp-json\/wp\/v2\/media\/18504"}],"wp:attachment":[{"href":"https:\/\/piedranegra.net\/index.php\/wp-json\/wp\/v2\/media?parent=18503"}],"wp:term":[{"taxonomy":"product_cat","embeddable":true,"href":"https:\/\/piedranegra.net\/index.php\/wp-json\/wp\/v2\/product_cat?post=18503"},{"taxonomy":"product_tag","embeddable":true,"href":"https:\/\/piedranegra.net\/index.php\/wp-json\/wp\/v2\/product_tag?post=18503"}],"curies":[{"name":"wp","href":"https:\/\/api.w.org\/{rel}","templated":true}]}}