{"id":18510,"date":"2024-09-27T21:37:35","date_gmt":"2024-09-27T21:37:35","guid":{"rendered":"https:\/\/piedranegra.net\/?post_type=product&#038;p=18510"},"modified":"2024-09-27T22:31:38","modified_gmt":"2024-09-27T22:31:38","slug":"panel-solar-8w-spectre-dark-energy","status":"publish","type":"product","link":"https:\/\/piedranegra.net\/index.php\/product\/panel-solar-8w-spectre-dark-energy\/","title":{"rendered":"Panel Solar 8w Spectre Dark Energy"},"content":{"rendered":"<ul class=\"a-unordered-list a-vertical a-spacing-mini\">\n<li class=\"a-spacing-mini\"><span class=\"a-list-item\">Dise\u00f1o de estaci\u00f3n de energ\u00eda ultra port\u00e1til: con dimensiones plegadas de 9.055 in x 8.898 in x 1.378 in y un peso de solo 7.97 onzas (7.97 oz), el Spectre 8W cabe f\u00e1cilmente en cualquier paquete o se fija con mosquetones, por lo que es el panel solar port\u00e1til ideal para tus aventuras<\/span><\/li>\n<li class=\"a-spacing-mini\"><span class=\"a-list-item\">Eficiencia de potencia a peso inigualable: utilizando la tecnolog\u00eda patentada CIGS, el banco de energ\u00eda solar Spectre ofrece la mayor potencia de salida por onza en el mercado, ofreciendo aproximadamente 1 W por onza<\/span><\/li>\n<li class=\"a-spacing-mini\"><span class=\"a-list-item\">Potencia inigualable: con 8 vatios de potencia de salida, el cargador de panel solar plegable Spectre sobresale en eficiencia energ\u00e9tica mientras mantiene una forma ligera y compacta, asegurando que tenga una amplia potencia para sus dispositivos dondequiera que vaya<\/span><\/li>\n<li class=\"a-spacing-mini\"><span class=\"a-list-item\">Construido para durar: con la robusta tecnolog\u00eda Photo-Skyn, el Spectre alimentado por energ\u00eda solar est\u00e1 dise\u00f1ado para soportar las condiciones exteriores m\u00e1s duras, proporcionando una fuente de alimentaci\u00f3n confiable en cualquier situaci\u00f3n y asegurando la durabilidad para un uso duradero<\/span><\/li>\n<li class=\"a-spacing-mini\"><span class=\"a-list-item\">Carga vers\u00e1til: ya sea que est\u00e9s haciendo senderismo, acampando o viajando, el Spectre 8W ofrece una versatilidad inigualable, lo que te permite cargar f\u00e1cilmente tus dispositivos sobre la marcha con su dise\u00f1o compacto y eficiente<\/span><\/li>\n<\/ul>\n","protected":false},"excerpt":{"rendered":"<p>Dise\u00f1o de estaci\u00f3n de energ\u00eda ultra port\u00e1til: con dimensiones plegadas de 9.055 in x 8.898 in x 1.378 in y<\/p>\n","protected":false},"featured_media":18529,"comment_status":"open","ping_status":"closed","template":"","meta":[],"product_cat":[144,23],"product_tag":[],"class_list":{"0":"post-18510","1":"product","2":"type-product","3":"status-publish","4":"has-post-thumbnail","6":"product_cat-accesorios-hiking","7":"product_cat-senderismo","9":"first","10":"instock","11":"taxable","12":"shipping-taxable","13":"purchasable","14":"product-type-simple"},"jetpack_sharing_enabled":true,"_links":{"self":[{"href":"https:\/\/piedranegra.net\/index.php\/wp-json\/wp\/v2\/product\/18510"}],"collection":[{"href":"https:\/\/piedranegra.net\/index.php\/wp-json\/wp\/v2\/product"}],"about":[{"href":"https:\/\/piedranegra.net\/index.php\/wp-json\/wp\/v2\/types\/product"}],"replies":[{"embeddable":true,"href":"https:\/\/piedranegra.net\/index.php\/wp-json\/wp\/v2\/comments?post=18510"}],"version-history":[{"count":2,"href":"https:\/\/piedranegra.net\/index.php\/wp-json\/wp\/v2\/product\/18510\/revisions"}],"predecessor-version":[{"id":18530,"href":"https:\/\/piedranegra.net\/index.php\/wp-json\/wp\/v2\/product\/18510\/revisions\/18530"}],"wp:featuredmedia":[{"embeddable":true,"href":"https:\/\/piedranegra.net\/index.php\/wp-json\/wp\/v2\/media\/18529"}],"wp:attachment":[{"href":"https:\/\/piedranegra.net\/index.php\/wp-json\/wp\/v2\/media?parent=18510"}],"wp:term":[{"taxonomy":"product_cat","embeddable":true,"href":"https:\/\/piedranegra.net\/index.php\/wp-json\/wp\/v2\/product_cat?post=18510"},{"taxonomy":"product_tag","embeddable":true,"href":"https:\/\/piedranegra.net\/index.php\/wp-json\/wp\/v2\/product_tag?post=18510"}],"curies":[{"name":"wp","href":"https:\/\/api.w.org\/{rel}","templated":true}]}}