{"id":18706,"date":"2024-11-30T17:04:40","date_gmt":"2024-11-30T17:04:40","guid":{"rendered":"https:\/\/piedranegra.net\/?post_type=product&#038;p=18706"},"modified":"2024-11-30T17:31:23","modified_gmt":"2024-11-30T17:31:23","slug":"cosmo-foco-de-cabeza","status":"publish","type":"product","link":"https:\/\/piedranegra.net\/index.php\/product\/cosmo-foco-de-cabeza\/","title":{"rendered":"COSMO Foco de cabeza"},"content":{"rendered":"<p>La versi\u00f3n Cosmo 350, cuenta con 350 l\u00famenes de potencia alojados en un cuerpo s\u00faper compacto y herm\u00e9tico, lo que lo hace perfecto para aventuras urbanas y pernoctaciones en el bosque. El nuevo cuerpo compacto del Cosmo es m\u00e1s ergon\u00f3mico con un perfil m\u00e1s bajo para un mejor equilibrio, y la interfaz de usuario actualizada incluye un segundo interruptor para una f\u00e1cil selecci\u00f3n de lentes.\u00a0 tambi\u00e9n cuenta con una banda el\u00e1stica para la cabeza fabricada de manera sostenible con textiles reciclados Repreve. Adem\u00e1s, la eficiencia \u00f3ptica actualizada no solo proporciona una luz m\u00e1s brillante, sino que tambi\u00e9n ahorra bater\u00eda. Y gracias a su construcci\u00f3n herm\u00e9tica, el Cosmo sigue iluminando el camino tanto si te ves obligado a volver a casa en bicicleta bajo la lluvia como si est\u00e1s caminando de regreso al campamento bajo un chaparr\u00f3n inesperado.<\/p>\n","protected":false},"excerpt":{"rendered":"<p>La versi\u00f3n Cosmo 350, cuenta con 350 l\u00famenes de potencia alojados en un cuerpo s\u00faper compacto y herm\u00e9tico, lo que<\/p>\n","protected":false},"featured_media":18707,"comment_status":"open","ping_status":"closed","template":"","meta":[],"product_cat":[22,23,137],"product_tag":[],"class_list":{"0":"post-18706","1":"product","2":"type-product","3":"status-publish","4":"has-post-thumbnail","6":"product_cat-camping","7":"product_cat-senderismo","8":"product_cat-lamparas-y-focos","10":"first","11":"instock","12":"taxable","13":"shipping-taxable","14":"purchasable","15":"product-type-simple"},"jetpack_sharing_enabled":true,"_links":{"self":[{"href":"https:\/\/piedranegra.net\/index.php\/wp-json\/wp\/v2\/product\/18706"}],"collection":[{"href":"https:\/\/piedranegra.net\/index.php\/wp-json\/wp\/v2\/product"}],"about":[{"href":"https:\/\/piedranegra.net\/index.php\/wp-json\/wp\/v2\/types\/product"}],"replies":[{"embeddable":true,"href":"https:\/\/piedranegra.net\/index.php\/wp-json\/wp\/v2\/comments?post=18706"}],"version-history":[{"count":3,"href":"https:\/\/piedranegra.net\/index.php\/wp-json\/wp\/v2\/product\/18706\/revisions"}],"predecessor-version":[{"id":18719,"href":"https:\/\/piedranegra.net\/index.php\/wp-json\/wp\/v2\/product\/18706\/revisions\/18719"}],"wp:featuredmedia":[{"embeddable":true,"href":"https:\/\/piedranegra.net\/index.php\/wp-json\/wp\/v2\/media\/18707"}],"wp:attachment":[{"href":"https:\/\/piedranegra.net\/index.php\/wp-json\/wp\/v2\/media?parent=18706"}],"wp:term":[{"taxonomy":"product_cat","embeddable":true,"href":"https:\/\/piedranegra.net\/index.php\/wp-json\/wp\/v2\/product_cat?post=18706"},{"taxonomy":"product_tag","embeddable":true,"href":"https:\/\/piedranegra.net\/index.php\/wp-json\/wp\/v2\/product_tag?post=18706"}],"curies":[{"name":"wp","href":"https:\/\/api.w.org\/{rel}","templated":true}]}}