{"id":18987,"date":"2025-03-13T20:20:08","date_gmt":"2025-03-13T20:20:08","guid":{"rendered":"https:\/\/piedranegra.net\/?post_type=product&#038;p=18987"},"modified":"2025-04-08T18:51:44","modified_gmt":"2025-04-08T18:51:44","slug":"sombrero-charlie-10668","status":"publish","type":"product","link":"https:\/\/piedranegra.net\/index.php\/product\/sombrero-charlie-10668\/","title":{"rendered":"Sombrero Charlie 10668"},"content":{"rendered":"<ul>\n<li>UPF 50+: bloquea el 98% de los rayos UVA\/UVB<\/li>\n<li>TELA: La tela Lite es ultra suave con una sensaci\u00f3n similar al algod\u00f3n, ligera, transpirable, de secado r\u00e1pido; la tecnolog\u00eda Cooltect\u2122 acelera la absorci\u00f3n de la humedad para un d\u00eda m\u00e1s fresco en el agua; Forro de malla e inserciones de ventilaci\u00f3n en los lados de la corona; Construcci\u00f3n extremadamente ligera, f\u00e1cil de plegar y de viaje.<\/li>\n<li>RECOMENDADO PARA: d\u00edas largos en el agua cuando necesitas mantenerte seco y protegido del sol UPF 50+ mientras navegas, pescas o paseas en bote.<\/li>\n<li>NO RECOMENDADO PARA: fitness activo, no absorbe la humedad y puede causar sobrecalentamiento.<\/li>\n<\/ul>\n","protected":false},"excerpt":{"rendered":"<p>UPF 50+: bloquea el 98% de los rayos UVA\/UVB TELA: La tela Lite es ultra suave con una sensaci\u00f3n similar<\/p>\n","protected":false},"featured_media":19362,"comment_status":"open","ping_status":"closed","template":"","meta":[],"product_cat":[22,23,272],"product_tag":[],"class_list":{"0":"post-18987","1":"product","2":"type-product","3":"status-publish","4":"has-post-thumbnail","6":"product_cat-camping","7":"product_cat-senderismo","8":"product_cat-sombreros","10":"first","11":"instock","12":"taxable","13":"shipping-taxable","14":"purchasable","15":"product-type-variable"},"jetpack_sharing_enabled":true,"_links":{"self":[{"href":"https:\/\/piedranegra.net\/index.php\/wp-json\/wp\/v2\/product\/18987"}],"collection":[{"href":"https:\/\/piedranegra.net\/index.php\/wp-json\/wp\/v2\/product"}],"about":[{"href":"https:\/\/piedranegra.net\/index.php\/wp-json\/wp\/v2\/types\/product"}],"replies":[{"embeddable":true,"href":"https:\/\/piedranegra.net\/index.php\/wp-json\/wp\/v2\/comments?post=18987"}],"version-history":[{"count":2,"href":"https:\/\/piedranegra.net\/index.php\/wp-json\/wp\/v2\/product\/18987\/revisions"}],"predecessor-version":[{"id":18996,"href":"https:\/\/piedranegra.net\/index.php\/wp-json\/wp\/v2\/product\/18987\/revisions\/18996"}],"wp:featuredmedia":[{"embeddable":true,"href":"https:\/\/piedranegra.net\/index.php\/wp-json\/wp\/v2\/media\/19362"}],"wp:attachment":[{"href":"https:\/\/piedranegra.net\/index.php\/wp-json\/wp\/v2\/media?parent=18987"}],"wp:term":[{"taxonomy":"product_cat","embeddable":true,"href":"https:\/\/piedranegra.net\/index.php\/wp-json\/wp\/v2\/product_cat?post=18987"},{"taxonomy":"product_tag","embeddable":true,"href":"https:\/\/piedranegra.net\/index.php\/wp-json\/wp\/v2\/product_tag?post=18987"}],"curies":[{"name":"wp","href":"https:\/\/api.w.org\/{rel}","templated":true}]}}