{"id":19107,"date":"2025-03-31T20:33:45","date_gmt":"2025-03-31T20:33:45","guid":{"rendered":"https:\/\/piedranegra.net\/?post_type=product&#038;p=19107"},"modified":"2025-07-28T21:01:29","modified_gmt":"2025-07-28T21:01:29","slug":"foco-aonijie-e4031","status":"publish","type":"product","link":"https:\/\/piedranegra.net\/index.php\/product\/foco-aonijie-e4031\/","title":{"rendered":"Foco AONIJIE E4031"},"content":{"rendered":"<p>Caracter\u00edsticas:<br \/>\n-Grado impermeable IPX7, la lente y la carcasa est\u00e1n formadas integralmente y son impermeables.<br \/>\n-Doble fuente de luz LED, baja potencia, uso m\u00e1s prolongado.<br \/>\n-El \u00e1ngulo de la fuente de luz se puede ajustar a 60 grados para adaptarse a diferentes entornos.<br \/>\n-Correas de ajuste bidireccional, absorci\u00f3n de humedad, transpiraci\u00f3n, sin deslizamiento.<br \/>\n-Ligero, c\u00f3modo y f\u00e1cil de usar-Funci\u00f3n t\u00e1ctil sensible<\/p>\n","protected":false},"excerpt":{"rendered":"<p>Caracter\u00edsticas: -Grado impermeable IPX7, la lente y la carcasa est\u00e1n formadas integralmente y son impermeables. -Doble fuente de luz LED,<\/p>\n","protected":false},"featured_media":19108,"comment_status":"open","ping_status":"closed","template":"","meta":[],"product_cat":[22,137,23],"product_tag":[],"class_list":{"0":"post-19107","1":"product","2":"type-product","3":"status-publish","4":"has-post-thumbnail","6":"product_cat-camping","7":"product_cat-lamparas-y-focos","8":"product_cat-senderismo","10":"first","11":"instock","12":"taxable","13":"shipping-taxable","14":"purchasable","15":"product-type-simple"},"jetpack_sharing_enabled":true,"_links":{"self":[{"href":"https:\/\/piedranegra.net\/index.php\/wp-json\/wp\/v2\/product\/19107"}],"collection":[{"href":"https:\/\/piedranegra.net\/index.php\/wp-json\/wp\/v2\/product"}],"about":[{"href":"https:\/\/piedranegra.net\/index.php\/wp-json\/wp\/v2\/types\/product"}],"replies":[{"embeddable":true,"href":"https:\/\/piedranegra.net\/index.php\/wp-json\/wp\/v2\/comments?post=19107"}],"version-history":[{"count":1,"href":"https:\/\/piedranegra.net\/index.php\/wp-json\/wp\/v2\/product\/19107\/revisions"}],"predecessor-version":[{"id":19110,"href":"https:\/\/piedranegra.net\/index.php\/wp-json\/wp\/v2\/product\/19107\/revisions\/19110"}],"wp:featuredmedia":[{"embeddable":true,"href":"https:\/\/piedranegra.net\/index.php\/wp-json\/wp\/v2\/media\/19108"}],"wp:attachment":[{"href":"https:\/\/piedranegra.net\/index.php\/wp-json\/wp\/v2\/media?parent=19107"}],"wp:term":[{"taxonomy":"product_cat","embeddable":true,"href":"https:\/\/piedranegra.net\/index.php\/wp-json\/wp\/v2\/product_cat?post=19107"},{"taxonomy":"product_tag","embeddable":true,"href":"https:\/\/piedranegra.net\/index.php\/wp-json\/wp\/v2\/product_tag?post=19107"}],"curies":[{"name":"wp","href":"https:\/\/api.w.org\/{rel}","templated":true}]}}