{"id":19234,"date":"2025-04-02T14:09:09","date_gmt":"2025-04-02T14:09:09","guid":{"rendered":"https:\/\/piedranegra.net\/?post_type=product&#038;p=19234"},"modified":"2025-04-02T14:37:11","modified_gmt":"2025-04-02T14:37:11","slug":"sleeping-bag-f150-nh22msd05","status":"publish","type":"product","link":"https:\/\/piedranegra.net\/index.php\/product\/sleeping-bag-f150-nh22msd05\/","title":{"rendered":"Sleeping Bag F150 NH22MSD05"},"content":{"rendered":"<ul class=\"seo-sellpoints--sellerPoint--RcmFO_y\" data-spm-anchor-id=\"a2g0o.detail.0.i12.4334PhswPhswpJ\">\n<li>\n<h6 data-spm-anchor-id=\"a2g0o.detail.0.i11.4334PhswPhswpJ\">Tama\u00f1o compacto para almacenamiento:Su tama\u00f1o de almacenamiento de 15&#215;38 cm facilita el transporte y el almacenamiento de la bolsa de dormir Naturehike F150.<\/h6>\n<\/li>\n<li>\n<h6>Ajuste de temperatura \u00f3ptimo:Ideal para primavera, oto\u00f1o y verano, la Naturehike F150 mantiene el confort en una amplia gama de temperaturas.<\/h6>\n<\/li>\n<li>\n<h6>Naturehike F150 Sleeping Bag|Ultraligero y splicable:La Naturehike F150 es perfecta para acampar, con un dise\u00f1o splicable que maximiza el espacio y la comodidad.<\/h6>\n<\/li>\n<li>\n<h6>Lavable en m\u00e1quina : La bolsa de dormir Naturehike F150 es f\u00e1cil de mantener, gracias a su lavable en m\u00e1quina caracter\u00edstica.<\/h6>\n<\/li>\n<li>\n<h6>Material de nailon resistente:Confeccionada en nailon duradero, esta bolsa de dormir Naturehike F150 ofrece resistencia y durabilidad.<\/h6>\n<\/li>\n<\/ul>\n","protected":false},"excerpt":{"rendered":"<p>Tama\u00f1o compacto para almacenamiento:Su tama\u00f1o de almacenamiento de 15&#215;38 cm facilita el transporte y el almacenamiento de la bolsa de<\/p>\n","protected":false},"featured_media":19235,"comment_status":"open","ping_status":"closed","template":"","meta":[],"product_cat":[22,150],"product_tag":[188],"class_list":{"0":"post-19234","1":"product","2":"type-product","3":"status-publish","4":"has-post-thumbnail","6":"product_cat-camping","7":"product_cat-sleeping-bag","8":"product_tag-acampar-sleeping-viaje","10":"first","11":"instock","12":"taxable","13":"shipping-taxable","14":"purchasable","15":"product-type-simple"},"jetpack_sharing_enabled":true,"_links":{"self":[{"href":"https:\/\/piedranegra.net\/index.php\/wp-json\/wp\/v2\/product\/19234"}],"collection":[{"href":"https:\/\/piedranegra.net\/index.php\/wp-json\/wp\/v2\/product"}],"about":[{"href":"https:\/\/piedranegra.net\/index.php\/wp-json\/wp\/v2\/types\/product"}],"replies":[{"embeddable":true,"href":"https:\/\/piedranegra.net\/index.php\/wp-json\/wp\/v2\/comments?post=19234"}],"version-history":[{"count":2,"href":"https:\/\/piedranegra.net\/index.php\/wp-json\/wp\/v2\/product\/19234\/revisions"}],"predecessor-version":[{"id":19238,"href":"https:\/\/piedranegra.net\/index.php\/wp-json\/wp\/v2\/product\/19234\/revisions\/19238"}],"wp:featuredmedia":[{"embeddable":true,"href":"https:\/\/piedranegra.net\/index.php\/wp-json\/wp\/v2\/media\/19235"}],"wp:attachment":[{"href":"https:\/\/piedranegra.net\/index.php\/wp-json\/wp\/v2\/media?parent=19234"}],"wp:term":[{"taxonomy":"product_cat","embeddable":true,"href":"https:\/\/piedranegra.net\/index.php\/wp-json\/wp\/v2\/product_cat?post=19234"},{"taxonomy":"product_tag","embeddable":true,"href":"https:\/\/piedranegra.net\/index.php\/wp-json\/wp\/v2\/product_tag?post=19234"}],"curies":[{"name":"wp","href":"https:\/\/api.w.org\/{rel}","templated":true}]}}