{"id":19245,"date":"2025-04-02T15:15:05","date_gmt":"2025-04-02T15:15:05","guid":{"rendered":"https:\/\/piedranegra.net\/?post_type=product&#038;p=19245"},"modified":"2025-04-02T15:46:07","modified_gmt":"2025-04-02T15:46:07","slug":"sleeping-bag-ld150-cnk2300sd016-1","status":"publish","type":"product","link":"https:\/\/piedranegra.net\/index.php\/product\/sleeping-bag-ld150-cnk2300sd016-1\/","title":{"rendered":"Sleeping Bag LD150 CNK2300SD016-1"},"content":{"rendered":"<ul class=\"seo-sellpoints--sellerPoint--RcmFO_y\" data-spm-anchor-id=\"a2g0o.detail.0.i12.4334PhswPhswpJ\">\n<li>\n<ul class=\"seo-sellpoints--sellerPoint--RcmFO_y\">\n<li>Saco de dormir de viaje individual Naturehike\u00a0 LD 150 El valor de un producto limpio, sencillo y popular. Todos conf\u00edan en nosotros durante las pausas para el almuerzo en el trabajo, las pernoctaciones en tiendas de campa\u00f1a y los viajes por las tierras altas. Compacto para llevar, se puede guardar en el casillero personal de la empresa, no es una carga ni una molestia para las pertenencias personales cuando se viaja.Los productos Naturehike siempre tienen diferentes subversiones. Diferentes niveles de protecci\u00f3n, protegiendo a los usuarios para el prop\u00f3sito y momento de aplicaci\u00f3n adecuados. Los mismos valores fundamentales. Suave, liso, delicado y amigable con el producto CNK2300SD016: el saco de dormir Glamping de alta calidad de Naturehike.<\/li>\n<\/ul>\n<\/li>\n<\/ul>\n","protected":false},"excerpt":{"rendered":"<p>Saco de dormir de viaje individual Naturehike\u00a0 LD 150 El valor de un producto limpio, sencillo y popular. Todos conf\u00edan<\/p>\n","protected":false},"featured_media":19246,"comment_status":"open","ping_status":"closed","template":"","meta":[],"product_cat":[22,150],"product_tag":[188],"class_list":{"0":"post-19245","1":"product","2":"type-product","3":"status-publish","4":"has-post-thumbnail","6":"product_cat-camping","7":"product_cat-sleeping-bag","8":"product_tag-acampar-sleeping-viaje","10":"first","11":"instock","12":"taxable","13":"shipping-taxable","14":"purchasable","15":"product-type-simple"},"jetpack_sharing_enabled":true,"_links":{"self":[{"href":"https:\/\/piedranegra.net\/index.php\/wp-json\/wp\/v2\/product\/19245"}],"collection":[{"href":"https:\/\/piedranegra.net\/index.php\/wp-json\/wp\/v2\/product"}],"about":[{"href":"https:\/\/piedranegra.net\/index.php\/wp-json\/wp\/v2\/types\/product"}],"replies":[{"embeddable":true,"href":"https:\/\/piedranegra.net\/index.php\/wp-json\/wp\/v2\/comments?post=19245"}],"version-history":[{"count":4,"href":"https:\/\/piedranegra.net\/index.php\/wp-json\/wp\/v2\/product\/19245\/revisions"}],"predecessor-version":[{"id":19250,"href":"https:\/\/piedranegra.net\/index.php\/wp-json\/wp\/v2\/product\/19245\/revisions\/19250"}],"wp:featuredmedia":[{"embeddable":true,"href":"https:\/\/piedranegra.net\/index.php\/wp-json\/wp\/v2\/media\/19246"}],"wp:attachment":[{"href":"https:\/\/piedranegra.net\/index.php\/wp-json\/wp\/v2\/media?parent=19245"}],"wp:term":[{"taxonomy":"product_cat","embeddable":true,"href":"https:\/\/piedranegra.net\/index.php\/wp-json\/wp\/v2\/product_cat?post=19245"},{"taxonomy":"product_tag","embeddable":true,"href":"https:\/\/piedranegra.net\/index.php\/wp-json\/wp\/v2\/product_tag?post=19245"}],"curies":[{"name":"wp","href":"https:\/\/api.w.org\/{rel}","templated":true}]}}