{"id":19256,"date":"2025-04-02T18:28:58","date_gmt":"2025-04-02T18:28:58","guid":{"rendered":"https:\/\/piedranegra.net\/?post_type=product&#038;p=19256"},"modified":"2025-04-02T18:41:52","modified_gmt":"2025-04-02T18:41:52","slug":"colchon-auto-inflable-cnk2300dz014","status":"publish","type":"product","link":"https:\/\/piedranegra.net\/index.php\/product\/colchon-auto-inflable-cnk2300dz014\/","title":{"rendered":"Colch\u00f3n auto Inflable CNK2300DZ014"},"content":{"rendered":"<h6><span id=\"tl_2\" data-spm-anchor-id=\"a2g0o.detail.1000023.i0.7e10xXbGxXbG0T\">Marca: Naturehike<\/span><\/h6>\n<h6><span id=\"tl_3\">Modelo N.O.: CNK2300DZ014<\/span><\/h6>\n<h6><span id=\"tl_4\">Nombre: Coj\u00edn inflable autom\u00e1tico<\/span><\/h6>\n<h6><span id=\"tl_5\">Material: 100% poli\u00e9ster, esponja de alto rebote<\/span><\/h6>\n<h6><span id=\"tl_6\">Estilo: simple,<\/span><\/h6>\n<h6><span id=\"tl_7\">N\u00famero de usuarios: 1 persona (simple)<\/span><\/h6>\n<h6><span id=\"tl_8\">Tama\u00f1o: 192x65cm(Simple)<\/span><\/h6>\n<h6><span id=\"tl_9\">Espesor: 3 cm<\/span><\/h6>\n<h6><\/h6>\n","protected":false},"excerpt":{"rendered":"<p>Marca: Naturehike Modelo N.O.: CNK2300DZ014 Nombre: Coj\u00edn inflable autom\u00e1tico Material: 100% poli\u00e9ster, esponja de alto rebote Estilo: simple, N\u00famero de<\/p>\n","protected":false},"featured_media":19257,"comment_status":"open","ping_status":"closed","template":"","meta":[],"product_cat":[22],"product_tag":[181],"class_list":{"0":"post-19256","1":"product","2":"type-product","3":"status-publish","4":"has-post-thumbnail","6":"product_cat-camping","7":"product_tag-viaje-acampar-colchon-inflable","9":"first","10":"instock","11":"taxable","12":"shipping-taxable","13":"purchasable","14":"product-type-simple"},"jetpack_sharing_enabled":true,"_links":{"self":[{"href":"https:\/\/piedranegra.net\/index.php\/wp-json\/wp\/v2\/product\/19256"}],"collection":[{"href":"https:\/\/piedranegra.net\/index.php\/wp-json\/wp\/v2\/product"}],"about":[{"href":"https:\/\/piedranegra.net\/index.php\/wp-json\/wp\/v2\/types\/product"}],"replies":[{"embeddable":true,"href":"https:\/\/piedranegra.net\/index.php\/wp-json\/wp\/v2\/comments?post=19256"}],"version-history":[{"count":1,"href":"https:\/\/piedranegra.net\/index.php\/wp-json\/wp\/v2\/product\/19256\/revisions"}],"predecessor-version":[{"id":19258,"href":"https:\/\/piedranegra.net\/index.php\/wp-json\/wp\/v2\/product\/19256\/revisions\/19258"}],"wp:featuredmedia":[{"embeddable":true,"href":"https:\/\/piedranegra.net\/index.php\/wp-json\/wp\/v2\/media\/19257"}],"wp:attachment":[{"href":"https:\/\/piedranegra.net\/index.php\/wp-json\/wp\/v2\/media?parent=19256"}],"wp:term":[{"taxonomy":"product_cat","embeddable":true,"href":"https:\/\/piedranegra.net\/index.php\/wp-json\/wp\/v2\/product_cat?post=19256"},{"taxonomy":"product_tag","embeddable":true,"href":"https:\/\/piedranegra.net\/index.php\/wp-json\/wp\/v2\/product_tag?post=19256"}],"curies":[{"name":"wp","href":"https:\/\/api.w.org\/{rel}","templated":true}]}}