{"id":19326,"date":"2025-04-07T19:55:41","date_gmt":"2025-04-07T19:55:41","guid":{"rendered":"https:\/\/piedranegra.net\/?post_type=product&#038;p=19326"},"modified":"2026-02-27T17:36:45","modified_gmt":"2026-02-27T17:36:45","slug":"salveque-nevo-rhino-9067-copia","status":"publish","type":"product","link":"https:\/\/piedranegra.net\/index.php\/product\/salveque-nevo-rhino-9067-copia\/","title":{"rendered":"Salveque Nevo Rhino # 9112"},"content":{"rendered":"<p>Dise\u00f1ado para ofrecer m\u00e1xima comodidad y rendimiento en tus aventuras. Cuenta con soporte acolchado de espalda y cintur\u00f3n lumbar para una mejor distribuci\u00f3n del peso. Fabricado con material resistente y repelente al agua.<\/p>\n<p>Incluye capa impermeable para lluvia, m\u00faltiples compartimentos de almacenamiento y espacio interno para bolsa de hidrataci\u00f3n con salida para manguera.<\/p>\n<p>Ideal para senderismo, monta\u00f1a y viajes al aire libre.<\/p>\n","protected":false},"excerpt":{"rendered":"<p>Dise\u00f1ado para ofrecer m\u00e1xima comodidad y rendimiento en tus aventuras. Cuenta con soporte acolchado de espalda y cintur\u00f3n lumbar para<\/p>\n","protected":false},"featured_media":19333,"comment_status":"open","ping_status":"closed","template":"","meta":[],"product_cat":[21,119,139,140],"product_tag":[],"class_list":{"0":"post-19326","1":"product","2":"type-product","3":"status-publish","4":"has-post-thumbnail","6":"product_cat-trailrunning","7":"product_cat-accesorios","8":"product_cat-travel","9":"product_cat-mochilas-travel","11":"first","12":"instock","13":"taxable","14":"shipping-taxable","15":"purchasable","16":"product-type-variable"},"jetpack_sharing_enabled":true,"_links":{"self":[{"href":"https:\/\/piedranegra.net\/index.php\/wp-json\/wp\/v2\/product\/19326"}],"collection":[{"href":"https:\/\/piedranegra.net\/index.php\/wp-json\/wp\/v2\/product"}],"about":[{"href":"https:\/\/piedranegra.net\/index.php\/wp-json\/wp\/v2\/types\/product"}],"replies":[{"embeddable":true,"href":"https:\/\/piedranegra.net\/index.php\/wp-json\/wp\/v2\/comments?post=19326"}],"version-history":[{"count":3,"href":"https:\/\/piedranegra.net\/index.php\/wp-json\/wp\/v2\/product\/19326\/revisions"}],"predecessor-version":[{"id":19814,"href":"https:\/\/piedranegra.net\/index.php\/wp-json\/wp\/v2\/product\/19326\/revisions\/19814"}],"wp:featuredmedia":[{"embeddable":true,"href":"https:\/\/piedranegra.net\/index.php\/wp-json\/wp\/v2\/media\/19333"}],"wp:attachment":[{"href":"https:\/\/piedranegra.net\/index.php\/wp-json\/wp\/v2\/media?parent=19326"}],"wp:term":[{"taxonomy":"product_cat","embeddable":true,"href":"https:\/\/piedranegra.net\/index.php\/wp-json\/wp\/v2\/product_cat?post=19326"},{"taxonomy":"product_tag","embeddable":true,"href":"https:\/\/piedranegra.net\/index.php\/wp-json\/wp\/v2\/product_tag?post=19326"}],"curies":[{"name":"wp","href":"https:\/\/api.w.org\/{rel}","templated":true}]}}