{"id":19403,"date":"2025-07-16T19:06:23","date_gmt":"2025-07-16T19:06:23","guid":{"rendered":"https:\/\/piedranegra.net\/?post_type=product&#038;p=19403"},"modified":"2026-05-06T18:07:37","modified_gmt":"2026-05-06T18:07:37","slug":"pantalon-aonijie-fw6217-negro-y-khaki","status":"publish","type":"product","link":"https:\/\/piedranegra.net\/index.php\/product\/pantalon-aonijie-fw6217-negro-y-khaki\/","title":{"rendered":"Pantalon Aonijie FW6217 Khaki"},"content":{"rendered":"<p>\u2022 Tejido t\u00e9cnico el\u00e1stico, c\u00e1lido y transpirable.<\/p>\n<p>\u2022 Cintur\u00f3n con hebilla incorporado para un ajuste personalizado.<\/p>\n<p>\u2022 Tratamiento repelente a el agua que protege contra salpicaduras.<\/p>\n<p>\u2022 Cierres YKK: aseguran durabilidad y buen funcionamiento.<\/p>\n<p>\u2022 Dise\u00f1o ergon\u00f3mico que favorece la movilidad y el confort durante el uso.<\/p>\n<p>\u2022 Adecuado para actividades de monta\u00f1a, senderismo, uso urbano\u00a0y viajes.\u200b<\/p>\n","protected":false},"excerpt":{"rendered":"<p>\u2022 Tejido t\u00e9cnico el\u00e1stico, c\u00e1lido y transpirable. \u2022 Cintur\u00f3n con hebilla incorporado para un ajuste personalizado. \u2022 Tratamiento repelente a<\/p>\n","protected":false},"featured_media":20550,"comment_status":"open","ping_status":"closed","template":"","meta":[],"product_cat":[23,21],"product_tag":[],"class_list":{"0":"post-19403","1":"product","2":"type-product","3":"status-publish","4":"has-post-thumbnail","6":"product_cat-senderismo","7":"product_cat-trailrunning","9":"first","10":"instock","11":"taxable","12":"shipping-taxable","13":"purchasable","14":"product-type-simple"},"jetpack_sharing_enabled":true,"_links":{"self":[{"href":"https:\/\/piedranegra.net\/index.php\/wp-json\/wp\/v2\/product\/19403"}],"collection":[{"href":"https:\/\/piedranegra.net\/index.php\/wp-json\/wp\/v2\/product"}],"about":[{"href":"https:\/\/piedranegra.net\/index.php\/wp-json\/wp\/v2\/types\/product"}],"replies":[{"embeddable":true,"href":"https:\/\/piedranegra.net\/index.php\/wp-json\/wp\/v2\/comments?post=19403"}],"version-history":[{"count":3,"href":"https:\/\/piedranegra.net\/index.php\/wp-json\/wp\/v2\/product\/19403\/revisions"}],"predecessor-version":[{"id":20552,"href":"https:\/\/piedranegra.net\/index.php\/wp-json\/wp\/v2\/product\/19403\/revisions\/20552"}],"wp:featuredmedia":[{"embeddable":true,"href":"https:\/\/piedranegra.net\/index.php\/wp-json\/wp\/v2\/media\/20550"}],"wp:attachment":[{"href":"https:\/\/piedranegra.net\/index.php\/wp-json\/wp\/v2\/media?parent=19403"}],"wp:term":[{"taxonomy":"product_cat","embeddable":true,"href":"https:\/\/piedranegra.net\/index.php\/wp-json\/wp\/v2\/product_cat?post=19403"},{"taxonomy":"product_tag","embeddable":true,"href":"https:\/\/piedranegra.net\/index.php\/wp-json\/wp\/v2\/product_tag?post=19403"}],"curies":[{"name":"wp","href":"https:\/\/api.w.org\/{rel}","templated":true}]}}