{"id":19505,"date":"2025-11-14T18:26:04","date_gmt":"2025-11-14T18:26:04","guid":{"rendered":"https:\/\/piedranegra.net\/?post_type=product&#038;p=19505"},"modified":"2025-11-14T18:29:05","modified_gmt":"2025-11-14T18:29:05","slug":"pano-microfibra-nh20fs009-100x30","status":"publish","type":"product","link":"https:\/\/piedranegra.net\/index.php\/product\/pano-microfibra-nh20fs009-100x30\/","title":{"rendered":"Pa\u00f1o Microfibra NH20FS009 100&#215;30"},"content":{"rendered":"<p>Naturehike-Toalla de microfibra para playa, toalla deportiva para gimnasio, nataci\u00f3n, ba\u00f1o, Camping, secado r\u00e1pido,con bolsillo para senderismo<\/p>\n","protected":false},"excerpt":{"rendered":"<p>Naturehike-Toalla de microfibra para playa, toalla deportiva para gimnasio, nataci\u00f3n, ba\u00f1o, Camping, secado r\u00e1pido,con bolsillo para senderismo<\/p>\n","protected":false},"featured_media":3566,"comment_status":"open","ping_status":"closed","template":"","meta":[],"product_cat":[144,22,23],"product_tag":[170],"class_list":{"0":"post-19505","1":"product","2":"type-product","3":"status-publish","4":"has-post-thumbnail","6":"product_cat-accesorios-hiking","7":"product_cat-camping","8":"product_cat-senderismo","9":"product_tag-viaje-pano","11":"first","12":"instock","13":"taxable","14":"shipping-taxable","15":"purchasable","16":"product-type-variable"},"jetpack_sharing_enabled":true,"_links":{"self":[{"href":"https:\/\/piedranegra.net\/index.php\/wp-json\/wp\/v2\/product\/19505"}],"collection":[{"href":"https:\/\/piedranegra.net\/index.php\/wp-json\/wp\/v2\/product"}],"about":[{"href":"https:\/\/piedranegra.net\/index.php\/wp-json\/wp\/v2\/types\/product"}],"replies":[{"embeddable":true,"href":"https:\/\/piedranegra.net\/index.php\/wp-json\/wp\/v2\/comments?post=19505"}],"version-history":[{"count":1,"href":"https:\/\/piedranegra.net\/index.php\/wp-json\/wp\/v2\/product\/19505\/revisions"}],"predecessor-version":[{"id":19509,"href":"https:\/\/piedranegra.net\/index.php\/wp-json\/wp\/v2\/product\/19505\/revisions\/19509"}],"wp:featuredmedia":[{"embeddable":true,"href":"https:\/\/piedranegra.net\/index.php\/wp-json\/wp\/v2\/media\/3566"}],"wp:attachment":[{"href":"https:\/\/piedranegra.net\/index.php\/wp-json\/wp\/v2\/media?parent=19505"}],"wp:term":[{"taxonomy":"product_cat","embeddable":true,"href":"https:\/\/piedranegra.net\/index.php\/wp-json\/wp\/v2\/product_cat?post=19505"},{"taxonomy":"product_tag","embeddable":true,"href":"https:\/\/piedranegra.net\/index.php\/wp-json\/wp\/v2\/product_tag?post=19505"}],"curies":[{"name":"wp","href":"https:\/\/api.w.org\/{rel}","templated":true}]}}