{"id":19524,"date":"2025-11-14T19:29:48","date_gmt":"2025-11-14T19:29:48","guid":{"rendered":"https:\/\/piedranegra.net\/?post_type=product&#038;p=19524"},"modified":"2026-03-03T20:50:43","modified_gmt":"2026-03-03T20:50:43","slug":"sombrero-naturehike-cyy2521fs014","status":"publish","type":"product","link":"https:\/\/piedranegra.net\/index.php\/product\/sombrero-naturehike-cyy2521fs014\/","title":{"rendered":"Sombrero Naturehike Cyy2521fs014"},"content":{"rendered":"<ul>\n<li>El sombrero desmontable con protecci\u00f3n UV Full Sun Protect de Naturehike est\u00e1 hecho de\u00a0<strong>nylon ligero y transpirable<\/strong>.<\/li>\n<li>Cuenta con un nivel de<strong>\u00a0protecci\u00f3n UV\u00a0UPF2000+<\/strong>, capaz de bloquear hasta el 99% de los rayos UV.<\/li>\n<li>Su dise\u00f1o ofrece\u00a0<strong>protecci\u00f3n solar 360\u00b0<\/strong>\u00a0gracias a su ala ancha, cobertura adicional en la nuca y cubierta facial. Estas\u00a0<strong>cubiertas son desmontables<\/strong>\u00a0para que puedas usarlas seg\u00fan tu comodidad y requerimiento.<\/li>\n<li>La protecci\u00f3n facial incluye una zona de malla en la nariz y boca para que puedas respirar sin dificultad. Adem\u00e1s, su extensi\u00f3n\u00a0<strong>permite proteger tambi\u00e9n tu cuello<\/strong>.<\/li>\n<li>En la parte interior cuenta con una\u00a0<strong>franja absorbente y de secado r\u00e1pido<\/strong>\u00a0para el sudor.<\/li>\n<li>Cuenta con un\u00a0<strong>cord\u00f3n de ajuste para la barbilla<\/strong>\u00a0para mantenerlo m\u00e1s estable durante tus excursiones.<\/li>\n<li>Con un peso aproximado de 70\u202fgr, se adapta c\u00f3modamente a largas jornadas de senderismo, pesca o camping.<\/li>\n<li>Es una excelente elecci\u00f3n para largas jornadas de caminatas\u00a0<strong>en entornos tropicales o en climas c\u00e1lidos<\/strong>.<\/li>\n<\/ul>\n","protected":false},"excerpt":{"rendered":"<p>El sombrero desmontable con protecci\u00f3n UV Full Sun Protect de Naturehike est\u00e1 hecho de\u00a0nylon ligero y transpirable. Cuenta con un<\/p>\n","protected":false},"featured_media":19525,"comment_status":"open","ping_status":"closed","template":"","meta":[],"product_cat":[22,23,272,139],"product_tag":[],"class_list":{"0":"post-19524","1":"product","2":"type-product","3":"status-publish","4":"has-post-thumbnail","6":"product_cat-camping","7":"product_cat-senderismo","8":"product_cat-sombreros","9":"product_cat-travel","11":"first","12":"instock","13":"taxable","14":"shipping-taxable","15":"purchasable","16":"product-type-simple"},"jetpack_sharing_enabled":true,"_links":{"self":[{"href":"https:\/\/piedranegra.net\/index.php\/wp-json\/wp\/v2\/product\/19524"}],"collection":[{"href":"https:\/\/piedranegra.net\/index.php\/wp-json\/wp\/v2\/product"}],"about":[{"href":"https:\/\/piedranegra.net\/index.php\/wp-json\/wp\/v2\/types\/product"}],"replies":[{"embeddable":true,"href":"https:\/\/piedranegra.net\/index.php\/wp-json\/wp\/v2\/comments?post=19524"}],"version-history":[{"count":2,"href":"https:\/\/piedranegra.net\/index.php\/wp-json\/wp\/v2\/product\/19524\/revisions"}],"predecessor-version":[{"id":19527,"href":"https:\/\/piedranegra.net\/index.php\/wp-json\/wp\/v2\/product\/19524\/revisions\/19527"}],"wp:featuredmedia":[{"embeddable":true,"href":"https:\/\/piedranegra.net\/index.php\/wp-json\/wp\/v2\/media\/19525"}],"wp:attachment":[{"href":"https:\/\/piedranegra.net\/index.php\/wp-json\/wp\/v2\/media?parent=19524"}],"wp:term":[{"taxonomy":"product_cat","embeddable":true,"href":"https:\/\/piedranegra.net\/index.php\/wp-json\/wp\/v2\/product_cat?post=19524"},{"taxonomy":"product_tag","embeddable":true,"href":"https:\/\/piedranegra.net\/index.php\/wp-json\/wp\/v2\/product_tag?post=19524"}],"curies":[{"name":"wp","href":"https:\/\/api.w.org\/{rel}","templated":true}]}}