{"id":19646,"date":"2026-01-23T16:10:50","date_gmt":"2026-01-23T16:10:50","guid":{"rendered":"https:\/\/piedranegra.net\/?post_type=product&#038;p=19646"},"modified":"2026-01-23T16:15:04","modified_gmt":"2026-01-23T16:15:04","slug":"sleeping-bag-c180","status":"publish","type":"product","link":"https:\/\/piedranegra.net\/index.php\/product\/sleeping-bag-c180\/","title":{"rendered":"Sleeping Bag C180"},"content":{"rendered":"<ul class=\"seo-sellpoints--sellerPoint--RcmFO_y\" data-spm-anchor-id=\"a2g0o.detail.0.i6.311aPrF4PrF4CD\">\n<li data-spm-anchor-id=\"a2g0o.detail.0.i5.311aPrF4PrF4CD\">\n<ul>\n<li><span dir=\"auto\">Este producto es un conjunto de saco de dormir para beb\u00e9s, ni\u00f1os peque\u00f1os y tambi\u00e9n adolescentes en crecimiento, ser\u00e1 una gran ayuda para mantener su cuerpo abrigado y al mismo tiempo lucir adorable.<\/span><\/li>\n<li><span dir=\"auto\">\u00a1Lo m\u00e1s importante de este producto es su capacidad para adaptarse al crecimiento de tu hijo! La bolsa de almacenamiento incorpora un mecanismo de empalme que puede usarse como extensi\u00f3n para los pies del saco de dormir. El saco de dormir puede medir 160 cm de largo o 190 cm despu\u00e9s de la extensi\u00f3n.<\/span><\/li>\n<li><span dir=\"auto\">El pongee de poli\u00e9ster impermeable mantiene tu saco de dormir seco.<\/span><\/li>\n<li><span dir=\"auto\">El producto est\u00e1 dise\u00f1ado para ser liviano, duradero y f\u00e1cil de transportar en una bolsa de transporte tipo sobre.<\/span><\/li>\n<li><span dir=\"auto\">El producto est\u00e1 hecho de una tela suave especial, con buena transpirabilidad y elasticidad, que puede brindarle un sue\u00f1o confortable.<\/span><\/li>\n<\/ul>\n<\/li>\n<\/ul>\n","protected":false},"excerpt":{"rendered":"<p>Este producto es un conjunto de saco de dormir para beb\u00e9s, ni\u00f1os peque\u00f1os y tambi\u00e9n adolescentes en crecimiento, ser\u00e1 una<\/p>\n","protected":false},"featured_media":19647,"comment_status":"open","ping_status":"closed","template":"","meta":[],"product_cat":[22,150],"product_tag":[],"class_list":{"0":"post-19646","1":"product","2":"type-product","3":"status-publish","4":"has-post-thumbnail","6":"product_cat-camping","7":"product_cat-sleeping-bag","9":"first","10":"instock","11":"taxable","12":"shipping-taxable","13":"purchasable","14":"product-type-simple"},"jetpack_sharing_enabled":true,"_links":{"self":[{"href":"https:\/\/piedranegra.net\/index.php\/wp-json\/wp\/v2\/product\/19646"}],"collection":[{"href":"https:\/\/piedranegra.net\/index.php\/wp-json\/wp\/v2\/product"}],"about":[{"href":"https:\/\/piedranegra.net\/index.php\/wp-json\/wp\/v2\/types\/product"}],"replies":[{"embeddable":true,"href":"https:\/\/piedranegra.net\/index.php\/wp-json\/wp\/v2\/comments?post=19646"}],"version-history":[{"count":1,"href":"https:\/\/piedranegra.net\/index.php\/wp-json\/wp\/v2\/product\/19646\/revisions"}],"predecessor-version":[{"id":19648,"href":"https:\/\/piedranegra.net\/index.php\/wp-json\/wp\/v2\/product\/19646\/revisions\/19648"}],"wp:featuredmedia":[{"embeddable":true,"href":"https:\/\/piedranegra.net\/index.php\/wp-json\/wp\/v2\/media\/19647"}],"wp:attachment":[{"href":"https:\/\/piedranegra.net\/index.php\/wp-json\/wp\/v2\/media?parent=19646"}],"wp:term":[{"taxonomy":"product_cat","embeddable":true,"href":"https:\/\/piedranegra.net\/index.php\/wp-json\/wp\/v2\/product_cat?post=19646"},{"taxonomy":"product_tag","embeddable":true,"href":"https:\/\/piedranegra.net\/index.php\/wp-json\/wp\/v2\/product_tag?post=19646"}],"curies":[{"name":"wp","href":"https:\/\/api.w.org\/{rel}","templated":true}]}}