{"id":19678,"date":"2026-01-24T19:19:24","date_gmt":"2026-01-24T19:19:24","guid":{"rendered":"https:\/\/piedranegra.net\/?post_type=product&#038;p=19678"},"modified":"2026-01-24T21:10:16","modified_gmt":"2026-01-24T21:10:16","slug":"mochila-plegable","status":"publish","type":"product","link":"https:\/\/piedranegra.net\/index.php\/product\/mochila-plegable\/","title":{"rendered":"Mochila plegable NH17A012-B 18L"},"content":{"rendered":"<ul class=\"a-unordered-list a-vertical a-spacing-mini\">\n<li><span class=\"a-list-item\"><strong>Alta calidad<\/strong>\u00a0&#8211; el uso de material resistente a la rotura de 30 D de nailon de alta calidad.Cremallera: YKK utiliza un sellador de silicona para suturar la l\u00ednea impermeable \/ fino de nylon y proporciona una banda de hombros s\u00f3lida \/ ajustable de uso duradero: aire acondicionado resistente a la rotura del nylon, comodidad y seguridad.Todas las piezas est\u00e1n bien fabricadas y de una calidad mucho mejor que la mayor\u00eda de las mochilas de poli\u00e9ster o 210 toneladas de nylon en Amazon.<\/span><\/li>\n<li><span class=\"a-list-item\"><strong>Impermeable.<\/strong>\u00a0&#8211; los tejidos de nylon recubiertos de silicio tienen propiedades impermeables de hasta 2.000 mm, y todas las cremalleras est\u00e1n selladas con recubrimiento de silicona y pueden abrirse y cerrarse r\u00e1pidamente.Se trata de una actividad muy necesaria, tanto al aire libre como fuera de la ciudad.<\/span><\/li>\n<li><span class=\"a-list-item\"><strong>Ligero (4,2 onzas) y amplio (18 litros)<\/strong>\u00a0&#8211; cuando est\u00e1s al aire libre o viajando, el bolsillo principal es lo suficientemente grande para llevar lo que necesitas.Bolsas externas y bolsillos de cremallera Interior para facilitar el acceso r\u00e1pido, como gu\u00edas y objetos preciososDos proyectosLos bolsillos grandes de la red lateral pueden contener botellas de agua o paraguas.Tama\u00f1o: 17El comienzo es &#8220;X &#8211; 10&#8221; y el salto es 4.7 &#8220;X &#8211; 2.7&#8221;.<\/span><\/li>\n<li><span class=\"a-list-item\"><strong>El m\u00e1s c\u00f3modo.<\/strong>\u00a0&#8211; un chaleco de colch\u00f3n puede aliviar la presi\u00f3n incluso si lleva un interior pesado, la red de aire acondicionado se mantiene fr\u00eda y seca en el clima h\u00famedo, se adapta perfectamente a su espalda, naturehike asegura que se siente una brisa relajante y relajante mientras lo usa.<\/span><\/li>\n<\/ul>\n","protected":false},"excerpt":{"rendered":"<p>Alta calidad\u00a0&#8211; el uso de material resistente a la rotura de 30 D de nailon de alta calidad.Cremallera: YKK utiliza<\/p>\n","protected":false},"featured_media":19682,"comment_status":"open","ping_status":"closed","template":"","meta":[],"product_cat":[138],"product_tag":[],"class_list":{"0":"post-19678","1":"product","2":"type-product","3":"status-publish","4":"has-post-thumbnail","6":"product_cat-mochilas","8":"first","9":"instock","10":"taxable","11":"shipping-taxable","12":"purchasable","13":"product-type-simple"},"jetpack_sharing_enabled":true,"_links":{"self":[{"href":"https:\/\/piedranegra.net\/index.php\/wp-json\/wp\/v2\/product\/19678"}],"collection":[{"href":"https:\/\/piedranegra.net\/index.php\/wp-json\/wp\/v2\/product"}],"about":[{"href":"https:\/\/piedranegra.net\/index.php\/wp-json\/wp\/v2\/types\/product"}],"replies":[{"embeddable":true,"href":"https:\/\/piedranegra.net\/index.php\/wp-json\/wp\/v2\/comments?post=19678"}],"version-history":[{"count":2,"href":"https:\/\/piedranegra.net\/index.php\/wp-json\/wp\/v2\/product\/19678\/revisions"}],"predecessor-version":[{"id":19683,"href":"https:\/\/piedranegra.net\/index.php\/wp-json\/wp\/v2\/product\/19678\/revisions\/19683"}],"wp:featuredmedia":[{"embeddable":true,"href":"https:\/\/piedranegra.net\/index.php\/wp-json\/wp\/v2\/media\/19682"}],"wp:attachment":[{"href":"https:\/\/piedranegra.net\/index.php\/wp-json\/wp\/v2\/media?parent=19678"}],"wp:term":[{"taxonomy":"product_cat","embeddable":true,"href":"https:\/\/piedranegra.net\/index.php\/wp-json\/wp\/v2\/product_cat?post=19678"},{"taxonomy":"product_tag","embeddable":true,"href":"https:\/\/piedranegra.net\/index.php\/wp-json\/wp\/v2\/product_tag?post=19678"}],"curies":[{"name":"wp","href":"https:\/\/api.w.org\/{rel}","templated":true}]}}