{"id":19684,"date":"2026-01-24T19:30:01","date_gmt":"2026-01-24T19:30:01","guid":{"rendered":"https:\/\/piedranegra.net\/?post_type=product&#038;p=19684"},"modified":"2026-01-24T21:09:29","modified_gmt":"2026-01-24T21:09:29","slug":"mochila-plegable-nh17a017-b-25l","status":"publish","type":"product","link":"https:\/\/piedranegra.net\/index.php\/product\/mochila-plegable-nh17a017-b-25l\/","title":{"rendered":"Mochila Plegable NH17A017-B 25L"},"content":{"rendered":"<ul class=\"a-unordered-list a-vertical a-spacing-mini\">\n<li>\n<div>\n<ul class=\"seo-sellpoints--sellerPoint--RcmFO_y\">\n<li>\n<pre data-spm-anchor-id=\"a2g0o.detail.0.i8.42d6fFcYfFcY4B\">Material de silicona impermeable. : La ropa de 30D Nylon Silicone protege contra la lluvia, ideal para uso en condiciones clim\u00e1ticas adversas.<\/pre>\n<\/li>\n<li>\n<pre>Capacidad vers\u00e1til para actividades.:Disponibles en 18L, 22L, 25L y 30L, estas mochilas son perfectas para diversos niveles de aventuras al aire libre.<\/pre>\n<\/li>\n<li>\n<pre>Soporte de carga de hasta 10KG.:Construidas para resistir cargas de hasta 10KG, estas mochilas son confiables para tus excursiones.<\/pre>\n<\/li>\n<li>\n<pre data-spm-anchor-id=\"a2g0o.detail.0.i9.42d6fFcYfFcY4B\">Silicone Backpacks|Mochila Impermeable De Viaje|Material resistente al agua.:Fabricadas con fibra de poliamida 100%, estas mochilas son impermeables y duraderas.<\/pre>\n<\/li>\n<li>\n<pre>Dise\u00f1o plegable y ligero.:Con un tama\u00f1o de empaque de 7x12cm para la 18L, estas mochilas son ideales para viajar y se guardan f\u00e1cilmente.<\/pre>\n<\/li>\n<\/ul>\n<\/div>\n<div class=\"split-line--wrap--dVhU29K\"><\/div>\n<\/li>\n<\/ul>\n","protected":false},"excerpt":{"rendered":"<p>Material de silicona impermeable. : La ropa de 30D Nylon Silicone protege contra la lluvia, ideal para uso en condiciones<\/p>\n","protected":false},"featured_media":19685,"comment_status":"open","ping_status":"closed","template":"","meta":[],"product_cat":[138],"product_tag":[],"class_list":{"0":"post-19684","1":"product","2":"type-product","3":"status-publish","4":"has-post-thumbnail","6":"product_cat-mochilas","8":"first","9":"instock","10":"taxable","11":"shipping-taxable","12":"purchasable","13":"product-type-simple"},"jetpack_sharing_enabled":true,"_links":{"self":[{"href":"https:\/\/piedranegra.net\/index.php\/wp-json\/wp\/v2\/product\/19684"}],"collection":[{"href":"https:\/\/piedranegra.net\/index.php\/wp-json\/wp\/v2\/product"}],"about":[{"href":"https:\/\/piedranegra.net\/index.php\/wp-json\/wp\/v2\/types\/product"}],"replies":[{"embeddable":true,"href":"https:\/\/piedranegra.net\/index.php\/wp-json\/wp\/v2\/comments?post=19684"}],"version-history":[{"count":1,"href":"https:\/\/piedranegra.net\/index.php\/wp-json\/wp\/v2\/product\/19684\/revisions"}],"predecessor-version":[{"id":19686,"href":"https:\/\/piedranegra.net\/index.php\/wp-json\/wp\/v2\/product\/19684\/revisions\/19686"}],"wp:featuredmedia":[{"embeddable":true,"href":"https:\/\/piedranegra.net\/index.php\/wp-json\/wp\/v2\/media\/19685"}],"wp:attachment":[{"href":"https:\/\/piedranegra.net\/index.php\/wp-json\/wp\/v2\/media?parent=19684"}],"wp:term":[{"taxonomy":"product_cat","embeddable":true,"href":"https:\/\/piedranegra.net\/index.php\/wp-json\/wp\/v2\/product_cat?post=19684"},{"taxonomy":"product_tag","embeddable":true,"href":"https:\/\/piedranegra.net\/index.php\/wp-json\/wp\/v2\/product_tag?post=19684"}],"curies":[{"name":"wp","href":"https:\/\/api.w.org\/{rel}","templated":true}]}}