{"id":19747,"date":"2026-02-24T23:38:07","date_gmt":"2026-02-24T23:38:07","guid":{"rendered":"https:\/\/piedranegra.net\/?post_type=product&#038;p=19747"},"modified":"2026-02-24T23:58:10","modified_gmt":"2026-02-24T23:58:10","slug":"guantes-termicos","status":"publish","type":"product","link":"https:\/\/piedranegra.net\/index.php\/product\/guantes-termicos\/","title":{"rendered":"Guantes t\u00e9rmicos"},"content":{"rendered":"<p>Guantes t\u00e9rmicos confeccionados en forro polar (fleece), ideales para uso diario en climas fr\u00edos. Incorporan compatibilidad con pantallas t\u00e1ctiles y destacan por su capacidad para conservar y mantener el calor corporal, brindando comodidad y protecci\u00f3n en todo momento.<\/p>\n","protected":false},"excerpt":{"rendered":"<p>Guantes t\u00e9rmicos confeccionados en forro polar (fleece), ideales para uso diario en climas fr\u00edos. Incorporan compatibilidad con pantallas t\u00e1ctiles y<\/p>\n","protected":false},"featured_media":19753,"comment_status":"open","ping_status":"closed","template":"","meta":[],"product_cat":[152],"product_tag":[],"class_list":{"0":"post-19747","1":"product","2":"type-product","3":"status-publish","4":"has-post-thumbnail","6":"product_cat-ropa-termica-hiking","8":"first","9":"instock","10":"taxable","11":"shipping-taxable","12":"purchasable","13":"product-type-variable"},"jetpack_sharing_enabled":true,"_links":{"self":[{"href":"https:\/\/piedranegra.net\/index.php\/wp-json\/wp\/v2\/product\/19747"}],"collection":[{"href":"https:\/\/piedranegra.net\/index.php\/wp-json\/wp\/v2\/product"}],"about":[{"href":"https:\/\/piedranegra.net\/index.php\/wp-json\/wp\/v2\/types\/product"}],"replies":[{"embeddable":true,"href":"https:\/\/piedranegra.net\/index.php\/wp-json\/wp\/v2\/comments?post=19747"}],"version-history":[{"count":3,"href":"https:\/\/piedranegra.net\/index.php\/wp-json\/wp\/v2\/product\/19747\/revisions"}],"predecessor-version":[{"id":19757,"href":"https:\/\/piedranegra.net\/index.php\/wp-json\/wp\/v2\/product\/19747\/revisions\/19757"}],"wp:featuredmedia":[{"embeddable":true,"href":"https:\/\/piedranegra.net\/index.php\/wp-json\/wp\/v2\/media\/19753"}],"wp:attachment":[{"href":"https:\/\/piedranegra.net\/index.php\/wp-json\/wp\/v2\/media?parent=19747"}],"wp:term":[{"taxonomy":"product_cat","embeddable":true,"href":"https:\/\/piedranegra.net\/index.php\/wp-json\/wp\/v2\/product_cat?post=19747"},{"taxonomy":"product_tag","embeddable":true,"href":"https:\/\/piedranegra.net\/index.php\/wp-json\/wp\/v2\/product_tag?post=19747"}],"curies":[{"name":"wp","href":"https:\/\/api.w.org\/{rel}","templated":true}]}}