{"id":19886,"date":"2026-03-18T18:29:30","date_gmt":"2026-03-18T18:29:30","guid":{"rendered":"https:\/\/piedranegra.net\/?post_type=product&#038;p=19886"},"modified":"2026-04-28T23:30:14","modified_gmt":"2026-04-28T23:30:14","slug":"gorro-lana-de-merino-mz1045","status":"publish","type":"product","link":"https:\/\/piedranegra.net\/index.php\/product\/gorro-lana-de-merino-mz1045\/","title":{"rendered":"Gorro 100% Lana de Merino MZ1045"},"content":{"rendered":"<p>-Gorro de lana merino dise\u00f1ado para adaptarse a un estilo de vida activo.<\/p>\n<p>-Fabricado con 100% lana merino, ofrece una combinaci\u00f3n ideal de suavidad, calidez y alta transpirabilidad.<\/p>\n<p>-Su capacidad t\u00e9rmica mantiene el calor sin generar exceso de humedad, proporcionando m\u00e1ximo confort en climas fr\u00edos.<\/p>\n<p>-Presenta un dise\u00f1o s\u00f3lido y elegante que complementa f\u00e1cilmente cualquier atuendo de invierno.<\/p>\n","protected":false},"excerpt":{"rendered":"<p>-Gorro de lana merino dise\u00f1ado para adaptarse a un estilo de vida activo. -Fabricado con 100% lana merino, ofrece una<\/p>\n","protected":false},"featured_media":20250,"comment_status":"open","ping_status":"closed","template":"","meta":[],"product_cat":[119,144,152,139],"product_tag":[],"class_list":{"0":"post-19886","1":"product","2":"type-product","3":"status-publish","4":"has-post-thumbnail","6":"product_cat-accesorios","7":"product_cat-accesorios-hiking","8":"product_cat-ropa-termica-hiking","9":"product_cat-travel","11":"first","12":"instock","13":"taxable","14":"shipping-taxable","15":"purchasable","16":"product-type-simple"},"jetpack_sharing_enabled":true,"_links":{"self":[{"href":"https:\/\/piedranegra.net\/index.php\/wp-json\/wp\/v2\/product\/19886"}],"collection":[{"href":"https:\/\/piedranegra.net\/index.php\/wp-json\/wp\/v2\/product"}],"about":[{"href":"https:\/\/piedranegra.net\/index.php\/wp-json\/wp\/v2\/types\/product"}],"replies":[{"embeddable":true,"href":"https:\/\/piedranegra.net\/index.php\/wp-json\/wp\/v2\/comments?post=19886"}],"version-history":[{"count":2,"href":"https:\/\/piedranegra.net\/index.php\/wp-json\/wp\/v2\/product\/19886\/revisions"}],"predecessor-version":[{"id":20253,"href":"https:\/\/piedranegra.net\/index.php\/wp-json\/wp\/v2\/product\/19886\/revisions\/20253"}],"wp:featuredmedia":[{"embeddable":true,"href":"https:\/\/piedranegra.net\/index.php\/wp-json\/wp\/v2\/media\/20250"}],"wp:attachment":[{"href":"https:\/\/piedranegra.net\/index.php\/wp-json\/wp\/v2\/media?parent=19886"}],"wp:term":[{"taxonomy":"product_cat","embeddable":true,"href":"https:\/\/piedranegra.net\/index.php\/wp-json\/wp\/v2\/product_cat?post=19886"},{"taxonomy":"product_tag","embeddable":true,"href":"https:\/\/piedranegra.net\/index.php\/wp-json\/wp\/v2\/product_tag?post=19886"}],"curies":[{"name":"wp","href":"https:\/\/api.w.org\/{rel}","templated":true}]}}