{"id":19896,"date":"2026-03-18T19:33:54","date_gmt":"2026-03-18T19:33:54","guid":{"rendered":"https:\/\/piedranegra.net\/?post_type=product&#038;p=19896"},"modified":"2026-04-27T23:46:29","modified_gmt":"2026-04-27T23:46:29","slug":"medias-de-merino-wz1010","status":"publish","type":"product","link":"https:\/\/piedranegra.net\/index.php\/product\/medias-de-merino-wz1010\/","title":{"rendered":"Medias de merino WZ1010"},"content":{"rendered":"<p>-Medias de altura media dise\u00f1adas para brindar soporte y protecci\u00f3n adicional en los tobillos, ideales para actividades al aire libre y uso diario.<\/p>\n<p>-Confeccionadas con lana merino de alta calidad, ofrecen excelente confort t\u00e9rmico, manteniendo los pies c\u00e1lidos en climas fr\u00edos y frescos en condiciones m\u00e1s c\u00e1lidas.<\/p>\n<p>-Incorporan tecnolog\u00eda de absorci\u00f3n de humedad que ayuda a mantener los pies secos y c\u00f3modos durante todo el d\u00eda.<\/p>\n<p>-Su construcci\u00f3n sin costuras proporciona un ajuste suave, evitando rozaduras y garantizando mayor comodidad en cada paso.<\/p>\n","protected":false},"excerpt":{"rendered":"<p>-Medias de altura media dise\u00f1adas para brindar soporte y protecci\u00f3n adicional en los tobillos, ideales para actividades al aire libre<\/p>\n","protected":false},"featured_media":19903,"comment_status":"open","ping_status":"closed","template":"","meta":[],"product_cat":[23,152,278,21],"product_tag":[],"class_list":{"0":"post-19896","1":"product","2":"type-product","3":"status-publish","4":"has-post-thumbnail","6":"product_cat-senderismo","7":"product_cat-ropa-termica-hiking","8":"product_cat-medias-senderismo","9":"product_cat-trailrunning","11":"first","12":"instock","13":"taxable","14":"shipping-taxable","15":"purchasable","16":"product-type-variable"},"jetpack_sharing_enabled":true,"_links":{"self":[{"href":"https:\/\/piedranegra.net\/index.php\/wp-json\/wp\/v2\/product\/19896"}],"collection":[{"href":"https:\/\/piedranegra.net\/index.php\/wp-json\/wp\/v2\/product"}],"about":[{"href":"https:\/\/piedranegra.net\/index.php\/wp-json\/wp\/v2\/types\/product"}],"replies":[{"embeddable":true,"href":"https:\/\/piedranegra.net\/index.php\/wp-json\/wp\/v2\/comments?post=19896"}],"version-history":[{"count":2,"href":"https:\/\/piedranegra.net\/index.php\/wp-json\/wp\/v2\/product\/19896\/revisions"}],"predecessor-version":[{"id":20231,"href":"https:\/\/piedranegra.net\/index.php\/wp-json\/wp\/v2\/product\/19896\/revisions\/20231"}],"wp:featuredmedia":[{"embeddable":true,"href":"https:\/\/piedranegra.net\/index.php\/wp-json\/wp\/v2\/media\/19903"}],"wp:attachment":[{"href":"https:\/\/piedranegra.net\/index.php\/wp-json\/wp\/v2\/media?parent=19896"}],"wp:term":[{"taxonomy":"product_cat","embeddable":true,"href":"https:\/\/piedranegra.net\/index.php\/wp-json\/wp\/v2\/product_cat?post=19896"},{"taxonomy":"product_tag","embeddable":true,"href":"https:\/\/piedranegra.net\/index.php\/wp-json\/wp\/v2\/product_tag?post=19896"}],"curies":[{"name":"wp","href":"https:\/\/api.w.org\/{rel}","templated":true}]}}