{"id":19926,"date":"2026-03-18T21:04:26","date_gmt":"2026-03-18T21:04:26","guid":{"rendered":"https:\/\/piedranegra.net\/?post_type=product&#038;p=19926"},"modified":"2026-04-27T23:57:16","modified_gmt":"2026-04-27T23:57:16","slug":"medias-332","status":"publish","type":"product","link":"https:\/\/piedranegra.net\/index.php\/product\/medias-332\/","title":{"rendered":"Medias 332"},"content":{"rendered":"<p>-Medias t\u00e9rmicas largas confeccionadas con lana merino de alta calidad, que ofrecen una combinaci\u00f3n ideal de calidez, suavidad y confort.<\/p>\n<p>-Su tejido grueso proporciona mayor protecci\u00f3n contra el fr\u00edo, mientras que su alta capacidad de absorci\u00f3n de humedad mantiene los pies secos en todo momento.<\/p>\n<p>-Gracias a su excelente elasticidad, se ajustan perfectamente al pie y la pierna, brindando comodidad y libertad de movimiento durante todo el d\u00eda.<\/p>\n","protected":false},"excerpt":{"rendered":"<p>-Medias t\u00e9rmicas largas confeccionadas con lana merino de alta calidad, que ofrecen una combinaci\u00f3n ideal de calidez, suavidad y confort.<\/p>\n","protected":false},"featured_media":19927,"comment_status":"open","ping_status":"closed","template":"","meta":[],"product_cat":[278,151,152,21],"product_tag":[],"class_list":{"0":"post-19926","1":"product","2":"type-product","3":"status-publish","4":"has-post-thumbnail","6":"product_cat-medias-senderismo","7":"product_cat-ropa-termica","8":"product_cat-ropa-termica-hiking","9":"product_cat-trailrunning","11":"first","12":"instock","13":"taxable","14":"shipping-taxable","15":"purchasable","16":"product-type-variable"},"jetpack_sharing_enabled":true,"_links":{"self":[{"href":"https:\/\/piedranegra.net\/index.php\/wp-json\/wp\/v2\/product\/19926"}],"collection":[{"href":"https:\/\/piedranegra.net\/index.php\/wp-json\/wp\/v2\/product"}],"about":[{"href":"https:\/\/piedranegra.net\/index.php\/wp-json\/wp\/v2\/types\/product"}],"replies":[{"embeddable":true,"href":"https:\/\/piedranegra.net\/index.php\/wp-json\/wp\/v2\/comments?post=19926"}],"version-history":[{"count":1,"href":"https:\/\/piedranegra.net\/index.php\/wp-json\/wp\/v2\/product\/19926\/revisions"}],"predecessor-version":[{"id":19936,"href":"https:\/\/piedranegra.net\/index.php\/wp-json\/wp\/v2\/product\/19926\/revisions\/19936"}],"wp:featuredmedia":[{"embeddable":true,"href":"https:\/\/piedranegra.net\/index.php\/wp-json\/wp\/v2\/media\/19927"}],"wp:attachment":[{"href":"https:\/\/piedranegra.net\/index.php\/wp-json\/wp\/v2\/media?parent=19926"}],"wp:term":[{"taxonomy":"product_cat","embeddable":true,"href":"https:\/\/piedranegra.net\/index.php\/wp-json\/wp\/v2\/product_cat?post=19926"},{"taxonomy":"product_tag","embeddable":true,"href":"https:\/\/piedranegra.net\/index.php\/wp-json\/wp\/v2\/product_tag?post=19926"}],"curies":[{"name":"wp","href":"https:\/\/api.w.org\/{rel}","templated":true}]}}