{"id":19939,"date":"2026-03-18T21:20:08","date_gmt":"2026-03-18T21:20:08","guid":{"rendered":"https:\/\/piedranegra.net\/?post_type=product&#038;p=19939"},"modified":"2026-04-27T23:59:22","modified_gmt":"2026-04-27T23:59:22","slug":"cinturon-yb1007","status":"publish","type":"product","link":"https:\/\/piedranegra.net\/index.php\/product\/cinturon-yb1007\/","title":{"rendered":"Cintur\u00f3n YB1007"},"content":{"rendered":"<p>-Cintur\u00f3n el\u00e1stico y transpirable, dise\u00f1ada con materiales ligeros y c\u00f3modos para un uso deportivo \u00f3ptimo.<\/p>\n<p>-Ideal para actividades al aire libre y entrenamientos, ofrece un ajuste seguro que se adapta al movimiento sin generar molestias.<\/p>\n<p>-Cuenta con un dise\u00f1o funcional para corredores, con espacio pr\u00e1ctico para llevar botella de agua y objetos esenciales como llaves, tel\u00e9fono o dinero. Perfecta para mantener tus pertenencias organizadas mientras te mantienes activo.<\/p>\n","protected":false},"excerpt":{"rendered":"<p>-Cintur\u00f3n el\u00e1stico y transpirable, dise\u00f1ada con materiales ligeros y c\u00f3modos para un uso deportivo \u00f3ptimo. -Ideal para actividades al aire<\/p>\n","protected":false},"featured_media":19941,"comment_status":"open","ping_status":"closed","template":"","meta":[],"product_cat":[144,138,21,119,115],"product_tag":[],"class_list":{"0":"post-19939","1":"product","2":"type-product","3":"status-publish","4":"has-post-thumbnail","6":"product_cat-accesorios-hiking","7":"product_cat-mochilas","8":"product_cat-trailrunning","9":"product_cat-accesorios","10":"product_cat-cinturones","12":"first","13":"instock","14":"taxable","15":"shipping-taxable","16":"purchasable","17":"product-type-simple"},"jetpack_sharing_enabled":true,"_links":{"self":[{"href":"https:\/\/piedranegra.net\/index.php\/wp-json\/wp\/v2\/product\/19939"}],"collection":[{"href":"https:\/\/piedranegra.net\/index.php\/wp-json\/wp\/v2\/product"}],"about":[{"href":"https:\/\/piedranegra.net\/index.php\/wp-json\/wp\/v2\/types\/product"}],"replies":[{"embeddable":true,"href":"https:\/\/piedranegra.net\/index.php\/wp-json\/wp\/v2\/comments?post=19939"}],"version-history":[{"count":2,"href":"https:\/\/piedranegra.net\/index.php\/wp-json\/wp\/v2\/product\/19939\/revisions"}],"predecessor-version":[{"id":20234,"href":"https:\/\/piedranegra.net\/index.php\/wp-json\/wp\/v2\/product\/19939\/revisions\/20234"}],"wp:featuredmedia":[{"embeddable":true,"href":"https:\/\/piedranegra.net\/index.php\/wp-json\/wp\/v2\/media\/19941"}],"wp:attachment":[{"href":"https:\/\/piedranegra.net\/index.php\/wp-json\/wp\/v2\/media?parent=19939"}],"wp:term":[{"taxonomy":"product_cat","embeddable":true,"href":"https:\/\/piedranegra.net\/index.php\/wp-json\/wp\/v2\/product_cat?post=19939"},{"taxonomy":"product_tag","embeddable":true,"href":"https:\/\/piedranegra.net\/index.php\/wp-json\/wp\/v2\/product_tag?post=19939"}],"curies":[{"name":"wp","href":"https:\/\/api.w.org\/{rel}","templated":true}]}}