{"id":19952,"date":"2026-03-18T22:59:17","date_gmt":"2026-03-18T22:59:17","guid":{"rendered":"https:\/\/piedranegra.net\/?post_type=product&#038;p=19952"},"modified":"2026-04-28T00:02:41","modified_gmt":"2026-04-28T00:02:41","slug":"salveque-25l-cd3002","status":"publish","type":"product","link":"https:\/\/piedranegra.net\/index.php\/product\/salveque-25l-cd3002\/","title":{"rendered":"Salveque 25L CD3002"},"content":{"rendered":"<div class=\"flex flex-col text-sm pb-25\">\n<article class=\"text-token-text-primary w-full focus:outline-none [--shadow-height:45px] has-data-writing-block:pointer-events-none has-data-writing-block:-mt-(--shadow-height) has-data-writing-block:pt-(--shadow-height) [&amp;:has([data-writing-block])&gt;*]:pointer-events-auto scroll-mt-[calc(var(--header-height)+min(200px,max(70px,20svh)))]\" dir=\"auto\" tabindex=\"-1\" data-turn-id=\"request-WEB:8550f161-7273-4382-8d97-cec5220f60c1-9\" data-testid=\"conversation-turn-20\" data-scroll-anchor=\"true\" data-turn=\"assistant\">\n<div class=\"text-base my-auto mx-auto pb-10 [--thread-content-margin:var(--thread-content-margin-xs,calc(var(--spacing)*4))] @w-sm\/main:[--thread-content-margin:var(--thread-content-margin-sm,calc(var(--spacing)*6))] @w-lg\/main:[--thread-content-margin:var(--thread-content-margin-lg,calc(var(--spacing)*16))] px-(--thread-content-margin)\">\n<div class=\"[--thread-content-max-width:40rem] @w-lg\/main:[--thread-content-max-width:48rem] mx-auto max-w-(--thread-content-max-width) flex-1 group\/turn-messages focus-visible:outline-hidden relative flex w-full min-w-0 flex-col agent-turn\" tabindex=\"-1\">\n<div class=\"flex max-w-full flex-col gap-4 grow\">\n<div class=\"min-h-8 text-message relative flex w-full flex-col items-end gap-2 text-start break-words whitespace-normal [.text-message+&amp;]:mt-1\" dir=\"auto\" data-message-author-role=\"assistant\" data-message-id=\"a67d540d-5667-4ac2-b0a7-b5e9bd099f09\" data-message-model-slug=\"gpt-5-3\">\n<div class=\"flex w-full flex-col gap-1 empty:hidden\">\n<div class=\"markdown prose dark:prose-invert w-full wrap-break-word light markdown-new-styling\">\n<p data-start=\"0\" data-end=\"362\">-Mochila deportiva y tur\u00edstica de 25 litros, dise\u00f1ada para ofrecer funcionalidad, comodidad y estilo en cualquier actividad.<\/p>\n<p data-start=\"0\" data-end=\"362\">-Fabricada con materiales de alta calidad, cuenta con un exterior repelente al agua y forro de nailon y poli\u00e9ster que garantizan durabilidad y resistencia al uso constante. Sus herrajes de pl\u00e1stico ABS aseguran cierres firmes y confiables.<\/p>\n<p data-start=\"364\" data-end=\"693\">-Incorpora protecci\u00f3n contra la humedad gracias a su material impermeable y espalda transpirable, ideal para entrenamientos, viajes y actividades en climas variables. Su dise\u00f1o anat\u00f3mico con correas ajustables y correa pectoral permite una distribuci\u00f3n equilibrada del peso, brindando mayor confort durante largos periodos de uso.<\/p>\n<p data-start=\"695\" data-end=\"964\" data-is-last-node=\"\" data-is-only-node=\"\">-Dispone de dos compartimentos internos para una mejor organizaci\u00f3n, adem\u00e1s de cinco bolsillos externos que facilitan el acceso r\u00e1pido a objetos esenciales como tel\u00e9fono, llaves y accesorios.<\/p>\n<p data-start=\"695\" data-end=\"964\" data-is-last-node=\"\" data-is-only-node=\"\">-Perfecta para deportistas, viajeros y amantes de la aventura.<\/p>\n<\/div>\n<\/div>\n<\/div>\n<\/div>\n<div class=\"z-0 flex min-h-[46px] justify-start\"><\/div>\n<\/div>\n<\/div>\n<\/article>\n<\/div>\n<div class=\"pointer-events-none h-px w-px absolute bottom-0\" aria-hidden=\"true\" data-edge=\"true\"><\/div>\n","protected":false},"excerpt":{"rendered":"<p>-Mochila deportiva y tur\u00edstica de 25 litros, dise\u00f1ada para ofrecer funcionalidad, comodidad y estilo en cualquier actividad. -Fabricada con materiales<\/p>\n","protected":false},"featured_media":19954,"comment_status":"open","ping_status":"closed","template":"","meta":[],"product_cat":[138,21,140],"product_tag":[],"class_list":{"0":"post-19952","1":"product","2":"type-product","3":"status-publish","4":"has-post-thumbnail","6":"product_cat-mochilas","7":"product_cat-trailrunning","8":"product_cat-mochilas-travel","10":"first","11":"instock","12":"taxable","13":"shipping-taxable","14":"purchasable","15":"product-type-variable"},"jetpack_sharing_enabled":true,"_links":{"self":[{"href":"https:\/\/piedranegra.net\/index.php\/wp-json\/wp\/v2\/product\/19952"}],"collection":[{"href":"https:\/\/piedranegra.net\/index.php\/wp-json\/wp\/v2\/product"}],"about":[{"href":"https:\/\/piedranegra.net\/index.php\/wp-json\/wp\/v2\/types\/product"}],"replies":[{"embeddable":true,"href":"https:\/\/piedranegra.net\/index.php\/wp-json\/wp\/v2\/comments?post=19952"}],"version-history":[{"count":3,"href":"https:\/\/piedranegra.net\/index.php\/wp-json\/wp\/v2\/product\/19952\/revisions"}],"predecessor-version":[{"id":20235,"href":"https:\/\/piedranegra.net\/index.php\/wp-json\/wp\/v2\/product\/19952\/revisions\/20235"}],"wp:featuredmedia":[{"embeddable":true,"href":"https:\/\/piedranegra.net\/index.php\/wp-json\/wp\/v2\/media\/19954"}],"wp:attachment":[{"href":"https:\/\/piedranegra.net\/index.php\/wp-json\/wp\/v2\/media?parent=19952"}],"wp:term":[{"taxonomy":"product_cat","embeddable":true,"href":"https:\/\/piedranegra.net\/index.php\/wp-json\/wp\/v2\/product_cat?post=19952"},{"taxonomy":"product_tag","embeddable":true,"href":"https:\/\/piedranegra.net\/index.php\/wp-json\/wp\/v2\/product_tag?post=19952"}],"curies":[{"name":"wp","href":"https:\/\/api.w.org\/{rel}","templated":true}]}}