{"id":19965,"date":"2026-03-24T22:29:37","date_gmt":"2026-03-24T22:29:37","guid":{"rendered":"https:\/\/piedranegra.net\/?post_type=product&#038;p=19965"},"modified":"2026-04-28T00:07:32","modified_gmt":"2026-04-28T00:07:32","slug":"canguro","status":"publish","type":"product","link":"https:\/\/piedranegra.net\/index.php\/product\/canguro\/","title":{"rendered":"Canguro W809 Wrels"},"content":{"rendered":"<p data-start=\"347\" data-end=\"556\">-Cuenta con m\u00faltiples compartimentos con cierre para organizar tu celular, llaves, dinero y accesorios.<\/p>\n<p data-start=\"347\" data-end=\"556\">-Adem\u00e1s, incluye un pr\u00e1ctico soporte lateral para botella, ideal para mantenerte hidratado en todo momento.<\/p>\n<p data-start=\"558\" data-end=\"786\">-Su dise\u00f1o ergon\u00f3mico y correa ajustable se adapta perfectamente a tu cuerpo, brindando comodidad y libertad de movimiento.<\/p>\n<p data-start=\"558\" data-end=\"786\">-Fabricada con materiales duraderos y ligeros, es perfecta para el uso diario o actividades al aire libre.<\/p>\n<p data-start=\"788\" data-end=\"808\">\n","protected":false},"excerpt":{"rendered":"<p>-Cuenta con m\u00faltiples compartimentos con cierre para organizar tu celular, llaves, dinero y accesorios. -Adem\u00e1s, incluye un pr\u00e1ctico soporte lateral<\/p>\n","protected":false},"featured_media":19970,"comment_status":"open","ping_status":"closed","template":"","meta":[],"product_cat":[144,138,21,119,116,115],"product_tag":[],"class_list":{"0":"post-19965","1":"product","2":"type-product","3":"status-publish","4":"has-post-thumbnail","6":"product_cat-accesorios-hiking","7":"product_cat-mochilas","8":"product_cat-trailrunning","9":"product_cat-accesorios","10":"product_cat-chalecos","11":"product_cat-cinturones","13":"first","14":"instock","15":"taxable","16":"shipping-taxable","17":"purchasable","18":"product-type-variable"},"jetpack_sharing_enabled":true,"_links":{"self":[{"href":"https:\/\/piedranegra.net\/index.php\/wp-json\/wp\/v2\/product\/19965"}],"collection":[{"href":"https:\/\/piedranegra.net\/index.php\/wp-json\/wp\/v2\/product"}],"about":[{"href":"https:\/\/piedranegra.net\/index.php\/wp-json\/wp\/v2\/types\/product"}],"replies":[{"embeddable":true,"href":"https:\/\/piedranegra.net\/index.php\/wp-json\/wp\/v2\/comments?post=19965"}],"version-history":[{"count":3,"href":"https:\/\/piedranegra.net\/index.php\/wp-json\/wp\/v2\/product\/19965\/revisions"}],"predecessor-version":[{"id":19973,"href":"https:\/\/piedranegra.net\/index.php\/wp-json\/wp\/v2\/product\/19965\/revisions\/19973"}],"wp:featuredmedia":[{"embeddable":true,"href":"https:\/\/piedranegra.net\/index.php\/wp-json\/wp\/v2\/media\/19970"}],"wp:attachment":[{"href":"https:\/\/piedranegra.net\/index.php\/wp-json\/wp\/v2\/media?parent=19965"}],"wp:term":[{"taxonomy":"product_cat","embeddable":true,"href":"https:\/\/piedranegra.net\/index.php\/wp-json\/wp\/v2\/product_cat?post=19965"},{"taxonomy":"product_tag","embeddable":true,"href":"https:\/\/piedranegra.net\/index.php\/wp-json\/wp\/v2\/product_tag?post=19965"}],"curies":[{"name":"wp","href":"https:\/\/api.w.org\/{rel}","templated":true}]}}