{"id":20127,"date":"2026-04-18T17:15:09","date_gmt":"2026-04-18T17:15:09","guid":{"rendered":"https:\/\/piedranegra.net\/?post_type=product&#038;p=20127"},"modified":"2026-04-18T17:35:52","modified_gmt":"2026-04-18T17:35:52","slug":"colchoneta-tipo-nido-de-huevos-cnk2450ws044","status":"publish","type":"product","link":"https:\/\/piedranegra.net\/index.php\/product\/colchoneta-tipo-nido-de-huevos-cnk2450ws044\/","title":{"rendered":"Colchoneta tipo nido de huevos CNK2450WS044"},"content":{"rendered":"<p><span class=\"T286Pc\" data-sfc-cp=\"\" data-sfc-root=\"c\" data-sfc-cb=\"\" data-complete=\"true\">-Descanso garantizado: Su dise\u00f1o tipo &#8220;nido de\u00a0 huevos&#8221; permite que tu cuerpo descanse c\u00f3modamente en cualquier superficie.<\/span><\/p>\n<p><span class=\"T286Pc\" data-sfc-cp=\"\" data-sfc-root=\"c\" data-sfc-cb=\"\" data-complete=\"true\">-Impermeable:\u00a0Olv\u00eddate de que el agua se filtre; mantiene la humedad lejos de tu cuerpo.<\/span><\/p>\n<p><span class=\"T286Pc\" data-sfc-cp=\"\" data-sfc-root=\"c\" data-sfc-cb=\"\" data-complete=\"true\">-Indestructible:\u00a0Al no ser inflable, es\u00a0inmune a pinchazos por piedras o ramas.<\/span><\/p>\n<p><span class=\"T286Pc\" data-sfc-cp=\"\" data-sfc-root=\"c\" data-sfc-cb=\"\" data-complete=\"true\">-Ultra ligera y plegable:\u00a0S\u00faper pr\u00e1ctica de llevar en la mochila gracias a su dise\u00f1o tipo acorde\u00f3n.<\/span><\/p>\n<p><span class=\"uJ19be notranslate\" data-sfc-root=\"c\" data-wiz-uids=\"aQhOS_19,aQhOS_1a\" data-sfc-cb=\"\" data-complete=\"true\"><span class=\"vKEkVd\" data-animation-atomic=\"\" data-wiz-attrbind=\"class=aQhOS_18\/TKHnVd\" data-sae=\"\"><span aria-hidden=\"true\">&#8211;<\/span><\/span><\/span><span class=\"T286Pc\" data-sfc-cp=\"\" data-sfc-root=\"c\" data-sfc-cb=\"\" data-complete=\"true\" aria-owns=\"action-menu-parent-container\">Aislamiento T\u00e9rmico:\u00a0Incluye una capa de aluminio que refleja el calor corporal, manteni\u00e9ndote caliente incluso en noches frescas.<\/span><\/p>\n","protected":false},"excerpt":{"rendered":"<p>-Descanso garantizado: Su dise\u00f1o tipo &#8220;nido de\u00a0 huevos&#8221; permite que tu cuerpo descanse c\u00f3modamente en cualquier superficie. -Impermeable:\u00a0Olv\u00eddate de que<\/p>\n","protected":false},"featured_media":20135,"comment_status":"open","ping_status":"closed","template":"","meta":[],"product_cat":[22,150,119],"product_tag":[],"class_list":{"0":"post-20127","1":"product","2":"type-product","3":"status-publish","4":"has-post-thumbnail","6":"product_cat-camping","7":"product_cat-sleeping-bag","8":"product_cat-accesorios","10":"first","11":"instock","12":"taxable","13":"shipping-taxable","14":"purchasable","15":"product-type-variable"},"jetpack_sharing_enabled":true,"_links":{"self":[{"href":"https:\/\/piedranegra.net\/index.php\/wp-json\/wp\/v2\/product\/20127"}],"collection":[{"href":"https:\/\/piedranegra.net\/index.php\/wp-json\/wp\/v2\/product"}],"about":[{"href":"https:\/\/piedranegra.net\/index.php\/wp-json\/wp\/v2\/types\/product"}],"replies":[{"embeddable":true,"href":"https:\/\/piedranegra.net\/index.php\/wp-json\/wp\/v2\/comments?post=20127"}],"version-history":[{"count":3,"href":"https:\/\/piedranegra.net\/index.php\/wp-json\/wp\/v2\/product\/20127\/revisions"}],"predecessor-version":[{"id":20137,"href":"https:\/\/piedranegra.net\/index.php\/wp-json\/wp\/v2\/product\/20127\/revisions\/20137"}],"wp:featuredmedia":[{"embeddable":true,"href":"https:\/\/piedranegra.net\/index.php\/wp-json\/wp\/v2\/media\/20135"}],"wp:attachment":[{"href":"https:\/\/piedranegra.net\/index.php\/wp-json\/wp\/v2\/media?parent=20127"}],"wp:term":[{"taxonomy":"product_cat","embeddable":true,"href":"https:\/\/piedranegra.net\/index.php\/wp-json\/wp\/v2\/product_cat?post=20127"},{"taxonomy":"product_tag","embeddable":true,"href":"https:\/\/piedranegra.net\/index.php\/wp-json\/wp\/v2\/product_tag?post=20127"}],"curies":[{"name":"wp","href":"https:\/\/api.w.org\/{rel}","templated":true}]}}