{"id":20156,"date":"2026-04-20T20:19:18","date_gmt":"2026-04-20T20:19:18","guid":{"rendered":"https:\/\/piedranegra.net\/?post_type=product&#038;p=20156"},"modified":"2026-04-21T23:06:45","modified_gmt":"2026-04-21T23:06:45","slug":"almohada-autoinflable-nh17a001-l","status":"publish","type":"product","link":"https:\/\/piedranegra.net\/index.php\/product\/almohada-autoinflable-nh17a001-l\/","title":{"rendered":"Almohada Autoinflable NH17A001-L"},"content":{"rendered":"<p><span class=\"T286Pc\" data-sfc-cp=\"\" data-sfc-root=\"c\" data-sfc-cb=\"\" data-complete=\"true\">-Sistema de V\u00e1lvula Doble:\u00a0Incluye una v\u00e1lvula de llenado para la entrada de aire y una de escape para un desinflado r\u00e1pido y eficiente.<\/span><\/p>\n<p><span class=\"T286Pc\" data-sfc-cp=\"\" data-sfc-root=\"c\" data-sfc-cb=\"\" data-complete=\"true\">-Ergonom\u00eda:\u00a0Su dise\u00f1o curvo est\u00e1 pensado para mejorar el soporte del cuello y liberar presi\u00f3n en la cabeza, adapt\u00e1ndose a diferentes posiciones al dormir.<\/span><\/p>\n<p><span class=\"T286Pc\" data-sfc-cp=\"\" data-sfc-root=\"c\" data-sfc-cb=\"\" data-complete=\"true\">-Comodidad:\u00a0El tejido exterior es suave al tacto, transpirable (ayuda a evitar el sudor) y est\u00e1 dise\u00f1ado para reducir el ruido al moverse durante la noche.<\/span><\/p>\n<p><span class=\"T286Pc\" data-sfc-cp=\"\" data-sfc-root=\"c\" data-sfc-cb=\"\" data-complete=\"true\" aria-owns=\"action-menu-parent-container\">-Uso:\u00a0Una vez abierta la v\u00e1lvula, la almohada se infla sola en unos 30-50 segundos; si se prefiere m\u00e1s firmeza, se pueden a\u00f1adir 1 o 2 soplidos manuales<\/span><\/p>\n","protected":false},"excerpt":{"rendered":"<p>-Sistema de V\u00e1lvula Doble:\u00a0Incluye una v\u00e1lvula de llenado para la entrada de aire y una de escape para un desinflado<\/p>\n","protected":false},"featured_media":20166,"comment_status":"open","ping_status":"closed","template":"","meta":[],"product_cat":[144,22],"product_tag":[],"class_list":{"0":"post-20156","1":"product","2":"type-product","3":"status-publish","4":"has-post-thumbnail","6":"product_cat-accesorios-hiking","7":"product_cat-camping","9":"first","10":"instock","11":"taxable","12":"shipping-taxable","13":"purchasable","14":"product-type-variable"},"jetpack_sharing_enabled":true,"_links":{"self":[{"href":"https:\/\/piedranegra.net\/index.php\/wp-json\/wp\/v2\/product\/20156"}],"collection":[{"href":"https:\/\/piedranegra.net\/index.php\/wp-json\/wp\/v2\/product"}],"about":[{"href":"https:\/\/piedranegra.net\/index.php\/wp-json\/wp\/v2\/types\/product"}],"replies":[{"embeddable":true,"href":"https:\/\/piedranegra.net\/index.php\/wp-json\/wp\/v2\/comments?post=20156"}],"version-history":[{"count":2,"href":"https:\/\/piedranegra.net\/index.php\/wp-json\/wp\/v2\/product\/20156\/revisions"}],"predecessor-version":[{"id":20164,"href":"https:\/\/piedranegra.net\/index.php\/wp-json\/wp\/v2\/product\/20156\/revisions\/20164"}],"wp:featuredmedia":[{"embeddable":true,"href":"https:\/\/piedranegra.net\/index.php\/wp-json\/wp\/v2\/media\/20166"}],"wp:attachment":[{"href":"https:\/\/piedranegra.net\/index.php\/wp-json\/wp\/v2\/media?parent=20156"}],"wp:term":[{"taxonomy":"product_cat","embeddable":true,"href":"https:\/\/piedranegra.net\/index.php\/wp-json\/wp\/v2\/product_cat?post=20156"},{"taxonomy":"product_tag","embeddable":true,"href":"https:\/\/piedranegra.net\/index.php\/wp-json\/wp\/v2\/product_tag?post=20156"}],"curies":[{"name":"wp","href":"https:\/\/api.w.org\/{rel}","templated":true}]}}