{"id":20287,"date":"2026-04-29T21:46:32","date_gmt":"2026-04-29T21:46:32","guid":{"rendered":"https:\/\/piedranegra.net\/?post_type=product&#038;p=20287"},"modified":"2026-04-29T21:49:22","modified_gmt":"2026-04-29T21:49:22","slug":"cocina-nh22rj003","status":"publish","type":"product","link":"https:\/\/piedranegra.net\/index.php\/product\/cocina-nh22rj003\/","title":{"rendered":"Cocina NH22RJ003"},"content":{"rendered":"<p>Potencia:<!--TgQPHd|[]--> Ofrece una potencia de 2300W<!--TgQPHd|[]--> por quemador (aproximadamente 16,000 BTU en total), lo que permite hervir agua y cocinar alimentos r\u00e1pidamente.<\/p>\n<p><span class=\"T286Pc\" data-sfc-cp=\"\" data-sfc-root=\"c\" data-sfc-cb=\"\" data-complete=\"true\" data-copy-service-computed-style=\"font-family: &quot;Google Sans&quot;, Arial, sans-serif; font-size: 16px; font-weight: 400; margin: 0px; text-decoration: none solid rgb(10, 10, 10); border-bottom: 0px none rgb(10, 10, 10);\">-Cuenta con un sistema de ignici\u00f3n piezoel\u00e9ctrica autom\u00e1tica<!--TgQPHd|[]--> en cada quemador, eliminando la necesidad de cerillas o encendedores.<!--TgQPHd|[]--><\/span><!--TgQPHd|[]--><\/p>\n<p><span class=\"T286Pc\" data-sfc-cp=\"\" data-sfc-root=\"c\" data-sfc-cb=\"\" data-complete=\"true\" data-copy-service-computed-style=\"font-family: &quot;Google Sans&quot;, Arial, sans-serif; font-size: 16px; font-weight: 400; margin: 0px; text-decoration: none solid rgb(10, 10, 10); border-bottom: 0px none rgb(10, 10, 10);\">-Construida con una combinaci\u00f3n de acero inoxidable<!--TgQPHd|[]-->, placa laminada en fr\u00edo e hierro, lo que le otorga resistencia a la corrosi\u00f3n y durabilidad en exteriores.<!--TgQPHd|[]--><\/span><!--TgQPHd|[]--><\/p>\n<p><span class=\"T286Pc\" data-sfc-cp=\"\" data-sfc-root=\"c\" data-sfc-cb=\"\" data-complete=\"true\" data-copy-service-computed-style=\"font-family: &quot;Google Sans&quot;, Arial, sans-serif; font-size: 16px; font-weight: 400; margin: 0px; text-decoration: none solid rgb(10, 10, 10); border-bottom: 0px none rgb(10, 10, 10);\">-Viene equipada con patas de goma antideslizantes para mayor seguridad sobre superficies planas.<!--TgQPHd|[]--><\/span><!--TgQPHd|[]--><\/p>\n<p><span class=\"T286Pc\" data-sfc-cp=\"\" data-sfc-root=\"c\" data-sfc-cb=\"\" data-complete=\"true\" aria-owns=\"action-menu-parent-container\" data-copy-service-computed-style=\"font-family: &quot;Google Sans&quot;, Arial, sans-serif; font-size: 16px; font-weight: 400; margin: 0px; text-decoration: none solid rgb(10, 10, 10); border-bottom: 0px none rgb(10, 10, 10);\">-Las rejillas y bandejas son desmontables, lo que facilita la limpieza despu\u00e9s de cocinar.<\/span><\/p>\n<p>-Incluye:<\/p>\n<ul>\n<li><span class=\"T286Pc\" data-sfc-cp=\"\" data-sfc-root=\"c\" data-sfc-cb=\"\" data-complete=\"true\" data-copy-service-computed-style=\"font-family: &quot;Google Sans&quot;, Arial, sans-serif; font-size: 16px; font-weight: 400; margin: 0px; text-decoration: none solid rgb(10, 10, 10); border-bottom: 0px none rgb(10, 10, 10);\">La estufa de gas de dos quemadores.<!--TgQPHd|[]--><\/span><!--TgQPHd|[]--><\/li>\n<li class=\"Z1qcYe\" data-sfc-cp=\"\" data-sfc-root=\"c\" data-sfc-cb=\"\" data-hveid=\"CAcQAQ\" data-complete=\"true\" data-sae=\"\" data-copy-service-computed-style=\"font-family: &quot;Google Sans&quot;, Arial, sans-serif; font-size: 16px; font-weight: 400; margin: 0px 0px 12px; text-decoration: none solid rgb(10, 10, 10); border-bottom: 0px none rgb(10, 10, 10);\"><span class=\"T286Pc\" data-sfc-cp=\"\" data-sfc-root=\"c\" data-sfc-cb=\"\" data-complete=\"true\" data-copy-service-computed-style=\"font-family: &quot;Google Sans&quot;, Arial, sans-serif; font-size: 16px; font-weight: 400; margin: 0px; text-decoration: none solid rgb(10, 10, 10); border-bottom: 0px none rgb(10, 10, 10);\">rejillas para barbacoa.<!--TgQPHd|[]--><\/span><!--TgQPHd|[]--><\/li>\n<li class=\"Z1qcYe\" data-sfc-cp=\"\" data-sfc-root=\"c\" data-sfc-cb=\"\" data-hveid=\"CAcQAg\" data-complete=\"true\" data-sae=\"\" data-copy-service-computed-style=\"font-family: &quot;Google Sans&quot;, Arial, sans-serif; font-size: 16px; font-weight: 400; margin: 0px 0px 12px; text-decoration: none solid rgb(10, 10, 10); border-bottom: 0px none rgb(10, 10, 10);\"><span class=\"T286Pc\" data-sfc-cp=\"\" data-sfc-root=\"c\" data-sfc-cb=\"\" data-complete=\"true\" data-copy-service-computed-style=\"font-family: &quot;Google Sans&quot;, Arial, sans-serif; font-size: 16px; font-weight: 400; margin: 0px; text-decoration: none solid rgb(10, 10, 10); border-bottom: 0px none rgb(10, 10, 10);\">Una bandeja antiadherente<!--TgQPHd|[]--> para hornear o asar (griddle).<!--TgQPHd|[]--><\/span><!--TgQPHd|[]--><\/li>\n<li class=\"Z1qcYe\" data-sfc-cp=\"\" data-sfc-root=\"c\" data-sfc-cb=\"\" data-hveid=\"CAcQAw\" data-sae=\"\" data-complete=\"true\" data-copy-service-computed-style=\"font-family: &quot;Google Sans&quot;, Arial, sans-serif; font-size: 16px; font-weight: 400; margin: 0px 0px 12px; text-decoration: none solid rgb(10, 10, 10); border-bottom: 0px none rgb(10, 10, 10);\"><span class=\"T286Pc\" data-sfc-cp=\"\" data-sfc-root=\"c\" data-sfc-cb=\"\" data-complete=\"true\" aria-owns=\"action-menu-parent-container\" data-copy-service-computed-style=\"font-family: &quot;Google Sans&quot;, Arial, sans-serif; font-size: 16px; font-weight: 400; margin: 0px; text-decoration: none solid rgb(10, 10, 10); border-bottom: 0px none rgb(10, 10, 10);\">Manguera de conexi\u00f3n de gas con conector para botes de rosca.<\/span><\/li>\n<\/ul>\n","protected":false},"excerpt":{"rendered":"<p>Potencia: Ofrece una potencia de 2300W por quemador (aproximadamente 16,000 BTU en total), lo que permite hervir agua y cocinar<\/p>\n","protected":false},"featured_media":20288,"comment_status":"open","ping_status":"closed","template":"","meta":[],"product_cat":[22,141,146],"product_tag":[],"class_list":{"0":"post-20287","1":"product","2":"type-product","3":"status-publish","4":"has-post-thumbnail","6":"product_cat-camping","7":"product_cat-cocinas","8":"product_cat-cuchillos-y-multifuncionales","10":"first","11":"instock","12":"taxable","13":"shipping-taxable","14":"purchasable","15":"product-type-simple"},"jetpack_sharing_enabled":true,"_links":{"self":[{"href":"https:\/\/piedranegra.net\/index.php\/wp-json\/wp\/v2\/product\/20287"}],"collection":[{"href":"https:\/\/piedranegra.net\/index.php\/wp-json\/wp\/v2\/product"}],"about":[{"href":"https:\/\/piedranegra.net\/index.php\/wp-json\/wp\/v2\/types\/product"}],"replies":[{"embeddable":true,"href":"https:\/\/piedranegra.net\/index.php\/wp-json\/wp\/v2\/comments?post=20287"}],"version-history":[{"count":4,"href":"https:\/\/piedranegra.net\/index.php\/wp-json\/wp\/v2\/product\/20287\/revisions"}],"predecessor-version":[{"id":20293,"href":"https:\/\/piedranegra.net\/index.php\/wp-json\/wp\/v2\/product\/20287\/revisions\/20293"}],"wp:featuredmedia":[{"embeddable":true,"href":"https:\/\/piedranegra.net\/index.php\/wp-json\/wp\/v2\/media\/20288"}],"wp:attachment":[{"href":"https:\/\/piedranegra.net\/index.php\/wp-json\/wp\/v2\/media?parent=20287"}],"wp:term":[{"taxonomy":"product_cat","embeddable":true,"href":"https:\/\/piedranegra.net\/index.php\/wp-json\/wp\/v2\/product_cat?post=20287"},{"taxonomy":"product_tag","embeddable":true,"href":"https:\/\/piedranegra.net\/index.php\/wp-json\/wp\/v2\/product_tag?post=20287"}],"curies":[{"name":"wp","href":"https:\/\/api.w.org\/{rel}","templated":true}]}}