{"id":20543,"date":"2026-05-05T23:41:47","date_gmt":"2026-05-05T23:41:47","guid":{"rendered":"https:\/\/piedranegra.net\/?post_type=product&#038;p=20543"},"modified":"2026-05-05T23:41:47","modified_gmt":"2026-05-05T23:41:47","slug":"olla-1-7l-cnk2450cf010-naturehike","status":"publish","type":"product","link":"https:\/\/piedranegra.net\/index.php\/product\/olla-1-7l-cnk2450cf010-naturehike\/","title":{"rendered":"Olla 1.7L CNK2450CF010 Naturehike"},"content":{"rendered":"<p>Cacerola t\u00e9cnica de aluminio dise\u00f1ada para cocinar al aire libre ideal para grupos de <strong class=\"Yjhzub\" data-sfc-root=\"c\" data-sfc-cb=\"\" data-complete=\"true\" data-processed=\"true\" data-copy-service-computed-style=\"font-family: &quot;Google Sans&quot;, Arial, sans-serif; font-size: 16px; font-weight: 600; margin: 0px; text-decoration: none solid rgb(10, 10, 10); border-bottom: 0px none rgb(10, 10, 10);\">3 a 4 personas<!--TgQPHd|[]--><\/strong>. Se destaca por su construcci\u00f3n ligera y su capacidad para distribuir el calor de manera uniforme, evitando que la comida se queme en la base.<\/p>\n<p>Fabricada en aleaci\u00f3n de aluminio 3003 de triple capa con una superficie de oxidaci\u00f3n dura que la hace resistente a la corrosi\u00f3n y f\u00e1cil de limpiar.<\/p>\n","protected":false},"excerpt":{"rendered":"<p>Cacerola t\u00e9cnica de aluminio dise\u00f1ada para cocinar al aire libre ideal para grupos de 3 a 4 personas. Se destaca<\/p>\n","protected":false},"featured_media":20544,"comment_status":"open","ping_status":"closed","template":"","meta":[],"product_cat":[22,141,146],"product_tag":[],"class_list":{"0":"post-20543","1":"product","2":"type-product","3":"status-publish","4":"has-post-thumbnail","6":"product_cat-camping","7":"product_cat-cocinas","8":"product_cat-cuchillos-y-multifuncionales","10":"first","11":"instock","12":"taxable","13":"shipping-taxable","14":"purchasable","15":"product-type-simple"},"jetpack_sharing_enabled":true,"_links":{"self":[{"href":"https:\/\/piedranegra.net\/index.php\/wp-json\/wp\/v2\/product\/20543"}],"collection":[{"href":"https:\/\/piedranegra.net\/index.php\/wp-json\/wp\/v2\/product"}],"about":[{"href":"https:\/\/piedranegra.net\/index.php\/wp-json\/wp\/v2\/types\/product"}],"replies":[{"embeddable":true,"href":"https:\/\/piedranegra.net\/index.php\/wp-json\/wp\/v2\/comments?post=20543"}],"version-history":[{"count":3,"href":"https:\/\/piedranegra.net\/index.php\/wp-json\/wp\/v2\/product\/20543\/revisions"}],"predecessor-version":[{"id":20548,"href":"https:\/\/piedranegra.net\/index.php\/wp-json\/wp\/v2\/product\/20543\/revisions\/20548"}],"wp:featuredmedia":[{"embeddable":true,"href":"https:\/\/piedranegra.net\/index.php\/wp-json\/wp\/v2\/media\/20544"}],"wp:attachment":[{"href":"https:\/\/piedranegra.net\/index.php\/wp-json\/wp\/v2\/media?parent=20543"}],"wp:term":[{"taxonomy":"product_cat","embeddable":true,"href":"https:\/\/piedranegra.net\/index.php\/wp-json\/wp\/v2\/product_cat?post=20543"},{"taxonomy":"product_tag","embeddable":true,"href":"https:\/\/piedranegra.net\/index.php\/wp-json\/wp\/v2\/product_tag?post=20543"}],"curies":[{"name":"wp","href":"https:\/\/api.w.org\/{rel}","templated":true}]}}