{"id":2697,"date":"2021-01-26T20:46:08","date_gmt":"2021-01-26T20:46:08","guid":{"rendered":"http:\/\/piedranegra.net\/?post_type=product&#038;p=2697"},"modified":"2024-08-10T20:04:54","modified_gmt":"2024-08-10T20:04:54","slug":"bogui-multifuncional-cod-409","status":"publish","type":"product","link":"https:\/\/piedranegra.net\/index.php\/product\/bogui-multifuncional-cod-409\/","title":{"rendered":"Bogui Multifuncional Cod: 409"},"content":{"rendered":"<p>Los Boguis MAS+ Piedra Negra son:<\/p>\n<ul>\n<li>&#8211; 100% microfibra de polyester.<\/li>\n<li>&#8211; SIN costuras &#8211; Protecci\u00f3n UV 30 FPS<\/li>\n<li>&#8211; y con m\u00e1s de 10 formas de como utilizarlas<\/li>\n<\/ul>\n<p>&nbsp;<\/p>\n<p>Puedes utilizar tus Boguis como cobertor para el rostro, bufanda, bandana, gorro, y muchas formas m\u00e1s.<\/p>\n<p>El Bogui +MAS tiene UPF30 de protecci\u00f3n solar y es confeccionada con 100% con microfibra de poli\u00e9ster, perfecta para ambos ambientes fr\u00edos o calientes.<\/p>\n<p>Tama\u00f1o 25x50cm<\/p>\n<p>Una talla que sirve par la mayor\u00eda, se pueden lavar con agua fr\u00eda y secado en secadora, no se lave junto a pa\u00f1os, para que no se le genere pelusa.<\/p>\n<p>&nbsp;<\/p>\n<p><img fetchpriority=\"high\" decoding=\"async\" class=\"alignnone size-medium wp-image-2629\" src=\"https:\/\/i0.wp.com\/piedranegra.net\/wp-content\/uploads\/2020\/12\/USOS.png?resize=300%2C184\" alt=\"\" width=\"300\" height=\"184\" srcset=\"https:\/\/i0.wp.com\/piedranegra.net\/wp-content\/uploads\/2020\/12\/USOS.png?resize=300%2C184&amp;ssl=1 300w, https:\/\/i0.wp.com\/piedranegra.net\/wp-content\/uploads\/2020\/12\/USOS.png?resize=1024%2C628&amp;ssl=1 1024w, https:\/\/i0.wp.com\/piedranegra.net\/wp-content\/uploads\/2020\/12\/USOS.png?resize=768%2C471&amp;ssl=1 768w, https:\/\/i0.wp.com\/piedranegra.net\/wp-content\/uploads\/2020\/12\/USOS.png?resize=1536%2C942&amp;ssl=1 1536w, https:\/\/i0.wp.com\/piedranegra.net\/wp-content\/uploads\/2020\/12\/USOS.png?resize=2048%2C1256&amp;ssl=1 2048w, https:\/\/i0.wp.com\/piedranegra.net\/wp-content\/uploads\/2020\/12\/USOS.png?resize=600%2C368&amp;ssl=1 600w\" sizes=\"(max-width: 300px) 100vw, 300px\" data-recalc-dims=\"1\" \/><\/p>\n","protected":false},"excerpt":{"rendered":"<p>Bogui Multifuncional<\/p>\n<p>&nbsp;<\/p>\n<p><img fetchpriority=\"high\" decoding=\"async\" class=\"alignnone size-medium wp-image-2629\" src=\"http:\/\/piedranegra.net\/wp-content\/uploads\/2020\/12\/USOS-300x184.png\" alt=\"\" width=\"300\" height=\"184\" srcset=\"https:\/\/i0.wp.com\/piedranegra.net\/wp-content\/uploads\/2020\/12\/USOS.png?resize=300%2C184&amp;ssl=1 300w, https:\/\/i0.wp.com\/piedranegra.net\/wp-content\/uploads\/2020\/12\/USOS.png?resize=1024%2C628&amp;ssl=1 1024w, https:\/\/i0.wp.com\/piedranegra.net\/wp-content\/uploads\/2020\/12\/USOS.png?resize=768%2C471&amp;ssl=1 768w, https:\/\/i0.wp.com\/piedranegra.net\/wp-content\/uploads\/2020\/12\/USOS.png?resize=1536%2C942&amp;ssl=1 1536w, https:\/\/i0.wp.com\/piedranegra.net\/wp-content\/uploads\/2020\/12\/USOS.png?resize=2048%2C1256&amp;ssl=1 2048w, https:\/\/i0.wp.com\/piedranegra.net\/wp-content\/uploads\/2020\/12\/USOS.png?resize=600%2C368&amp;ssl=1 600w\" sizes=\"(max-width: 300px) 100vw, 300px\" \/><\/p>\n","protected":false},"featured_media":3483,"comment_status":"open","ping_status":"closed","template":"","meta":[],"product_cat":[99,97],"product_tag":[76,158],"class_list":{"0":"post-2697","1":"product","2":"type-product","3":"status-publish","4":"has-post-thumbnail","6":"product_cat-lisos","7":"product_cat-oscuros","8":"product_tag-montana","9":"product_tag-senderismo","10":"product_shipping_class-boguis","12":"first","13":"instock","14":"taxable","15":"shipping-taxable","16":"purchasable","17":"product-type-variable"},"jetpack_sharing_enabled":true,"_links":{"self":[{"href":"https:\/\/piedranegra.net\/index.php\/wp-json\/wp\/v2\/product\/2697"}],"collection":[{"href":"https:\/\/piedranegra.net\/index.php\/wp-json\/wp\/v2\/product"}],"about":[{"href":"https:\/\/piedranegra.net\/index.php\/wp-json\/wp\/v2\/types\/product"}],"replies":[{"embeddable":true,"href":"https:\/\/piedranegra.net\/index.php\/wp-json\/wp\/v2\/comments?post=2697"}],"version-history":[{"count":1,"href":"https:\/\/piedranegra.net\/index.php\/wp-json\/wp\/v2\/product\/2697\/revisions"}],"predecessor-version":[{"id":16224,"href":"https:\/\/piedranegra.net\/index.php\/wp-json\/wp\/v2\/product\/2697\/revisions\/16224"}],"wp:featuredmedia":[{"embeddable":true,"href":"https:\/\/piedranegra.net\/index.php\/wp-json\/wp\/v2\/media\/3483"}],"wp:attachment":[{"href":"https:\/\/piedranegra.net\/index.php\/wp-json\/wp\/v2\/media?parent=2697"}],"wp:term":[{"taxonomy":"product_cat","embeddable":true,"href":"https:\/\/piedranegra.net\/index.php\/wp-json\/wp\/v2\/product_cat?post=2697"},{"taxonomy":"product_tag","embeddable":true,"href":"https:\/\/piedranegra.net\/index.php\/wp-json\/wp\/v2\/product_tag?post=2697"}],"curies":[{"name":"wp","href":"https:\/\/api.w.org\/{rel}","templated":true}]}}