{"id":3521,"date":"2023-08-03T19:56:05","date_gmt":"2023-08-03T19:56:05","guid":{"rendered":"http:\/\/piedranegra.net\/index.php\/product\/import-placeholder-for-5003\/"},"modified":"2026-05-05T21:14:46","modified_gmt":"2026-05-05T21:14:46","slug":"chaleco-aonijie-e913s","status":"publish","type":"product","link":"https:\/\/piedranegra.net\/index.php\/product\/chaleco-aonijie-e913s\/","title":{"rendered":"CHALECO AONIJIE E913S"},"content":{"rendered":"<p>Chaleco de hidrataci\u00f3n de 5L dise\u00f1ado para trail running, maratones, y entrenamientos de fondo, es valorado por su ligereza y dise\u00f1o ergon\u00f3mico que minimiza el rebote durante la carrera<\/p>\n<p><span class=\"T286Pc\" data-sfc-cp=\"\" data-sfc-root=\"c\" data-sfc-cb=\"\" data-complete=\"true\" data-copy-service-computed-style=\"font-family: &quot;Google Sans&quot;, Arial, sans-serif; font-size: 16px; font-weight: 400; margin: 0px; text-decoration: none solid rgb(10, 10, 10); border-bottom: 0px none rgb(10, 10, 10);\">-El dise\u00f1o de malla ventilada evita la acumulaci\u00f3n de calor y el sudor excesivo contra la piel.<!--TgQPHd|[]--><\/span><!--TgQPHd|[]--><\/p>\n<p><span class=\"T286Pc\" data-sfc-cp=\"\" data-sfc-root=\"c\" data-sfc-cb=\"\" data-complete=\"true\" data-copy-service-computed-style=\"font-family: &quot;Google Sans&quot;, Arial, sans-serif; font-size: 16px; font-weight: 400; margin: 0px; text-decoration: none solid rgb(10, 10, 10); border-bottom: 0px none rgb(10, 10, 10);\">-Incluye detalles reflectantes para mejorar la visibilidad en condiciones de poca luz.<!--TgQPHd|[]--><\/span><!--TgQPHd|[]--><\/p>\n<p><span class=\"T286Pc\" data-sfc-cp=\"\" data-sfc-root=\"c\" data-sfc-cb=\"\" data-complete=\"true\" aria-owns=\"action-menu-parent-container\" data-copy-service-computed-style=\"font-family: &quot;Google Sans&quot;, Arial, sans-serif; font-size: 16px; font-weight: 400; margin: 0px; text-decoration: none solid rgb(10, 10, 10); border-bottom: 0px none rgb(10, 10, 10);\">&#8211; Aunque es ideal para correr, su dise\u00f1o permite usarlo en ciclismo o senderismo ligero.<\/span><\/p>\n","protected":false},"excerpt":{"rendered":"<p>Chaleco de hidrataci\u00f3n de 5L dise\u00f1ado para trail running, maratones, y entrenamientos de fondo, es valorado por su ligereza y<\/p>\n","protected":false},"featured_media":20520,"comment_status":"open","ping_status":"closed","template":"","meta":[],"product_cat":[116,21],"product_tag":[162],"class_list":{"0":"post-3521","1":"product","2":"type-product","3":"status-publish","4":"has-post-thumbnail","6":"product_cat-chalecos","7":"product_cat-trailrunning","8":"product_tag-trail-running-hidratacion-senderismo","10":"first","11":"instock","12":"taxable","13":"shipping-taxable","14":"purchasable","15":"product-type-variable"},"jetpack_sharing_enabled":true,"_links":{"self":[{"href":"https:\/\/piedranegra.net\/index.php\/wp-json\/wp\/v2\/product\/3521"}],"collection":[{"href":"https:\/\/piedranegra.net\/index.php\/wp-json\/wp\/v2\/product"}],"about":[{"href":"https:\/\/piedranegra.net\/index.php\/wp-json\/wp\/v2\/types\/product"}],"replies":[{"embeddable":true,"href":"https:\/\/piedranegra.net\/index.php\/wp-json\/wp\/v2\/comments?post=3521"}],"version-history":[{"count":3,"href":"https:\/\/piedranegra.net\/index.php\/wp-json\/wp\/v2\/product\/3521\/revisions"}],"predecessor-version":[{"id":20515,"href":"https:\/\/piedranegra.net\/index.php\/wp-json\/wp\/v2\/product\/3521\/revisions\/20515"}],"wp:featuredmedia":[{"embeddable":true,"href":"https:\/\/piedranegra.net\/index.php\/wp-json\/wp\/v2\/media\/20520"}],"wp:attachment":[{"href":"https:\/\/piedranegra.net\/index.php\/wp-json\/wp\/v2\/media?parent=3521"}],"wp:term":[{"taxonomy":"product_cat","embeddable":true,"href":"https:\/\/piedranegra.net\/index.php\/wp-json\/wp\/v2\/product_cat?post=3521"},{"taxonomy":"product_tag","embeddable":true,"href":"https:\/\/piedranegra.net\/index.php\/wp-json\/wp\/v2\/product_tag?post=3521"}],"curies":[{"name":"wp","href":"https:\/\/api.w.org\/{rel}","templated":true}]}}