{"id":3536,"date":"2023-08-03T19:56:06","date_gmt":"2023-08-03T19:56:06","guid":{"rendered":"http:\/\/piedranegra.net\/index.php\/product\/import-placeholder-for-5030\/"},"modified":"2025-03-13T20:56:58","modified_gmt":"2025-03-13T20:56:58","slug":"pano-microfibra-nh20fs009-160x80","status":"publish","type":"product","link":"https:\/\/piedranegra.net\/index.php\/product\/pano-microfibra-nh20fs009-160x80\/","title":{"rendered":"Pa\u00f1o Microfibra NH20FS009 160&#215;80"},"content":{"rendered":"<p>Naturehike-Toalla de microfibra para playa, toalla deportiva para gimnasio, nataci\u00f3n, ba\u00f1o, Camping, secado r\u00e1pido,con bolsillo para senderismo<\/p>\n","protected":false},"excerpt":{"rendered":"<p>Naturehike-Toalla de microfibra para playa, toalla deportiva para gimnasio, nataci\u00f3n, ba\u00f1o, Camping, secado r\u00e1pido,con bolsillo para senderismo<\/p>\n","protected":false},"featured_media":3566,"comment_status":"open","ping_status":"closed","template":"","meta":[],"product_cat":[22,23,144],"product_tag":[170],"class_list":{"0":"post-3536","1":"product","2":"type-product","3":"status-publish","4":"has-post-thumbnail","6":"product_cat-camping","7":"product_cat-senderismo","8":"product_cat-accesorios-hiking","9":"product_tag-viaje-pano","11":"first","12":"instock","13":"taxable","14":"shipping-taxable","15":"purchasable","16":"product-type-variable"},"jetpack_sharing_enabled":true,"_links":{"self":[{"href":"https:\/\/piedranegra.net\/index.php\/wp-json\/wp\/v2\/product\/3536"}],"collection":[{"href":"https:\/\/piedranegra.net\/index.php\/wp-json\/wp\/v2\/product"}],"about":[{"href":"https:\/\/piedranegra.net\/index.php\/wp-json\/wp\/v2\/types\/product"}],"replies":[{"embeddable":true,"href":"https:\/\/piedranegra.net\/index.php\/wp-json\/wp\/v2\/comments?post=3536"}],"version-history":[{"count":2,"href":"https:\/\/piedranegra.net\/index.php\/wp-json\/wp\/v2\/product\/3536\/revisions"}],"predecessor-version":[{"id":19001,"href":"https:\/\/piedranegra.net\/index.php\/wp-json\/wp\/v2\/product\/3536\/revisions\/19001"}],"wp:featuredmedia":[{"embeddable":true,"href":"https:\/\/piedranegra.net\/index.php\/wp-json\/wp\/v2\/media\/3566"}],"wp:attachment":[{"href":"https:\/\/piedranegra.net\/index.php\/wp-json\/wp\/v2\/media?parent=3536"}],"wp:term":[{"taxonomy":"product_cat","embeddable":true,"href":"https:\/\/piedranegra.net\/index.php\/wp-json\/wp\/v2\/product_cat?post=3536"},{"taxonomy":"product_tag","embeddable":true,"href":"https:\/\/piedranegra.net\/index.php\/wp-json\/wp\/v2\/product_tag?post=3536"}],"curies":[{"name":"wp","href":"https:\/\/api.w.org\/{rel}","templated":true}]}}